{"id":330686,"date":"2022-09-06T21:58:50","date_gmt":"2024-04-12T12:00:47","guid":{"rendered":"https:\/\/www.moskito.cz\/produkt\/cuchillo-de-cierre-crkt-facet-k230xxp\/"},"modified":"2025-05-07T11:10:22","modified_gmt":"2025-05-07T10:10:22","slug":"cuchillo-de-cierre-crkt-facet-k230xxp","status":"publish","type":"product","link":"https:\/\/www.moskito.cz\/es\/produkt\/cuchillo-de-cierre-crkt-facet-k230xxp\/","title":{"rendered":"Cuchillo de cierre CRKT FACET K230XXP"},"content":{"rendered":"<div class=\"flex-1 overflow-hidden @container\/thread\">\n<div class=\"h-full\">\n<div class=\"react-scroll-to-bottom--css-vxybp-79elbk h-full\">\n<div class=\"react-scroll-to-bottom--css-vxybp-1n7m0yu\">\n<div class=\"flex flex-col text-sm md:pb-9\">\n<article class=\"w-full scroll-mb-[var(--thread-trailing-height,150px)] text-token-text-primary focus-visible:outline-2 focus-visible:outline-offset-[-4px]\" dir=\"auto\" data-testid=\"conversation-turn-175\" data-scroll-anchor=\"true\">\n<div class=\"m-auto text-base py-[18px] px-3 md:px-4 w-full md:px-5 lg:px-4 xl:px-5\">\n<div class=\"mx-auto flex flex-1 gap-4 text-base md:gap-5 lg:gap-6 md:max-w-3xl\">\n<div class=\"group\/conversation-turn relative flex w-full min-w-0 flex-col agent-turn\">\n<div class=\"flex-col gap-1 md:gap-3\">\n<div class=\"flex max-w-full flex-col flex-grow\">\n<div class=\"min-h-8 text-message flex w-full flex-col items-end gap-2 whitespace-normal break-words text-start [.text-message+&amp;]:mt-5\" dir=\"auto\" data-message-author-role=\"assistant\" data-message-id=\"e55cc375-bb52-44ba-bb4f-c5f2fdf8afca\" data-message-model-slug=\"gpt-4o-mini\">\n<div class=\"flex w-full flex-col gap-1 empty:hidden first:pt-[3px]\">\n<div class=\"markdown prose w-full break-words dark:prose-invert light\">\n<p><strong>El cuchillo plegable CRKT FACET K230XXP<\/strong> es un cuchillo elegante, pr\u00e1ctico y potente para el uso diario, dise\u00f1ado por el dise\u00f1ador de renombre mundial <strong>Ken Onion<\/strong> . Este cuchillo es un gran ejemplo de <strong>dise\u00f1o minimalista<\/strong> , que combina sin concesiones <strong>la est\u00e9tica moderna<\/strong> con <strong>una alta funcionalidad<\/strong> . Facet\u2122 es la elecci\u00f3n ideal para quienes buscan <strong>una calidad de caballero<\/strong> con un rendimiento excelente en el uso diario.  <\/p>\n<h3>Caracter\u00edsticas y beneficios clave:<\/h3>\n<ol>\n<li><strong>Dise\u00f1o minimalista para los tiempos modernos<\/strong> :\n<ul>\n<li>Facet\u2122 es <strong>elegante y discreto<\/strong> , pero aun as\u00ed ofrece <strong>un rendimiento excelente<\/strong> para las tareas cotidianas.<\/li>\n<li>Su nombre deriva de la palabra \u201cfaceta\u201d, que significa <strong>una peque\u00f1a superficie plana<\/strong> , en referencia a su apariencia simple pero dise\u00f1ada con precisi\u00f3n.<\/li>\n<\/ul>\n<\/li>\n<li><strong>Alto rendimiento con apertura asistida<\/strong> :\n<ul>\n<li><strong>La apertura asistida<\/strong> <strong>por cojinetes de bolas IKBS\u2122<\/strong> permite una <strong>apertura r\u00e1pida, suave y sencilla<\/strong> del cuchillo con una mano. La hoja se abre autom\u00e1ticamente tan pronto como comienza a moverse gracias a un movimiento de rotaci\u00f3n recto, lo que hace que el cuchillo est\u00e9 listo para cualquier tarea al instante. <\/li>\n<li><strong>El bloqueo del marco<\/strong> garantiza que la hoja est\u00e9 bloqueada de forma segura durante el uso, por lo que no tendr\u00e1 que preocuparse de que se abra durante un uso intensivo.<\/li>\n<\/ul>\n<\/li>\n<li><strong>Construcci\u00f3n y material de la hoja<\/strong> :\n<ul>\n<li><strong>Longitud de la hoja<\/strong> : 3,37&#8243; (85,70 mm): ideal para una amplia gama de tareas de corte diarias.<\/li>\n<li><strong>Material de la hoja<\/strong> : <strong>acero D2<\/strong> , que es altamente <strong>resistente al desgaste<\/strong> y <strong>mantiene el filo<\/strong> , con excelente <strong>resistencia a la corrosi\u00f3n<\/strong> .<\/li>\n<li><strong>Acabado de la hoja<\/strong> : <strong>El acabado satinado<\/strong> le da a la hoja una apariencia elegante sin afectar su rendimiento.<\/li>\n<li><strong>Grosor de la hoja<\/strong> : 0,12&#8243; (3,15 mm) &#8211; La hoja tiene suficiente resistencia para las tareas comunes sin ser demasiado robusta para el uso diario.<\/li>\n<\/ul>\n<\/li>\n<li><strong>Mango ergon\u00f3mico para un agarre seguro<\/strong> :\n<ul>\n<li><strong>El mango de acero inoxidable<\/strong> est\u00e1 dise\u00f1ado para <strong>proporcionar un agarre firme y c\u00f3modo<\/strong> durante el uso.<\/li>\n<li><strong>Las l\u00edneas rectas y curvas<\/strong> del mango garantizan que el cuchillo se asiente c\u00f3modamente en la mano y <strong>minimizan la fatiga<\/strong> durante el uso prolongado.<\/li>\n<\/ul>\n<\/li>\n<li><strong>Transporte pr\u00e1ctico<\/strong> :\n<ul>\n<li><strong>El tama\u00f1o compacto<\/strong> (longitud total 7,69&#8243; \/ 195,28 mm, longitud cerrada 4,32&#8243; \/ 109,68 mm) hace que el cuchillo sea f\u00e1cil de llevar en un bolsillo o en un cintur\u00f3n.<\/li>\n<li><strong>Peso<\/strong> : 3,90 oz (110,56 g): lo suficientemente liviano para el uso diario sin agregar peso innecesario.<\/li>\n<li><strong>El clip de bolsillo profundo<\/strong> le permite <strong>llevar el cuchillo de manera f\u00e1cil y segura<\/strong> , ya sea que lo lleve en su bolsillo o en su cintur\u00f3n.<\/li>\n<\/ul>\n<\/li>\n<li><strong>Sencillez y funcionalidad en armon\u00eda<\/strong> :\n<ul>\n<li><strong>Cada curva y \u00e1ngulo<\/strong> est\u00e1 <strong>dise\u00f1ado estrat\u00e9gicamente<\/strong> para brindar no solo una apariencia excelente sino tambi\u00e9n <strong>un alto rendimiento<\/strong> en el uso diario.<\/li>\n<\/ul>\n<\/li>\n<\/ol>\n<h3>C\u00f3mo funciona la apertura asistida:<\/h3>\n<ol>\n<li><strong>La apertura asistida<\/strong> significa que el cuchillo est\u00e1 cerrado de forma segura y se abre autom\u00e1ticamente cuando mueves la mano.<\/li>\n<li>Basta con <strong>empujar la cuchilla<\/strong> y, gracias al <strong>sistema de cojinetes de bolas<\/strong> y al mecanismo asistido, la cuchilla se abre r\u00e1pidamente a la posici\u00f3n de trabajo.<\/li>\n<li>Una vez que se abre la hoja, <strong>el bloqueo del marco<\/strong> se bloquea en su lugar, lo que garantiza que el cuchillo sea seguro de usar.<\/li>\n<\/ol>\n<h3>Especificaciones:<\/h3>\n<ul>\n<li><strong>Longitud de la hoja<\/strong> : 3,37&#8243; (85,70 mm)<\/li>\n<li><strong>Filo de la hoja<\/strong> : liso<\/li>\n<li><strong>Material de la hoja<\/strong> : <strong>acero D2<\/strong><\/li>\n<li><strong>Tratamiento superficial de la hoja<\/strong> : <strong>Satinado<\/strong><\/li>\n<li><strong>Grosor de la hoja<\/strong> : 0,12&#8243; (3,15 mm)<\/li>\n<li><strong>Longitud total<\/strong> : 7,69&#8243; (195,28 mm)<\/li>\n<li><strong>Longitud cerrada<\/strong> : 4,32&#8243; (109,68 mm)<\/li>\n<li><strong>Peso<\/strong> : 3,90 oz (110,56 g)<\/li>\n<li><strong>Mango<\/strong> : <strong>acero inoxidable<\/strong><\/li>\n<li><strong>Estilo<\/strong> : <strong>Navaja plegable asistida<\/strong> con bloqueo de marco.<\/li>\n<\/ul>\n<h3>Resumen:<\/h3>\n<p><strong>El cuchillo plegable CRKT Facet K230XXP<\/strong> es <strong>un gran ejemplo de simplicidad y eficiencia<\/strong> . Dise\u00f1ado por Ken Onion, este cuchillo ofrece <strong>un alto rendimiento<\/strong> , <strong>un dise\u00f1o elegante<\/strong> y <strong>una apertura asistida<\/strong> que facilita el uso diario. <strong>El acero D2<\/strong> y <strong>el sistema de cojinetes de bolas IKBS\u2122<\/strong> garantizan la larga vida \u00fatil y la confiabilidad del cuchillo. Es ideal para <strong>caballeros<\/strong> que desean un cuchillo elegante y funcional para el d\u00eda a d\u00eda con <strong>un alto nivel de seguridad<\/strong> y <strong>facilidad de transporte<\/strong> .  <\/p>\n<\/div>\n<\/div>\n<\/div>\n<\/div>\n<div class=\"mb-2 flex gap-3 empty:hidden -ml-2\">\n<div class=\"items-center justify-start rounded-xl p-1 flex\">\n<div class=\"flex items-center\"><\/div>\n<\/div>\n<\/div>\n<div class=\"pr-2 lg:pr-0\"><\/div>\n<\/div>\n<\/div>\n<\/div>\n<\/div>\n<\/article>\n<\/div>\n<\/div>\n<\/div>\n<\/div>\n<\/div>\n<p><iframe title=\"CRKT FACET\u2122 | Ken Onion Design\" width=\"800\" height=\"450\" src=\"https:\/\/www.youtube.com\/embed\/GOX4q971Bms?feature=oembed\" frameborder=\"0\" allow=\"accelerometer; autoplay; clipboard-write; encrypted-media; gyroscope; picture-in-picture; web-share\" referrerpolicy=\"strict-origin-when-cross-origin\" allowfullscreen><\/iframe><\/p>\n<p>&nbsp;<\/p>\n","protected":false},"excerpt":{"rendered":"<div class=\"flex max-w-full flex-col flex-grow\">\n<div class=\"min-h-8 text-message flex w-full flex-col items-end gap-2 whitespace-normal break-words text-start [.text-message+&amp;]:mt-5\" dir=\"auto\" data-message-author-role=\"assistant\" data-message-id=\"e55cc375-bb52-44ba-bb4f-c5f2fdf8afca\" data-message-model-slug=\"gpt-4o-mini\">\n<div class=\"flex w-full flex-col gap-1 empty:hidden first:pt-[3px]\">\n<div class=\"markdown prose w-full break-words dark:prose-invert light\">\n<p><strong>El cuchillo plegable CRKT Facet K230XXP es un gran ejemplo de simplicidad y eficiencia. Dise\u00f1ado por Ken Onion, este cuchillo ofrece alto rendimiento, un dise\u00f1o elegante y una apertura asistida que facilita el uso diario. El acero D2 y el sistema de cojinetes de bolas IKBS\u2122 garantizan la larga vida \u00fatil y la confiabilidad del cuchillo. Es ideal para caballeros que desean un cuchillo elegante y funcional para el d\u00eda a d\u00eda con un alto nivel de seguridad y facilidad de transporte.   <\/strong><\/p>\n<\/div>\n<\/div>\n<\/div>\n<\/div>\n<div class=\"mb-2 flex gap-3 empty:hidden -ml-2\">\n<div class=\"items-center justify-start rounded-xl p-1 flex\">\n<div class=\"flex items-center\"><\/div>\n<\/div>\n<\/div>\n","protected":false},"featured_media":330687,"comment_status":"open","ping_status":"closed","template":"","meta":[],"pwb-brand":[3765],"product_brand":[],"product_cat":[3730,3726],"product_tag":[3756],"class_list":{"0":"post-330686","1":"product","2":"type-product","3":"status-publish","4":"has-post-thumbnail","6":"pwb-brand-crkt-es","7":"product_cat-cuchillas-de-cierre","8":"product_cat-cuchillos","9":"product_tag-b2b-es","11":"first","12":"instock","13":"sale","14":"taxable","15":"shipping-taxable","16":"purchasable","17":"product-type-simple"},"brands":[{"id":3765,"name":"CRKT","slug":"crkt-es"}],"_links":{"self":[{"href":"https:\/\/www.moskito.cz\/es\/wp-json\/wp\/v2\/product\/330686","targetHints":{"allow":["GET"]}}],"collection":[{"href":"https:\/\/www.moskito.cz\/es\/wp-json\/wp\/v2\/product"}],"about":[{"href":"https:\/\/www.moskito.cz\/es\/wp-json\/wp\/v2\/types\/product"}],"replies":[{"embeddable":true,"href":"https:\/\/www.moskito.cz\/es\/wp-json\/wp\/v2\/comments?post=330686"}],"wp:featuredmedia":[{"embeddable":true,"href":"https:\/\/www.moskito.cz\/es\/wp-json\/wp\/v2\/media\/330687"}],"wp:attachment":[{"href":"https:\/\/www.moskito.cz\/es\/wp-json\/wp\/v2\/media?parent=330686"}],"wp:term":[{"taxonomy":"pwb-brand","embeddable":true,"href":"https:\/\/www.moskito.cz\/es\/wp-json\/wp\/v2\/pwb-brand?post=330686"},{"taxonomy":"product_brand","embeddable":true,"href":"https:\/\/www.moskito.cz\/es\/wp-json\/wp\/v2\/product_brand?post=330686"},{"taxonomy":"product_cat","embeddable":true,"href":"https:\/\/www.moskito.cz\/es\/wp-json\/wp\/v2\/product_cat?post=330686"},{"taxonomy":"product_tag","embeddable":true,"href":"https:\/\/www.moskito.cz\/es\/wp-json\/wp\/v2\/product_tag?post=330686"}],"curies":[{"name":"wp","href":"https:\/\/api.w.org\/{rel}","templated":true}]}}