{"id":330716,"date":"2021-08-16T20:38:11","date_gmt":"2024-04-12T12:11:45","guid":{"rendered":"https:\/\/www.moskito.cz\/produkt\/cuchillo-civivi-dogma-cierre\/"},"modified":"2025-05-07T11:10:23","modified_gmt":"2025-05-07T10:10:23","slug":"cuchillo-civivi-dogma-cierre","status":"publish","type":"product","link":"https:\/\/www.moskito.cz\/es\/produkt\/cuchillo-civivi-dogma-cierre\/","title":{"rendered":"Cuchillo Civivi Dogma Cierre"},"content":{"rendered":"<p>Cuchillo <strong>Civivi<\/strong> Dogma Cierre.<\/p>\n<p>Longitud total: 7,7&#8243;\/195,7 mm<br \/>\nLongitud de la hoja: 3,46&#8243;\/88 mm<br \/>\nLongitud cerrado: 107,7 mm<br \/>\nGrosor de la hoja: 0,12 pulgadas\/3 mm<br \/>\nGrosor del mango: 0,47 pulgadas\/12 mm<br \/>\nPeso: 5,01 oz\/144g<\/p>\n<p>Material de la hoja: D2<br \/>\nDureza de la hoja: 59-61HRC<br \/>\nMolienda de hoja: hueca<br \/>\nTratamiento superficial de la hoja: satinado.<\/p>\n<p>Material del mango: lat\u00f3n<br \/>\nColor\/acabado del mango: negro pulido.<br \/>\nMaterial del espaciador trasero: G10<br \/>\nColor\/Acabado del espaciador trasero: Negro<br \/>\nMaterial de inserci\u00f3n: acero inoxidable<br \/>\nColor\/acabado del forro: Gris<\/p>\n<p>Clip de bolsillo: abatible, L\/R<br \/>\nMaterial del clip: acero inoxidable<br \/>\nMaterial de los tornillos: acero inoxidable<br \/>\nConjunto de pasador: rodamiento de bolas cer\u00e1mico con jaula.<br \/>\nMecanismo de bloqueo: Liner Lock<\/p>\n<p>Dise\u00f1ador: CIVIVI<\/p>\n<p><strong>Nosotros cuchillo<\/strong> Co. Limitado. (WE) se ha ganado la reputaci\u00f3n de ofrecer constantemente dise\u00f1os innovadores producidos con una alta calidad constante a trav\u00e9s de una historia de entrega constante de productos exitosos. Gracias a ello, WE se ha consolidado como el mayor fabricante chino de cuchillos de calidad.<\/p>\n<p>En respuesta a las necesidades del mercado, presentamos la marca CIVIVI en 2018, que se enfoca espec\u00edficamente en ofrecer l\u00edneas de productos EDC funcionales y utilitarios a precios m\u00e1s asequibles.<\/p>\n<p>Combinando los valores fundamentales de WE de dise\u00f1o innovador y fabricaci\u00f3n de calidad con materiales como G10, capas de carbono y D2, acero inoxidable y Damasco, los productos CIVIVI brindan a sus usuarios valor y rendimiento sin compromiso.<\/p>\n<p>Los cuchillos CIVIVI se ven bien, se sienten bien, funcionan bien y hacen el trabajo. Al igual que sus hermanos WE Knife, est\u00e1n <strong>\u00abHECHOS MEJORES\u00bb<\/strong><\/p>\n","protected":false},"excerpt":{"rendered":"<p>La marca <strong>CIVIVI<\/strong> lleva m\u00e1s de 20 a\u00f1os en el mercado y produce los cuchillos m\u00e1s diversos y de mayor calidad a precios m\u00e1s asequibles.<\/p>\n","protected":false},"featured_media":330717,"comment_status":"open","ping_status":"closed","template":"","meta":[],"pwb-brand":[3858],"product_brand":[],"product_cat":[3730,3726],"product_tag":[],"class_list":{"0":"post-330716","1":"product","2":"type-product","3":"status-publish","4":"has-post-thumbnail","6":"pwb-brand-cuchillo-civivi","7":"product_cat-cuchillas-de-cierre","8":"product_cat-cuchillos","10":"first","11":"outofstock","12":"taxable","13":"shipping-taxable","14":"purchasable","15":"product-type-simple"},"brands":[{"id":3858,"name":"Cuchillo CIVIVI","slug":"cuchillo-civivi"}],"_links":{"self":[{"href":"https:\/\/www.moskito.cz\/es\/wp-json\/wp\/v2\/product\/330716","targetHints":{"allow":["GET"]}}],"collection":[{"href":"https:\/\/www.moskito.cz\/es\/wp-json\/wp\/v2\/product"}],"about":[{"href":"https:\/\/www.moskito.cz\/es\/wp-json\/wp\/v2\/types\/product"}],"replies":[{"embeddable":true,"href":"https:\/\/www.moskito.cz\/es\/wp-json\/wp\/v2\/comments?post=330716"}],"wp:featuredmedia":[{"embeddable":true,"href":"https:\/\/www.moskito.cz\/es\/wp-json\/wp\/v2\/media\/330717"}],"wp:attachment":[{"href":"https:\/\/www.moskito.cz\/es\/wp-json\/wp\/v2\/media?parent=330716"}],"wp:term":[{"taxonomy":"pwb-brand","embeddable":true,"href":"https:\/\/www.moskito.cz\/es\/wp-json\/wp\/v2\/pwb-brand?post=330716"},{"taxonomy":"product_brand","embeddable":true,"href":"https:\/\/www.moskito.cz\/es\/wp-json\/wp\/v2\/product_brand?post=330716"},{"taxonomy":"product_cat","embeddable":true,"href":"https:\/\/www.moskito.cz\/es\/wp-json\/wp\/v2\/product_cat?post=330716"},{"taxonomy":"product_tag","embeddable":true,"href":"https:\/\/www.moskito.cz\/es\/wp-json\/wp\/v2\/product_tag?post=330716"}],"curies":[{"name":"wp","href":"https:\/\/api.w.org\/{rel}","templated":true}]}}