{"id":330811,"date":"2023-11-28T21:52:05","date_gmt":"2023-11-28T20:52:05","guid":{"rendered":"https:\/\/www.moskito.cz\/produkt\/cuchillo-de-cierre-spyderco-clipitool-c208gp\/"},"modified":"2024-04-12T13:17:27","modified_gmt":"2024-04-12T12:17:27","slug":"cuchillo-de-cierre-spyderco-clipitool-c208gp","status":"publish","type":"product","link":"https:\/\/www.moskito.cz\/es\/produkt\/cuchillo-de-cierre-spyderco-clipitool-c208gp\/","title":{"rendered":"Cuchillo de cierre Spyderco ClipiTool C208GP"},"content":{"rendered":"<p>Cuchillo de cierre <strong>Spyderco<\/strong> ClipiTool C208GP<\/p>\n<p>ClipiTool<br \/>\nLa navaja de bolsillo multihoja m\u00e1s antigua que se conoce fue desarrollada por los romanos alrededor del a\u00f1o 200 d.C. Inclu\u00eda una cuchara plegable, una cuchilla, una p\u00faa, un tenedor, una esp\u00e1tula y un palillo y estaba literalmente adelantado siglos a su tiempo en muchos sentidos.<\/p>\n<p>Las navajas de bolsillo de m\u00faltiples hojas actuales ofrecen una versatilidad asombrosa en un paquete compacto y extremadamente asequible. Van desde dise\u00f1os b\u00e1sicos como el cl\u00e1sico cuchillo Boy Scout hasta sofisticadas herramientas plegables que ofrecen m\u00e1s de 30 funciones diferentes. Sin embargo, a pesar de su utilidad, los dise\u00f1os convencionales de m\u00faltiples palas adolecen de las mismas limitaciones. Las m\u00e1s peque\u00f1as son aut\u00e9nticas navajas de bolsillo y tienen que competir con monedas, llaves y otros objetos que se encuentran en el fondo del bolsillo. Sus hom\u00f3logos m\u00e1s grandes y capaces suelen ser demasiado grandes para llevarlos c\u00f3modamente en un bolsillo y requieren una funda para el cintur\u00f3n. Quiz\u00e1s lo m\u00e1s importante es que las diversas herramientas de estos cuchillos dependen de muescas tradicionales o muescas de u\u00f1as para abrirse. En conjunto, estas deficiencias a menudo hacen que el uso de estas herramientas sea lento, tedioso y engorroso.<\/p>\n<p>La exclusiva familia ClipiTool de <strong>Spyderco<\/strong> supera estos desaf\u00edos al combinar la funcionalidad de una navaja de bolsillo cl\u00e1sica con m\u00faltiples hojas con los beneficios del transporte con clip y el orificio redondo caracter\u00edstico de Spyderco. El resultado es una clase revolucionaria de herramienta de transporte diario que cabe c\u00f3modamente en la parte superior de su bolsillo y es accesible instant\u00e1neamente y f\u00e1cil de abrir.<\/p>\n<p>Los primeros tres dise\u00f1os de ClipiTool de <strong>Spyderco<\/strong> , presentados en 2014, combinaban una hoja primaria sin bloqueo con junta deslizante con herramientas secundarias plegables que inclu\u00edan tijeras, una hoja dentada o una combinaci\u00f3n de abridor de botellas y destornillador de punta plana. Los distintivos agujeros redondos tanto en la hoja como en la herramienta secundaria hicieron que abrirlos fuera muy f\u00e1cil y proclamaban con orgullo su identidad Spyderco. Sus asas de acero inoxidable con acabado satinado tambi\u00e9n inclu\u00edan clips de reloj de arena para llevarlo c\u00f3modamente en el bolsillo superior. Estas caracter\u00edsticas distintivas r\u00e1pidamente ganaron al concepto ClipiTool una audiencia de usuarios finales dedicados. Tambi\u00e9n inspiraron solicitudes de otros dise\u00f1os que ofrecieran herramientas y funciones adicionales. En respuesta a esta demanda, Spyderco se enorgullece de anunciar el est\u00e1ndar ClipiTool.<\/p>\n<p>ClipiTool est\u00e1ndar<br \/>\nClipiTool Standard eleva el concepto original de la familia ClipiTool a una navaja de bolsillo de tama\u00f1o completo con dos herramientas plegables adicionales. La atracci\u00f3n estrella de este dise\u00f1o es la hoja en forma de hoja completamente plana fabricada en acero inoxidable 8Cr13MoV. A diferencia de sus hermanos m\u00e1s peque\u00f1os con junta deslizante, la hoja principal PlainEdge de este ClipiTool se abre de forma segura con un s\u00f3lido mecanismo de bloqueo de inserci\u00f3n. Se complementa con un abrelatas plegable\/destornillador peque\u00f1o y un abridor\/destornillador grande con muesca para pelar cables. Ambas cabezas de destornillador est\u00e1n huecas para garantizar un ajuste seguro en tornillos ranurados. Aunque no se bloquean, est\u00e1n sostenidos por robustos mecanismos de resorte que los mantienen abiertos durante el uso y tienen \u00abmedios topes\u00bb en el punto de 90 grados, lo que permite usar el mango para un apalancamiento adicional. Al igual que la hoja principal, ambas herramientas est\u00e1n mecanizadas con precisi\u00f3n en acero inoxidable 8Cr13MoV y cuentan con dedos \u00edndice texturizados y orificios redondos de tama\u00f1o generoso. Un rasgo caracter\u00edstico de todos los cuchillos Spyderco, la apertura circular identifica con orgullo el pedigr\u00ed del cuchillo y permite una apertura r\u00e1pida y sencilla de las tres herramientas con una sola mano.<\/p>\n<p>El mango ClipiTool Standard est\u00e1 construido alrededor de una construcci\u00f3n de inserciones de acero inoxidable, escalas G10 negras texturizadas e inserciones traseras y resortes s\u00f3lidos de acero inoxidable. Su dise\u00f1o atornillado garantiza una alineaci\u00f3n precisa de todas las piezas, y el cierre de reloj de arena de dos posiciones ofrece la opci\u00f3n de usar el lado derecho hacia arriba o hacia abajo.<\/p>\n<p>Especificaciones<br \/>\nLongitud de la hoja<br \/>\nClipiTool de 3 hojas: 8,75 cm<br \/>\nAbrelatas: 3,57 cm<br \/>\nAbrebotellas: 3,62 cm<br \/>\nLargo cerrado: 11 cm<br \/>\nlargo total<br \/>\nClipiTool de 3 hojas: 19,75 cm<br \/>\nAbrelatas: 14,57 cm<br \/>\nAbrebotellas: 14,62 cm<br \/>\nMaterial de la hoja: Acero inoxidable 8Cr13MoV<br \/>\nRectificado de la hoja: Totalmente plano<br \/>\nBorde de la hoja: liso<br \/>\nMaterial del mango: G10<br \/>\nColor del mango: Negro<br \/>\nMecanismo de bloqueo<br \/>\nClipiTool de 3 hojas: bloqueo de revestimiento<br \/>\nAbrelatas: Junta deslizante<br \/>\nAbridor de botellas: Junta deslizante<br \/>\nClip de bolsillo: abatible, para uso en la mano derecha<br \/>\nPeso: 4,2 onzas.<\/p>\n","protected":false},"excerpt":{"rendered":"<p><strong>La navaja de bolsillo multihoja m\u00e1s antigua que se conoce fue desarrollada por los romanos alrededor del a\u00f1o 200 d.C. Inclu\u00eda una cuchara plegable, una cuchilla, una p\u00faa, un tenedor, una esp\u00e1tula y un palillo y estaba literalmente adelantado siglos a su tiempo en muchos sentidos.<\/strong><\/p>\n","protected":false},"featured_media":330812,"comment_status":"open","ping_status":"closed","template":"","meta":[],"pwb-brand":[3771],"product_brand":[],"product_cat":[3730,3726],"product_tag":[3756],"class_list":{"0":"post-330811","1":"product","2":"type-product","3":"status-publish","4":"has-post-thumbnail","6":"pwb-brand-spyderco-es","7":"product_cat-cuchillas-de-cierre","8":"product_cat-cuchillos","9":"product_tag-b2b-es","11":"first","12":"instock","13":"taxable","14":"shipping-taxable","15":"purchasable","16":"product-type-simple"},"brands":[{"id":3771,"name":"spyderco","slug":"spyderco-es"}],"_links":{"self":[{"href":"https:\/\/www.moskito.cz\/es\/wp-json\/wp\/v2\/product\/330811","targetHints":{"allow":["GET"]}}],"collection":[{"href":"https:\/\/www.moskito.cz\/es\/wp-json\/wp\/v2\/product"}],"about":[{"href":"https:\/\/www.moskito.cz\/es\/wp-json\/wp\/v2\/types\/product"}],"replies":[{"embeddable":true,"href":"https:\/\/www.moskito.cz\/es\/wp-json\/wp\/v2\/comments?post=330811"}],"wp:featuredmedia":[{"embeddable":true,"href":"https:\/\/www.moskito.cz\/es\/wp-json\/wp\/v2\/media\/330812"}],"wp:attachment":[{"href":"https:\/\/www.moskito.cz\/es\/wp-json\/wp\/v2\/media?parent=330811"}],"wp:term":[{"taxonomy":"pwb-brand","embeddable":true,"href":"https:\/\/www.moskito.cz\/es\/wp-json\/wp\/v2\/pwb-brand?post=330811"},{"taxonomy":"product_brand","embeddable":true,"href":"https:\/\/www.moskito.cz\/es\/wp-json\/wp\/v2\/product_brand?post=330811"},{"taxonomy":"product_cat","embeddable":true,"href":"https:\/\/www.moskito.cz\/es\/wp-json\/wp\/v2\/product_cat?post=330811"},{"taxonomy":"product_tag","embeddable":true,"href":"https:\/\/www.moskito.cz\/es\/wp-json\/wp\/v2\/product_tag?post=330811"}],"curies":[{"name":"wp","href":"https:\/\/api.w.org\/{rel}","templated":true}]}}