{"id":330843,"date":"2023-07-10T21:09:11","date_gmt":"2024-04-12T12:15:38","guid":{"rendered":"https:\/\/www.moskito.cz\/produkt\/navaja-spyderco-marcin-slysz-techno-2-c158tip2\/"},"modified":"2025-05-07T11:10:26","modified_gmt":"2025-05-07T10:10:26","slug":"navaja-spyderco-marcin-slysz-techno-2-c158tip2","status":"publish","type":"product","link":"https:\/\/www.moskito.cz\/es\/produkt\/navaja-spyderco-marcin-slysz-techno-2-c158tip2\/","title":{"rendered":"Navaja Spyderco Marcin Slysz Techno 2 C158TIP2"},"content":{"rendered":"<p>Navaja <strong>Spyderco<\/strong> Marcin Slysz Techno 2 C158TIP2<\/p>\n<p>En 2012, <strong>Spyderco<\/strong> lanz\u00f3 su primera colaboraci\u00f3n con el fabricante polaco de cuchillos personalizados Marcin Slysz &#8211; Techno. Su dise\u00f1o elegantemente simple y su estilo de construcci\u00f3n resistente llamaron inmediatamente la atenci\u00f3n de la comunidad de <strong>Spyderco<\/strong> y arrojaron luz sobre Slysz y sus cuchillos personalizados exquisitamente elaborados. En poco tiempo, Techno se gan\u00f3 un p\u00fablico devoto y ayud\u00f3 a redefinir el concepto de navaja plegable compacta.<\/p>\n<p>Aunque Slysz colabor\u00f3 \u200b\u200bposteriormente con <strong>Spyderco<\/strong> en dos dise\u00f1os m\u00e1s, el Techno sigui\u00f3 cautivando a los usuarios finales de todo el mundo. A medida que su popularidad sigui\u00f3 creciendo, tambi\u00e9n aument\u00f3 el n\u00famero de solicitudes que recibi\u00f3 Spyderco para una versi\u00f3n actualizada y a\u00fan m\u00e1s refinada. Slysz, que ya ten\u00eda sus propias ideas para mejorar el dise\u00f1o, estuvo m\u00e1s que feliz de hacerlo y respondi\u00f3 con Techno 2.<\/p>\n<p>Al igual que su predecesor, el Techno 2 ofrece una enorme potencia y utilidad en un paquete sorprendentemente compacto. Su hoja lavada a la piedra todav\u00eda est\u00e1 hecha de acero inoxidable CTS-XHP de primera calidad, pero su grosor se ha reducido de 4,5 mm (0,177 pulgadas) a una recortadora de 3,5 mm (0,138 pulgadas). En lugar de un afilado completo, presenta un afilado de sable alto que mantiene un lomo de espesor total para mayor resistencia y, al mismo tiempo, proporciona una excelente geometr\u00eda del filo para un rendimiento de corte con baja fricci\u00f3n. El perfil de la hoja tambi\u00e9n se ha mejorado hasta alcanzar una forma casi de pata de oveja en lugar del patr\u00f3n de punta de ca\u00edda anterior. Esto proporciona una mejor utilidad de punta y apalancamiento de corte en comparaci\u00f3n con el original. Los bordes estrat\u00e9gicamente ubicados en la rampa para el pulgar brindan una sujeci\u00f3n antideslizante para un m\u00e1ximo control durante el uso, y la apertura redonda caracter\u00edstica permite una apertura r\u00e1pida con una sola mano.<\/p>\n<p>El mango Techno 2 tambi\u00e9n se ha modificado, conservando todas las caracter\u00edsticas clave del original. Consta de dos fuertes cachas fabricadas con precisi\u00f3n en titanio s\u00f3lido 6Al4V. Ambos cuentan con un hermoso acabado de piedra y est\u00e1n mecanizados para aceptar un clip de alambre para navaja de bolsillo profundo que gira f\u00e1cilmente para transportarlo hacia el lado izquierdo o derecho. En lugar del espaciador trasero G10 del dise\u00f1o de primera generaci\u00f3n, las b\u00e1sculas Techno 2 est\u00e1n unidas por espaciadores de titanio anodizado verde para reducir el peso y crear un estilo de dise\u00f1o abierto y f\u00e1cil de limpiar. La escala en la parte posterior forma la base del s\u00f3lido mecanismo Reeve Integral Lock (RIL) del cuchillo, que mantiene la hoja abierta de forma segura durante el uso, pero se puede soltar f\u00e1cilmente con una mano. Para los usuarios finales a quienes les gusta personalizar sus cuchillos con cordones o colgantes,<\/p>\n<p>El altamente sofisticado Techno 2 es una herramienta de corte compacta y extremadamente pr\u00e1ctica capaz de operar con autoridad mucho m\u00e1s all\u00e1 de su tama\u00f1o. Supera claramente a su predecesor y al mismo tiempo sigue mostrando el enfoque distintivo de Marcin Slysz en el dise\u00f1o de cuchillos.<\/p>\n<p>Marcin Slysz<br \/>\nLa fascinaci\u00f3n de Marcin Slysz por los cuchillos comenz\u00f3 a temprana edad, con su primera navaja de bolsillo. A medida que su inter\u00e9s creci\u00f3, algunos de sus amigos, que eran \u00e1vidos coleccionistas de cuchillos, comenzaron a presentarle el mundo de la fabricaci\u00f3n \u00abseria\u00bb y de los cuchillos hechos a mano. Desafortunadamente, Slysz descubri\u00f3 que estos cuchillos tambi\u00e9n ten\u00edan precios \u00abgraves\u00bb que estaban muy por encima de su presupuesto. Sin inmutarse, decidi\u00f3 que si no pod\u00eda comprar los cuchillos que quer\u00eda, los har\u00eda \u00e9l mismo.<\/p>\n<p>Slysz hizo su primer cuchillo en 2006: una hoja s\u00f3lida y pesada que hizo con nada m\u00e1s que una lima y mucho esfuerzo. Aunque fue un proceso lento y extremadamente arduo, lo disfrut\u00f3 much\u00edsimo y estaba convencido de que hab\u00eda encontrado su vocaci\u00f3n en la vida. Poco despu\u00e9s, invirti\u00f3 en una amoladora y comenz\u00f3 a fabricar cuchillos en serio. A medida que las hojas fijas dieron lugar a navajas plegables y sus habilidades y herramientas continuaron mejorando, Slysz finalmente decidi\u00f3 dejar su trabajo de tiempo completo para seguir una carrera en cuchiller\u00eda. Nunca mir\u00f3 hacia atr\u00e1s.<\/p>\n<p>Slysz, actualmente considerado uno de los principales fabricantes de cuchillos personalizados de Polonia, se especializa en tableros de alta tecnolog\u00eda con temas t\u00e1cticos fabricados con materiales de \u00faltima generaci\u00f3n. Para los mangos de las sierras de calar, prefiere la resistencia y el peso ligero del titanio y el timask, y para las hojas s\u00f3lidas, el aspecto y la textura de la tela Micarta pulida con chorro de arena. Para los aceros para hojas, trabaja principalmente en RWL34, pero tambi\u00e9n utiliza CPM-S30V, 154CM, Damasteel y acero inoxidable Damasco forjado personalizado de Chad Nichols. La gran mayor\u00eda de sus dise\u00f1os cuentan con mangos de titanio, Reeve Integral Locks (RIL) y hojas de acero inoxidable de primera calidad; sin embargo, es igual de c\u00f3modo fabricar embragues plegables, una amplia variedad de cuchillas fijas y una variedad de herramientas y dispositivos t\u00e1cticos especializados. Incluso hace su propio grabado tanto en cuchillos como en alguna que otra pieza de joyer\u00eda hecha a mano.<\/p>\n<p>La impecable artesan\u00eda de Slysz y su meticulosa atenci\u00f3n al detalle han hecho que sus cuchillos personalizados sean extremadamente populares tanto entre los coleccionistas como entre los usuarios finales m\u00e1s exigentes de todo el mundo. Tambi\u00e9n llamaron la atenci\u00f3n de los l\u00edderes de Spyderco y lo convirtieron en la elecci\u00f3n natural para un proyecto de colaboraci\u00f3n con Spyderco. El lanzamiento de su carpeta Techno en 2012 gener\u00f3 un revuelo inmediato y r\u00e1pidamente gan\u00f3 seguidores apasionados en la comunidad Spyderco. Le siguieron Slysz Bowie en 2014 y SpydieChef en 2016, los cuales continuaron expandiendo la popularidad de Slysz y el reconocimiento de su trabajo por parte de la comunidad de cuchillos.<\/p>\n<p>Especificaciones<br \/>\nLongitud de la hoja: 6,37 cm<br \/>\nLargo cerrado: 8,6 cm<br \/>\nLongitud total: 14,97 cm.<br \/>\nGrosor de la hoja: 0,34 cm.<br \/>\nMaterial de la hoja: CTS-XHP<br \/>\nEstilo de hoja: pie de oveja<br \/>\nAfilado de cuchillas: sable<br \/>\nTratamiento superficial de la hoja: Stonewash<br \/>\nBorde de la hoja: liso<br \/>\nMaterial del mango: Titanio<br \/>\nColor del mango: gris<br \/>\nMecanismo de bloqueo: Bloqueo de marco<br \/>\nClip de bolsillo: abatible, uso hacia la izquierda\/derecha<br \/>\nN\u00famero de modelo: C158TIP2<br \/>\nNombre del modelo: Techno 2<br \/>\nPeso: 3,4 onzas.<\/p>\n","protected":false},"excerpt":{"rendered":"<p><strong>En 2012, Spyderco lanz\u00f3 su primera colaboraci\u00f3n con el fabricante polaco de cuchillos personalizados Marcin Slysz &#8211; Techno.<\/strong><\/p>\n","protected":false},"featured_media":330861,"comment_status":"open","ping_status":"closed","template":"","meta":[],"pwb-brand":[3771],"product_brand":[],"product_cat":[3730,3726],"product_tag":[3756],"class_list":{"0":"post-330843","1":"product","2":"type-product","3":"status-publish","4":"has-post-thumbnail","6":"pwb-brand-spyderco-es","7":"product_cat-cuchillas-de-cierre","8":"product_cat-cuchillos","9":"product_tag-b2b-es","11":"first","12":"instock","13":"taxable","14":"shipping-taxable","15":"purchasable","16":"product-type-simple"},"brands":[{"id":3771,"name":"spyderco","slug":"spyderco-es"}],"_links":{"self":[{"href":"https:\/\/www.moskito.cz\/es\/wp-json\/wp\/v2\/product\/330843","targetHints":{"allow":["GET"]}}],"collection":[{"href":"https:\/\/www.moskito.cz\/es\/wp-json\/wp\/v2\/product"}],"about":[{"href":"https:\/\/www.moskito.cz\/es\/wp-json\/wp\/v2\/types\/product"}],"replies":[{"embeddable":true,"href":"https:\/\/www.moskito.cz\/es\/wp-json\/wp\/v2\/comments?post=330843"}],"wp:featuredmedia":[{"embeddable":true,"href":"https:\/\/www.moskito.cz\/es\/wp-json\/wp\/v2\/media\/330861"}],"wp:attachment":[{"href":"https:\/\/www.moskito.cz\/es\/wp-json\/wp\/v2\/media?parent=330843"}],"wp:term":[{"taxonomy":"pwb-brand","embeddable":true,"href":"https:\/\/www.moskito.cz\/es\/wp-json\/wp\/v2\/pwb-brand?post=330843"},{"taxonomy":"product_brand","embeddable":true,"href":"https:\/\/www.moskito.cz\/es\/wp-json\/wp\/v2\/product_brand?post=330843"},{"taxonomy":"product_cat","embeddable":true,"href":"https:\/\/www.moskito.cz\/es\/wp-json\/wp\/v2\/product_cat?post=330843"},{"taxonomy":"product_tag","embeddable":true,"href":"https:\/\/www.moskito.cz\/es\/wp-json\/wp\/v2\/product_tag?post=330843"}],"curies":[{"name":"wp","href":"https:\/\/api.w.org\/{rel}","templated":true}]}}