{"id":330854,"date":"2023-07-03T12:46:32","date_gmt":"2024-04-12T12:15:42","guid":{"rendered":"https:\/\/www.moskito.cz\/produkt\/cuchillo-plegable-spyderco-chaparral-ligero-c152pgy\/"},"modified":"2025-05-07T11:10:27","modified_gmt":"2025-05-07T10:10:27","slug":"cuchillo-plegable-spyderco-chaparral-ligero-c152pgy","status":"publish","type":"product","link":"https:\/\/www.moskito.cz\/es\/produkt\/cuchillo-plegable-spyderco-chaparral-ligero-c152pgy\/","title":{"rendered":"Cuchillo plegable Spyderco Chaparral ligero C152PGY"},"content":{"rendered":"<p>Cuchillo plegable <strong>Spyderco<\/strong> Chaparral ligero C152PGY<\/p>\n<p>El Proyecto Chaparral de Spyderco es un enfoque \u00fanico al g\u00e9nero de las navajas plegables para hombres. La serie Chaparral, que lleva el nombre de una planta originaria del oeste de EE. UU. conocida por su extrema durabilidad, utiliza un formato de dise\u00f1o \u00fanico para mostrar una variedad de materiales de mango y patrones de textura exclusivos.<\/p>\n<p>Todos los modelos Chaparral comparten las mismas caracter\u00edsticas b\u00e1sicas. Son excepcionalmente finos para minimizar el peso y muy c\u00f3modos de llevar, incluso con traje. Sus hojas PlainEdge en forma de hoja son completamente planas y est\u00e1n hechas de acero inoxidable CTS-XHP fabricado en EE. UU. y tienen un agradable acabado satinado para un rendimiento de corte casi sin esfuerzo. Las hojas tambi\u00e9n cuentan con un orificio redondo totalmente accesible para abrir f\u00e1cilmente con una o ambas manos, lo que hace que todos los Chaparrals sean completamente sim\u00e9tricos y totalmente ambidiestros.<\/p>\n<p>Donde los modelos Chaparral demuestran su individualidad es en sus tiradores. Lanzado en 2011, el primer miembro de la familia presentaba inserciones esqueletizadas totalmente de acero inoxidable y escamas de fibra de carbono sutilmente texturizadas. Le sigui\u00f3 en 2012 el Chaparral Titanium, que contaba con escamas de titanio macizo mecanizadas con precisi\u00f3n con un intrincado patr\u00f3n geom\u00e9trico. El tema del titanio continu\u00f3 con los modelos Stepped Titanium y Blue Stepped Titanium, que se lanzaron en 2013 y 2014. Ambos cuentan con un patr\u00f3n \u00abgraduado\u00bb incre\u00edblemente detallado mecanizado en ambas escalas. Compuesto \u00edntegramente por l\u00edneas rectas, este impresionante dise\u00f1o crea la ilusi\u00f3n de curvas y formas geom\u00e9tricas detalladas. En la versi\u00f3n Blue Stepped, las escalas se anodizan con un tono azul brillante durante el proceso de mecanizado para crear un contraste espectacular de superficies alternas de azul y plata. A principios de este a\u00f1o, Spyderco a\u00f1adi\u00f3 una versi\u00f3n a la familia Chaparral con escamas hechas de Raffir, un material compuesto hecho de finas capas de malla met\u00e1lica corrugada recubierta de una resina epoxi transl\u00facida.<\/p>\n<p>Si bien Spyderco est\u00e1 sin duda orgulloso de la familia Chaparral y de la variedad y el orgullo de propiedad que ofrece, todav\u00eda sent\u00edan que le faltaba algo: una expresi\u00f3n liviana, asequible y orientada al usuario del esp\u00edritu Chaparral optimizada para el uso diario. Para llenar este vac\u00edo, crearon el Chaparral Lightweight.<\/p>\n<p>El Chaparral Lightweight ofrece el mismo dise\u00f1o refinado, funcionalidad y rendimiento de corte que sus hermanos, pero con un mango moldeado por inyecci\u00f3n simple, confiable y asequible. Su s\u00f3lido mango de nailon reforzado con fibra de vidrio (FRN) de color gris reduce su peso a solo 2,1 onzas, un 22 % m\u00e1s ligero que sus hom\u00f3logos con mango de titanio. Al mismo tiempo, su construcci\u00f3n contorneada le permite incorporar el estilo del patr\u00f3n de textura bidireccional de alta tracci\u00f3n de Spyderco. A pesar de su perfil delgado y peso liviano, esta versi\u00f3n del Chaparral a\u00fan ofrece el poder de las incrustaciones esqueletizadas de acero inoxidable anidadas y un espaciador posterior de acero inoxidable. Garantizan una excelente resistencia estructural y una alineaci\u00f3n precisa de todos los componentes clave.<\/p>\n<p>Al igual que otras versiones del Chaparral, el Lightweight cuenta con un mecanismo de bloqueo ubicado centralmente que bloquea la hoja abierta de forma segura y permite un cierre f\u00e1cil y seguro con una sola mano. Su horquilla de dedo \u00edndice 50\/50 se extiende a horcajadas sobre la uni\u00f3n de la hoja y el mango, lo que proporciona una sujeci\u00f3n s\u00f3lida para un agarre \u00abahogado\u00bb hacia adelante. A pesar del tama\u00f1o compacto del cuchillo, esta caracter\u00edstica permite incluso a manos m\u00e1s grandes un agarre completo con cuatro dedos. Los \u00abjimping\u00bb (ranuras) coincidentes en la rampa para el pulgar y la cuchilla ofrecen una textura adicional para un control a\u00fan mayor en las tareas de corte de precisi\u00f3n. Un clip de alambre de bolsillo profundo de doble cara unido al extremo posterior del mango permite el transporte plegable hacia la izquierda o hacia la derecha, manteniendo este extraordinario cuchillo discretamente listo para un acceso inmediato.<\/p>\n<p>El Chaparral Lightweight defiende con orgullo los valores tradicionales de la familia Chaparral, ofreciendo la misma comodidad, confiabilidad y alto rendimiento que sus hermanos, pero a una fracci\u00f3n del precio.<br \/>\nEspecificaciones<\/p>\n<p>Longitud de la hoja: 7 cm<br \/>\nLargo cerrado: 9 cm<br \/>\nLongitud total: 16 cm<br \/>\nMaterial de la hoja: CTS-XHP<br \/>\nEstilo de hoja: Punto de ca\u00edda<br \/>\nRectificado de la hoja: Totalmente plano<br \/>\nTratamiento superficial de la hoja: satinado.<br \/>\nBorde de la hoja: liso<br \/>\nMaterial del mango: gris FRN<br \/>\nMecanismo de bloqueo: Lockback<br \/>\nClip de bolsillo: abatible, uso hacia la izquierda\/derecha<br \/>\nN\u00famero de modelo: C152PGY<br \/>\nNombre del modelo: Chaparral Ligero<br \/>\nPeso: 2,0 onzas.<\/p>\n<p>&nbsp;<\/p>\n","protected":false},"excerpt":{"rendered":"<p><strong>El Chaparral Lightweight defiende con orgullo los valores tradicionales de la familia Chaparral, ofreciendo la misma comodidad, confiabilidad y alto rendimiento que sus hermanos, pero a una fracci\u00f3n del precio.<\/strong><\/p>\n","protected":false},"featured_media":330860,"comment_status":"open","ping_status":"closed","template":"","meta":[],"pwb-brand":[3771],"product_brand":[],"product_cat":[3730,3726],"product_tag":[3756],"class_list":{"0":"post-330854","1":"product","2":"type-product","3":"status-publish","4":"has-post-thumbnail","6":"pwb-brand-spyderco-es","7":"product_cat-cuchillas-de-cierre","8":"product_cat-cuchillos","9":"product_tag-b2b-es","11":"first","12":"instock","13":"sale","14":"taxable","15":"shipping-taxable","16":"purchasable","17":"product-type-simple"},"brands":[{"id":3771,"name":"spyderco","slug":"spyderco-es"}],"_links":{"self":[{"href":"https:\/\/www.moskito.cz\/es\/wp-json\/wp\/v2\/product\/330854","targetHints":{"allow":["GET"]}}],"collection":[{"href":"https:\/\/www.moskito.cz\/es\/wp-json\/wp\/v2\/product"}],"about":[{"href":"https:\/\/www.moskito.cz\/es\/wp-json\/wp\/v2\/types\/product"}],"replies":[{"embeddable":true,"href":"https:\/\/www.moskito.cz\/es\/wp-json\/wp\/v2\/comments?post=330854"}],"wp:featuredmedia":[{"embeddable":true,"href":"https:\/\/www.moskito.cz\/es\/wp-json\/wp\/v2\/media\/330860"}],"wp:attachment":[{"href":"https:\/\/www.moskito.cz\/es\/wp-json\/wp\/v2\/media?parent=330854"}],"wp:term":[{"taxonomy":"pwb-brand","embeddable":true,"href":"https:\/\/www.moskito.cz\/es\/wp-json\/wp\/v2\/pwb-brand?post=330854"},{"taxonomy":"product_brand","embeddable":true,"href":"https:\/\/www.moskito.cz\/es\/wp-json\/wp\/v2\/product_brand?post=330854"},{"taxonomy":"product_cat","embeddable":true,"href":"https:\/\/www.moskito.cz\/es\/wp-json\/wp\/v2\/product_cat?post=330854"},{"taxonomy":"product_tag","embeddable":true,"href":"https:\/\/www.moskito.cz\/es\/wp-json\/wp\/v2\/product_tag?post=330854"}],"curies":[{"name":"wp","href":"https:\/\/api.w.org\/{rel}","templated":true}]}}