{"id":330966,"date":"2022-08-21T11:43:52","date_gmt":"2022-08-21T10:43:52","guid":{"rendered":"https:\/\/www.moskito.cz\/produkt\/cuchillo-de-cierre-crkt-m16-14zlek\/"},"modified":"2025-05-07T11:10:29","modified_gmt":"2025-05-07T10:10:29","slug":"cuchillo-de-cierre-crkt-m16-14zlek","status":"publish","type":"product","link":"https:\/\/www.moskito.cz\/es\/produkt\/cuchillo-de-cierre-crkt-m16-14zlek\/","title":{"rendered":"Cuchillo de cierre CRKT M16-14ZLEK"},"content":{"rendered":"<div class=\"flex-1 overflow-hidden @container\/thread\">\n<div class=\"h-full\">\n<div class=\"react-scroll-to-bottom--css-vxybp-79elbk h-full\">\n<div class=\"react-scroll-to-bottom--css-vxybp-1n7m0yu\">\n<div class=\"flex flex-col text-sm\">\n<article class=\"w-full scroll-mb-[var(--thread-trailing-height,150px)] text-token-text-primary focus-visible:outline-2 focus-visible:outline-offset-[-4px]\" dir=\"auto\" data-testid=\"conversation-turn-271\" data-scroll-anchor=\"true\">\n<div class=\"m-auto text-base py-[18px] px-3 md:px-4 w-full md:px-5 lg:px-4 xl:px-5\">\n<div class=\"mx-auto flex flex-1 gap-4 text-base md:gap-5 lg:gap-6 md:max-w-3xl\">\n<div class=\"group\/conversation-turn relative flex w-full min-w-0 flex-col agent-turn\">\n<div class=\"flex-col gap-1 md:gap-3\">\n<div class=\"flex max-w-full flex-col flex-grow\">\n<div class=\"min-h-8 text-message flex w-full flex-col items-end gap-2 whitespace-normal break-words text-start [.text-message+&amp;]:mt-5\" dir=\"auto\" data-message-author-role=\"assistant\" data-message-id=\"525b3088-61fc-4e8d-944e-1698c90937bf\" data-message-model-slug=\"gpt-4o-mini\">\n<div class=\"flex w-full flex-col gap-1 empty:hidden first:pt-[3px]\">\n<div class=\"markdown prose w-full break-words dark:prose-invert light\">\n<p><strong>Cuchillo de cierre CRKT M16-14ZLEK<\/strong><\/p>\n<p><strong>El CRKT M16-14ZLEK<\/strong> es un modelo excepcional de la serie M16 de Kit Carson, dise\u00f1ado para usuarios exigentes que necesitan un cuchillo con caracter\u00edsticas profesionales y excelentes propiedades para garantizar seguridad y eficiencia. Este cuchillo combina un dise\u00f1o fuerte, materiales de calidad y funcionalidad t\u00e1ctica, lo que lo hace ideal para trabajadores de campo, rescatistas, militares y personal de seguridad. <\/p>\n<h3><strong>Principales caracter\u00edsticas y especificaciones:<\/strong><\/h3>\n<ol>\n<li><strong>Longitud de la hoja<\/strong> : 3,75&#8243; (95,25 mm)\n<ul>\n<li>La longitud de la hoja es ideal para tareas de emergencia y transporte diario, proporcionando suficiente longitud para todas las tareas que requieren fuerza y \u200b\u200bprecisi\u00f3n.<\/li>\n<\/ul>\n<\/li>\n<li><strong>Filo de la hoja<\/strong> : <strong>Estr\u00edas de triple punta\u2122<\/strong>\n<ul>\n<li>Triple Point\u2122 es un dise\u00f1o de dentado \u00fanico que proporciona excelentes propiedades de corte para una variedad de materiales como cuerdas, lonas, cordones o vegetaci\u00f3n, lo que lo hace ideal para usar en situaciones exigentes.<\/li>\n<\/ul>\n<\/li>\n<li><strong>Material de la hoja<\/strong> : <strong>acero AUS 8<\/strong>\n<ul>\n<li>El acero AUS 8 es duradero, tiene un alto contenido de carbono y ofrece una hoja de alta calidad que mantiene su filo durante mucho tiempo y es f\u00e1cil de afilar. Este acero es ideal para una amplia gama de tareas, desde trabajar con materiales fibrosos hasta tareas m\u00e1s pesadas. <\/li>\n<\/ul>\n<\/li>\n<li><strong>Tratamiento de la superficie de la hoja<\/strong> : <strong>Nitruro de titanio<\/strong>\n<ul>\n<li>El tratamiento superficial de nitruro de titanio garantiza una alta resistencia a la corrosi\u00f3n y a los ara\u00f1azos. La hoja mantiene su apariencia y funcionalidad durante mucho tiempo y tambi\u00e9n proporciona una mejor resistencia al desgaste. <\/li>\n<\/ul>\n<\/li>\n<li><strong>Grosor de la hoja<\/strong> : 0,14&#8243; (3,51 mm)\n<ul>\n<li>El grosor de la hoja le da al cuchillo suficiente resistencia para tareas m\u00e1s pesadas, pero tambi\u00e9n permite suficiente flexibilidad para un corte preciso.<\/li>\n<\/ul>\n<\/li>\n<li><strong>Longitud total<\/strong> : 9,25&#8243; (234,95 mm)\n<ul>\n<li>Este cuchillo es lo suficientemente grande para proporcionar un agarre fuerte y estabilidad cuando se usa en situaciones exigentes, pero lo suficientemente compacto para llevarlo todos los d\u00edas.<\/li>\n<\/ul>\n<\/li>\n<li><strong>Longitud cerrada<\/strong> : 5,50&#8243; (139,70 mm)\n<ul>\n<li>Este cuchillo es compacto y f\u00e1cil de transportar. La longitud cerrada significa que el cuchillo es lo suficientemente peque\u00f1o como para caber en un bolsillo o en un cintur\u00f3n, lo que hace que sea f\u00e1cil de transportar. <\/li>\n<\/ul>\n<\/li>\n<li><strong>Peso<\/strong> : 6,20 oz (175,77 g)\n<ul>\n<li>Este modelo es resistente pero lo suficientemente ligero para llevarlo c\u00f3modamente. Con un peso de 6,2 onzas, proporciona suficiente resistencia para tareas exigentes. <\/li>\n<\/ul>\n<\/li>\n<li><strong>Mango<\/strong> : <strong>nailon reforzado con fibra de vidrio<\/strong>\n<ul>\n<li>El mango est\u00e1 hecho de nailon reforzado con vidrio duradero, lo que garantiza una alta resistencia y resistencia al impacto. Este material tambi\u00e9n es ligero y ofrece un agarre c\u00f3modo y seguro. <\/li>\n<\/ul>\n<\/li>\n<li><strong>Estilo de cuchillo<\/strong> : <strong>Navaja plegable con bloqueo de l\u00ednea<\/strong>\n<ul>\n<li>El cuchillo est\u00e1 equipado con un mecanismo de bloqueo de revestimiento confiable que garantiza que la hoja est\u00e9 bloqueada de forma segura cuando se abre y minimiza el riesgo de cierre involuntario durante el uso.<\/li>\n<\/ul>\n<\/li>\n<\/ol>\n<h3><strong>Caracter\u00edsticas y beneficios especiales:<\/strong><\/h3>\n<ol>\n<li><strong>Cortador de cintur\u00f3n de seguridad y rompeventanas<\/strong> :\n<ul>\n<li>Este modelo est\u00e1 equipado con un carburo de tungsteno especial en la parte posterior que se utiliza para romper r\u00e1pidamente las ventanas laterales de los autom\u00f3viles, lo que es vital para los trabajadores de rescate, bomberos o servicios de emergencia que enfrentan situaciones de emergencia.<\/li>\n<li>El cortador de cintur\u00f3n de seguridad ayuda a liberar a una persona de forma r\u00e1pida y segura en caso de accidente u otro peligro.<\/li>\n<\/ul>\n<\/li>\n<li><strong>Inserto de seguridad autom\u00e1tico<\/strong> :\n<ul>\n<li>Este modelo est\u00e1 equipado con un inserto de seguridad autom\u00e1tico que a\u00f1ade una capa extra de protecci\u00f3n contra el cierre accidental de la hoja. El pasador entre el inserto de bloqueo y el marco hace que la cerradura sea m\u00e1s duradera y menos propensa a aflojarse durante el uso. <\/li>\n<\/ul>\n<\/li>\n<li><strong>Aleta para apertura r\u00e1pida con una sola mano<\/strong> :\n<ul>\n<li>El Carson Flipper est\u00e1 dise\u00f1ado para una apertura r\u00e1pida y eficiente del cuchillo con una sola mano, lo que resulta muy \u00fatil en situaciones donde la velocidad es clave, como en operaciones de rescate o t\u00e1cticas.<\/li>\n<\/ul>\n<\/li>\n<li><strong>Hebilla de cuatro posiciones<\/strong> :\n<ul>\n<li>El clip del cuchillo permite diferentes estilos de transporte, lo que garantiza flexibilidad y comodidad al llevar el cuchillo. Se puede fijar a un cintur\u00f3n o correa en cuatro posiciones diferentes: con la punta hacia abajo, izquierda o derecha. <\/li>\n<\/ul>\n<\/li>\n<li><strong>Recubrimiento t\u00e1ctico negro<\/strong> :\n<ul>\n<li>El acabado negro es duradero y no refleja la luz, lo que resulta ventajoso para aplicaciones t\u00e1cticas donde el sigilo es importante.<\/li>\n<\/ul>\n<\/li>\n<\/ol>\n<h3><strong>Usar:<\/strong><\/h3>\n<ul>\n<li><strong>Situaciones de rescate y emergencia<\/strong> : con un cortador de cintur\u00f3n de seguridad y un rompedor de ventanas de carburo, este cuchillo es ideal para rescatistas, bomberos y cualquier persona en situaciones peligrosas o de crisis donde se requiera una respuesta r\u00e1pida.<\/li>\n<li><strong>Transporte diario (EDC)<\/strong> : el dise\u00f1o plegable y los mecanismos de seguridad hacen que este cuchillo sea ideal para el transporte diario cuando desea tener una herramienta confiable a mano para una variedad de tareas.<\/li>\n<li><strong>Uso t\u00e1ctico y militar<\/strong> : excelente para usos militares, policiales o t\u00e1cticos donde la confiabilidad y la apertura r\u00e1pida son clave.<\/li>\n<li><strong>Actividades al aire libre<\/strong> : El cuchillo tambi\u00e9n es ideal para acampar, hacer senderismo y otras actividades al aire libre donde se necesita una herramienta confiable para cortar o preparar material.<\/li>\n<\/ul>\n<h3><strong>Conclusi\u00f3n:<\/strong><\/h3>\n<p><strong>El CRKT M16-14ZLEK<\/strong> es un cuchillo robusto y multifuncional dise\u00f1ado para uso profesional, especialmente en situaciones de emergencia. Combina un excelente dise\u00f1o, materiales de calidad y caracter\u00edsticas especiales que lo convierten en una herramienta invaluable para rescatistas, fuerzas militares y uso diario. Si busca un cuchillo que no solo ofrezca excelentes propiedades de corte sino tambi\u00e9n herramientas para situaciones de emergencia, este modelo es la elecci\u00f3n ideal.  <\/p>\n<\/div>\n<\/div>\n<\/div>\n<\/div>\n<div class=\"mb-2 flex gap-3 empty:hidden -ml-2\">\n<div class=\"items-center justify-start rounded-xl p-1 flex\">\n<div class=\"flex items-center\"><\/div>\n<\/div>\n<\/div>\n<div class=\"pr-2 lg:pr-0\"><\/div>\n<\/div>\n<\/div>\n<\/div>\n<\/div>\n<\/article>\n<\/div>\n<\/div>\n<\/div>\n<\/div>\n<\/div>\n<p><iframe title=\"CRKT M16-14ZLEK Knife Designed by Kit Carson\" width=\"800\" height=\"450\" src=\"https:\/\/www.youtube.com\/embed\/fG33eU9Egpc?feature=oembed\" frameborder=\"0\" allow=\"accelerometer; autoplay; clipboard-write; encrypted-media; gyroscope; picture-in-picture; web-share\" referrerpolicy=\"strict-origin-when-cross-origin\" allowfullscreen><\/iframe><\/p>\n<p>&nbsp;<\/p>\n<p>&nbsp;<\/p>\n<p>&nbsp;<\/p>\n","protected":false},"excerpt":{"rendered":"<div class=\"flex max-w-full flex-col flex-grow\">\n<div class=\"min-h-8 text-message flex w-full flex-col items-end gap-2 whitespace-normal break-words text-start [.text-message+&amp;]:mt-5\" dir=\"auto\" data-message-author-role=\"assistant\" data-message-id=\"525b3088-61fc-4e8d-944e-1698c90937bf\" data-message-model-slug=\"gpt-4o-mini\">\n<div class=\"flex w-full flex-col gap-1 empty:hidden first:pt-[3px]\">\n<div class=\"markdown prose w-full break-words dark:prose-invert light\">\n<p><strong>El CRKT M16-14ZLEK es un cuchillo robusto y multifuncional dise\u00f1ado para uso profesional, especialmente en situaciones de emergencia. Combina un excelente dise\u00f1o, materiales de calidad y caracter\u00edsticas especiales que lo convierten en una herramienta invaluable para rescatistas, fuerzas militares y uso diario. Si busca un cuchillo que no solo ofrezca excelentes propiedades de corte sino tambi\u00e9n herramientas para situaciones de emergencia, este modelo es la elecci\u00f3n ideal.  <\/strong><\/p>\n<\/div>\n<\/div>\n<\/div>\n<\/div>\n<div class=\"mb-2 flex gap-3 empty:hidden -ml-2\">\n<div class=\"items-center justify-start rounded-xl p-1 flex\">\n<div class=\"flex items-center\"><\/div>\n<\/div>\n<\/div>\n<div class=\"pr-2 lg:pr-0\"><\/div>\n","protected":false},"featured_media":330967,"comment_status":"open","ping_status":"closed","template":"","meta":[],"pwb-brand":[3765],"product_brand":[],"product_cat":[3730,3726],"product_tag":[3756],"class_list":{"0":"post-330966","1":"product","2":"type-product","3":"status-publish","4":"has-post-thumbnail","6":"pwb-brand-crkt-es","7":"product_cat-cuchillas-de-cierre","8":"product_cat-cuchillos","9":"product_tag-b2b-es","11":"first","12":"instock","13":"taxable","14":"shipping-taxable","15":"purchasable","16":"product-type-simple"},"brands":[{"id":3765,"name":"CRKT","slug":"crkt-es"}],"_links":{"self":[{"href":"https:\/\/www.moskito.cz\/es\/wp-json\/wp\/v2\/product\/330966","targetHints":{"allow":["GET"]}}],"collection":[{"href":"https:\/\/www.moskito.cz\/es\/wp-json\/wp\/v2\/product"}],"about":[{"href":"https:\/\/www.moskito.cz\/es\/wp-json\/wp\/v2\/types\/product"}],"replies":[{"embeddable":true,"href":"https:\/\/www.moskito.cz\/es\/wp-json\/wp\/v2\/comments?post=330966"}],"wp:featuredmedia":[{"embeddable":true,"href":"https:\/\/www.moskito.cz\/es\/wp-json\/wp\/v2\/media\/330967"}],"wp:attachment":[{"href":"https:\/\/www.moskito.cz\/es\/wp-json\/wp\/v2\/media?parent=330966"}],"wp:term":[{"taxonomy":"pwb-brand","embeddable":true,"href":"https:\/\/www.moskito.cz\/es\/wp-json\/wp\/v2\/pwb-brand?post=330966"},{"taxonomy":"product_brand","embeddable":true,"href":"https:\/\/www.moskito.cz\/es\/wp-json\/wp\/v2\/product_brand?post=330966"},{"taxonomy":"product_cat","embeddable":true,"href":"https:\/\/www.moskito.cz\/es\/wp-json\/wp\/v2\/product_cat?post=330966"},{"taxonomy":"product_tag","embeddable":true,"href":"https:\/\/www.moskito.cz\/es\/wp-json\/wp\/v2\/product_tag?post=330966"}],"curies":[{"name":"wp","href":"https:\/\/api.w.org\/{rel}","templated":true}]}}