{"id":331095,"date":"2019-10-01T14:32:49","date_gmt":"2024-04-12T12:46:27","guid":{"rendered":"https:\/\/www.moskito.cz\/produkt\/crkt-woods-chogan-t-hawk-2730-hacha\/"},"modified":"2025-07-11T07:50:04","modified_gmt":"2025-07-11T06:50:04","slug":"crkt-woods-chogan-t-hawk-2730-hacha","status":"publish","type":"product","link":"https:\/\/www.moskito.cz\/es\/produkt\/crkt-woods-chogan-t-hawk-2730-hacha\/","title":{"rendered":"CRKT Woods Chogan T-Hawk 2730 hacha"},"content":{"rendered":"<p><strong>CRKT<\/strong> Woods Chogan T-Hawk 2730 hacha<\/p>\n<p>Dise\u00f1ado por Ryan Johnson de RMJ Tactical en Chattanooga, Tennessee<br \/>\nEnciende una buena fogata. Demonios, construye una bonita caba\u00f1a.<\/p>\n<p>Con un mango de nogal, una hoja y un martillo forjados t\u00e9rmicamente, este hacha de campamento de dos manos te hace la vida m\u00e1s f\u00e1cil cuando est\u00e1s fuera de la red.<\/p>\n<p>Ryan Johnson de RMJ Tactical en Chattanooga, TN, dise\u00f1\u00f3 The Woods Chogan\u2122 T-Hawk. Especialista en aplicar ingenier\u00eda moderna a conceptos de herramientas y armas centenarios, vuelve a subir la apuesta con una nueva l\u00ednea de hachas de guerra para exteriores que se balancean tan grandes como el espacio abierto en el que se encuentran.<br \/>\nDureza forjada: el acero al carbono 1055 proporciona durabilidad y retenci\u00f3n de bordes.<br \/>\nDurable: el nogal Tennessee es un material denso que puede soportar un uso intenso.<br \/>\nHerramienta multiusos: divide f\u00e1cilmente madera o martilla en estacas de tienda de campa\u00f1a.<\/p>\n<p>ESPECIFICACIONES<br \/>\nLongitud de la hoja 3,50&#8243; (88,90 mm)<br \/>\nHoja de hacha con martillo<br \/>\nHoja de acero 1055 acero al carbono.<br \/>\nTratamiento superficial de la hoja Barniz transparente<br \/>\nGrosor de la hoja 0,52&#8243; (13,21 mm)<br \/>\nLongitud total 19,00&#8243; (482,60 mm)<br \/>\nPeso 0,90 kg (1,99 libras)<br \/>\nMango de nogal Tennessee<br \/>\nestilo tomahawk<\/p>\n<p><iframe title=\"Chogan &amp; Kangee Woods T-Hawks | Designed by Ryan Johnson of RMJ Tactical\" width=\"800\" height=\"450\" src=\"https:\/\/www.youtube.com\/embed\/QlvDOLxr5S8?feature=oembed\" frameborder=\"0\" allow=\"accelerometer; autoplay; clipboard-write; encrypted-media; gyroscope; picture-in-picture; web-share\" referrerpolicy=\"strict-origin-when-cross-origin\" allowfullscreen><\/iframe><\/p>\n<p>&nbsp;<\/p>\n","protected":false},"excerpt":{"rendered":"<p>Dise\u00f1ado por Ryan Johnson de RMJ Tactical en Chattanooga, Tennessee<\/p>\n","protected":false},"featured_media":166023,"comment_status":"open","ping_status":"closed","template":"","meta":[],"pwb-brand":[3765],"product_brand":[],"product_cat":[3726,3732],"product_tag":[3756],"class_list":{"0":"post-331095","1":"product","2":"type-product","3":"status-publish","4":"has-post-thumbnail","6":"pwb-brand-crkt-es","7":"product_cat-cuchillos","8":"product_cat-ejes","9":"product_tag-b2b-es","11":"first","12":"outofstock","13":"taxable","14":"shipping-taxable","15":"purchasable","16":"product-type-simple"},"brands":[{"id":3765,"name":"CRKT","slug":"crkt-es"}],"_links":{"self":[{"href":"https:\/\/www.moskito.cz\/es\/wp-json\/wp\/v2\/product\/331095","targetHints":{"allow":["GET"]}}],"collection":[{"href":"https:\/\/www.moskito.cz\/es\/wp-json\/wp\/v2\/product"}],"about":[{"href":"https:\/\/www.moskito.cz\/es\/wp-json\/wp\/v2\/types\/product"}],"replies":[{"embeddable":true,"href":"https:\/\/www.moskito.cz\/es\/wp-json\/wp\/v2\/comments?post=331095"}],"wp:featuredmedia":[{"embeddable":true,"href":"https:\/\/www.moskito.cz\/es\/wp-json\/wp\/v2\/media\/166023"}],"wp:attachment":[{"href":"https:\/\/www.moskito.cz\/es\/wp-json\/wp\/v2\/media?parent=331095"}],"wp:term":[{"taxonomy":"pwb-brand","embeddable":true,"href":"https:\/\/www.moskito.cz\/es\/wp-json\/wp\/v2\/pwb-brand?post=331095"},{"taxonomy":"product_brand","embeddable":true,"href":"https:\/\/www.moskito.cz\/es\/wp-json\/wp\/v2\/product_brand?post=331095"},{"taxonomy":"product_cat","embeddable":true,"href":"https:\/\/www.moskito.cz\/es\/wp-json\/wp\/v2\/product_cat?post=331095"},{"taxonomy":"product_tag","embeddable":true,"href":"https:\/\/www.moskito.cz\/es\/wp-json\/wp\/v2\/product_tag?post=331095"}],"curies":[{"name":"wp","href":"https:\/\/api.w.org\/{rel}","templated":true}]}}