{"id":331226,"date":"2023-09-28T09:05:04","date_gmt":"2024-04-12T13:12:56","guid":{"rendered":"https:\/\/www.moskito.cz\/produkt\/hacha-crkt-odr-2753\/"},"modified":"2025-05-07T11:10:36","modified_gmt":"2025-05-07T10:10:36","slug":"hacha-crkt-odr-2753","status":"publish","type":"product","link":"https:\/\/www.moskito.cz\/es\/produkt\/hacha-crkt-odr-2753\/","title":{"rendered":"Hacha CRKT Odr 2753"},"content":{"rendered":"<p>Hacha <strong>CRKT<\/strong> Odr 2753<\/p>\n<p>Una multiherramienta en un hacha, enviada por los dioses.<\/p>\n<p>Con su cabezal multiusos, que tiene una hoja de hacha est\u00e1ndar en un lado y una p\u00faa en el otro, el Odr\u2122 corta como un hacha y rompe el suelo como un pico. Es una herramienta vers\u00e1til para tener a mano en el campamento o en casa, perfecta para partir madera o atravesar terrenos rocosos.<\/p>\n<p>Dureza forjada: el acero al carbono 1055 proporciona durabilidad y retenci\u00f3n de bordes.<br \/>\nProtecci\u00f3n mejorada: el revestimiento negro mejora la resistencia a la corrosi\u00f3n<br \/>\nHerramienta multiusos: parta madera f\u00e1cilmente o utilice la punta para tareas de penetraci\u00f3n<br \/>\nDurable: el nogal Tennessee es un material denso que puede soportar un uso intenso.<br \/>\nTratado al fuego: el mango de nogal Tennessee se cuece para agregar una textura oscura.<\/p>\n<p>Tipo de acero: Acero al carbono<br \/>\nMaterial de la hoja: 1055<br \/>\nMaterial del mango: Madera<br \/>\nCaso: sin caso<br \/>\nLongitud total: 53,3 cm.<br \/>\nPeso: 710 gramos<br \/>\nAcabado de la hoja: negro<\/p>\n<p>&nbsp;<\/p>\n<p>&nbsp;<\/p>\n","protected":false},"excerpt":{"rendered":"<p><strong>Dise\u00f1adorElmer RoushBrasstown, Carolina del Norte.<\/strong><\/p>\n<p><strong>Elmer pas\u00f3 su tiempo en el campo de batalla. Pero lo que realmente le apasiona estos d\u00edas es luchar contra el acero candente con un martillo como un herrero. Le gusta forjar a mano herramientas de borde funcionales y aporta m\u00e1s de 40 a\u00f1os de experiencia al programa Forged By War\u2122. Su especialidad son las hachas y r\u00e9plicas hist\u00f3ricas como las hachas vikingas. Aunque sus dise\u00f1os parecen modernos, en realidad se basan en herramientas e implementos que datan de hace miles de a\u00f1os.<\/strong><\/p>\n<p>&nbsp;<\/p>\n","protected":false},"featured_media":331227,"comment_status":"open","ping_status":"closed","template":"","meta":[],"pwb-brand":[3765],"product_brand":[],"product_cat":[3732],"product_tag":[3756],"class_list":{"0":"post-331226","1":"product","2":"type-product","3":"status-publish","4":"has-post-thumbnail","6":"pwb-brand-crkt-es","7":"product_cat-ejes","8":"product_tag-b2b-es","10":"first","11":"instock","12":"taxable","13":"shipping-taxable","14":"purchasable","15":"product-type-simple"},"brands":[{"id":3765,"name":"CRKT","slug":"crkt-es"}],"_links":{"self":[{"href":"https:\/\/www.moskito.cz\/es\/wp-json\/wp\/v2\/product\/331226","targetHints":{"allow":["GET"]}}],"collection":[{"href":"https:\/\/www.moskito.cz\/es\/wp-json\/wp\/v2\/product"}],"about":[{"href":"https:\/\/www.moskito.cz\/es\/wp-json\/wp\/v2\/types\/product"}],"replies":[{"embeddable":true,"href":"https:\/\/www.moskito.cz\/es\/wp-json\/wp\/v2\/comments?post=331226"}],"wp:featuredmedia":[{"embeddable":true,"href":"https:\/\/www.moskito.cz\/es\/wp-json\/wp\/v2\/media\/331227"}],"wp:attachment":[{"href":"https:\/\/www.moskito.cz\/es\/wp-json\/wp\/v2\/media?parent=331226"}],"wp:term":[{"taxonomy":"pwb-brand","embeddable":true,"href":"https:\/\/www.moskito.cz\/es\/wp-json\/wp\/v2\/pwb-brand?post=331226"},{"taxonomy":"product_brand","embeddable":true,"href":"https:\/\/www.moskito.cz\/es\/wp-json\/wp\/v2\/product_brand?post=331226"},{"taxonomy":"product_cat","embeddable":true,"href":"https:\/\/www.moskito.cz\/es\/wp-json\/wp\/v2\/product_cat?post=331226"},{"taxonomy":"product_tag","embeddable":true,"href":"https:\/\/www.moskito.cz\/es\/wp-json\/wp\/v2\/product_tag?post=331226"}],"curies":[{"name":"wp","href":"https:\/\/api.w.org\/{rel}","templated":true}]}}