{"id":331317,"date":"2022-09-17T14:10:35","date_gmt":"2024-04-12T13:37:11","guid":{"rendered":"https:\/\/www.moskito.cz\/produkt\/cuchillo-macizo-crkt-clever-girl-2709\/"},"modified":"2025-10-25T13:01:27","modified_gmt":"2025-10-25T12:01:27","slug":"cuchillo-macizo-crkt-clever-girl-2709","status":"publish","type":"product","link":"https:\/\/www.moskito.cz\/es\/produkt\/cuchillo-macizo-crkt-clever-girl-2709\/","title":{"rendered":"Cuchillo Macizo CRKT CLEVER GIRL 2709"},"content":{"rendered":"<p>Cuchillo Macizo <strong>CRKT<\/strong> CLEVER GIRL 2709.<\/p>\n<p>Forjados para lucir lo mejor posible cuando las cosas se ponen feas. Cuando est\u00e1s en una situaci\u00f3n de combate oscura, no quieres un ambiente CQB agradable. Quieres algo que puedas dibujar r\u00e1pidamente y usar instintivamente. Ingrese el cuchillo t\u00e1ctico de hoja fija y hoja elevada Clever Girl\u2122.<\/p>\n<p>Como parte del programa Forged By War\u00ae, Austin McGlaun de Columbus, Georgia, dise\u00f1\u00f3 Clever Girl\u2122. De acuerdo con su filosof\u00eda, un cuchillo es m\u00e1s que una herramienta. Es un elemento de disuasi\u00f3n psicol\u00f3gico muy diferente a un arma. Le dice al atacante muy r\u00e1pidamente que habla en serio. Clever Girl\u2122 fue creado para que usted pueda tomarlo, usarlo cuando sea necesario y luego regresar a casa con su familia.<\/p>\n<p>Con una hoja negra con recubrimiento en polvo, es un cuchillo que tiene que ver con la funci\u00f3n. Est\u00e1 aqu\u00ed para protegerte y llevar al soldado a casa al final de su patrulla, ya sea en el campo, en una misi\u00f3n o en entornos de alto estr\u00e9s. Simplemente agarre el mango s\u00f3lido del G10, que proporciona un agarre excepcional, y s\u00e1quelo del estuche. Luego deja que tu cuerpo funcione en piloto autom\u00e1tico.<\/p>\n<p>No querr\u00e1s que una chica bonita te cubra las espaldas cuando luchas por tu vida. Quieres Clever Girl\u2122.<\/p>\n<p>Acerca de Forjados por la guerra\u00ae<\/p>\n<p>En 2013, Ryan Johnson de RMJ Tactical, un dise\u00f1ador de hachas de guerra t\u00e1cticas militares de \u00e9lite, se acerc\u00f3 a CRKT\u00ae con la noticia de que hab\u00eda estado trabajando con varios veteranos de guerra que hab\u00edan regresado de la guerra con diversos grados de estr\u00e9s postraum\u00e1tico (PTS). .<\/p>\n<p>Para ayudarlos a superar sus desaf\u00edos, dise\u00f1aron y forjaron acero en sus propias herramientas. Bas\u00e1ndose en la experiencia adquirida en situaciones de combate, crearon las herramientas que deseaban tener disponibles en el campo de batalla.<\/p>\n<p>CRKT\u00ae se preocupa profundamente por nuestros veteranos que regresan y vimos una manera de retribuir a la comunidad que los cre\u00f3. En 2016, lanzamos el programa Forged By War\u00ae.<\/p>\n<p>Estas son herramientas listas para la misi\u00f3n, dise\u00f1adas por veteranos, y una parte de las ganancias se dona a la organizaci\u00f3n ben\u00e9fica elegida por los veteranos.<\/p>\n<p>ESPECIFICACIONES<br \/>\nLongitud de la hoja 4,60&#8243; (116,84 mm)<br \/>\nHoja de hoja Lisa<br \/>\nHoja de acero SK-5<br \/>\nTratamiento de superficie de la hoja con recubrimiento en polvo<br \/>\nGrosor de la hoja 0,16&#8243; (4,01 mm)<br \/>\nLongitud total 10,13&#8243; (257,18 mm)<br \/>\nPeso 6,30 oz (178,60 g)<br \/>\nmango G10<br \/>\nEstilo Cuchillo de hoja fija con funda.<br \/>\nMaterial de la carcasa Termopl\u00e1stico<br \/>\nPeso de la carcasa 45,36 g (1,60 oz)<\/p>\n<p><iframe title=\"Forged By War:  Clever Girl Knife by Austin McGlaun\" width=\"800\" height=\"450\" src=\"https:\/\/www.youtube.com\/embed\/mquAgNleDpc?feature=oembed\" frameborder=\"0\" allow=\"accelerometer; autoplay; clipboard-write; encrypted-media; gyroscope; picture-in-picture; web-share\" referrerpolicy=\"strict-origin-when-cross-origin\" allowfullscreen><\/iframe><\/p>\n<p>&nbsp;<\/p>\n","protected":false},"excerpt":{"rendered":"<p>Dise\u00f1ado por Austin McGlaun en Columbus, Georgia.<\/p>\n","protected":false},"featured_media":331318,"comment_status":"open","ping_status":"closed","template":"","meta":[],"pwb-brand":[3765],"product_brand":[],"product_cat":[3727,3726],"product_tag":[3756],"class_list":{"0":"post-331317","1":"product","2":"type-product","3":"status-publish","4":"has-post-thumbnail","6":"pwb-brand-crkt-es","7":"product_cat-cuchillos-macizos","8":"product_cat-cuchillos","9":"product_tag-b2b-es","11":"first","12":"instock","13":"taxable","14":"shipping-taxable","15":"purchasable","16":"product-type-simple"},"brands":[{"id":3765,"name":"CRKT","slug":"crkt-es"}],"_links":{"self":[{"href":"https:\/\/www.moskito.cz\/es\/wp-json\/wp\/v2\/product\/331317","targetHints":{"allow":["GET"]}}],"collection":[{"href":"https:\/\/www.moskito.cz\/es\/wp-json\/wp\/v2\/product"}],"about":[{"href":"https:\/\/www.moskito.cz\/es\/wp-json\/wp\/v2\/types\/product"}],"replies":[{"embeddable":true,"href":"https:\/\/www.moskito.cz\/es\/wp-json\/wp\/v2\/comments?post=331317"}],"wp:featuredmedia":[{"embeddable":true,"href":"https:\/\/www.moskito.cz\/es\/wp-json\/wp\/v2\/media\/331318"}],"wp:attachment":[{"href":"https:\/\/www.moskito.cz\/es\/wp-json\/wp\/v2\/media?parent=331317"}],"wp:term":[{"taxonomy":"pwb-brand","embeddable":true,"href":"https:\/\/www.moskito.cz\/es\/wp-json\/wp\/v2\/pwb-brand?post=331317"},{"taxonomy":"product_brand","embeddable":true,"href":"https:\/\/www.moskito.cz\/es\/wp-json\/wp\/v2\/product_brand?post=331317"},{"taxonomy":"product_cat","embeddable":true,"href":"https:\/\/www.moskito.cz\/es\/wp-json\/wp\/v2\/product_cat?post=331317"},{"taxonomy":"product_tag","embeddable":true,"href":"https:\/\/www.moskito.cz\/es\/wp-json\/wp\/v2\/product_tag?post=331317"}],"curies":[{"name":"wp","href":"https:\/\/api.w.org\/{rel}","templated":true}]}}