{"id":331395,"date":"2023-12-15T20:58:39","date_gmt":"2024-04-12T13:40:00","guid":{"rendered":"https:\/\/www.moskito.cz\/produkt\/cuchillo-fijo-columbia-river-crkt-bugsy-lavado-a-la-piedra-3600\/"},"modified":"2025-05-07T11:10:40","modified_gmt":"2025-05-07T10:10:40","slug":"cuchillo-fijo-columbia-river-crkt-bugsy-lavado-a-la-piedra-3600","status":"publish","type":"product","link":"https:\/\/www.moskito.cz\/es\/produkt\/cuchillo-fijo-columbia-river-crkt-bugsy-lavado-a-la-piedra-3600\/","title":{"rendered":"Cuchillo fijo Columbia River CRKT Bugsy lavado a la piedra 3600"},"content":{"rendered":"<p>Cuchillo fijo Columbia River <strong>CRKT<\/strong> Bugsy lavado a la piedra 3600<\/p>\n<p>Nacido en la jungla y fabricado en los EE. UU., el Fixed Blade <strong>Bugsy<\/strong> es el primer cuchillo CRKT de la fabricante de cuchillos personalizados y superviviente Kaila Cumings. Con la portabilidad y la comodidad como objetivos principales del dise\u00f1o, el mango es lo m\u00e1s compacto posible sin sacrificar la ergonom\u00eda y el cord\u00f3n incluido proporciona un agarre adicional. Bugsy lleva el nombre en parte de la primera aparici\u00f3n de Kaila en \u00abNaked and Afraid\u00bb de Discovery, que la dej\u00f3 cubierta de pies a cabeza por picaduras de insectos en la selva colombiana. Pero tambi\u00e9n hay una conexi\u00f3n m\u00e1s alegre con el nombre: es el apodo de su hija.<\/p>\n<p>Bugsy es una pala fija compacta premium disponible en dos versiones para adaptarse a las diferentes necesidades de los entusiastas del aire libre. Elija entre una hoja lavada a la piedra con un borde liso, un mango de Micarta, con una funda de cuero; o una hoja recubierta de Cerakote negra con dientes Veff, empu\u00f1adura G10 negra a juego y funda Kydex.<\/p>\n<p>Ambos modelos est\u00e1n fabricados en EE. UU. con acero al carbono 1095 para mayor resistencia y retenci\u00f3n de bordes. La hoja de casi 4 pulgadas tiene una barriga grande, lo que la hace adecuada para la caza, y las Veff Serrations sacrifican parte de la longitud de la hoja por la capacidad de cortar cuerdas. Con los principales objetivos de dise\u00f1o de portabilidad y comodidad, el mango es lo m\u00e1s compacto posible sin sacrificar la ergonom\u00eda, y el cord\u00f3n incluido proporciona un agarre adicional.<\/p>\n<p>Al crecer en la zona rural de New Hampshire, Kaila se enamor\u00f3 del aire libre luego de que su padre la llevara a cazar, pescar y acampar, lo que ayud\u00f3 a inculcarle habilidades de supervivencia a una edad temprana. Esto eventualmente lo llev\u00f3 a una carrera como cuchillo y una especie de superviviente profesional, apareciendo tres veces en \u00abNaked and Afraid\u00bb de Discovery, un programa en el que los concursantes se las arreglan solos en lugares remotos durante 21 d\u00edas y noches.<\/p>\n<p>Hecho en EE.UU<br \/>\nEl acero al carbono 1095 proporciona durabilidad y retenci\u00f3n de bordes.<br \/>\nEl mango Micarta combina fuerza con atractivo visual.<br \/>\nEl mando cuenta con un mango extendido para un mayor control.<br \/>\nFunda de cuero de plena flor duradera y de alta calidad con presilla para cintur\u00f3n<\/p>\n<p>Especificaciones<br \/>\nLongitud de la hoja: 9,6 cm<br \/>\nLongitud del mango: 9,28 cm<br \/>\nLongitud total: 18,89 cm<br \/>\nMaterial de la hoja: acero con alto contenido de carbono 1095<br \/>\nGrosor de la hoja: 0,38 cm.<br \/>\nEstilo de hoja: Punto de ca\u00edda<br \/>\nTratamiento superficial de la hoja: Stonewash<br \/>\nMaterial mango: Micarta Marr\u00f3n<br \/>\nMaterial de la caja: Cuero<br \/>\nPeso: 4,30 onzas. (121,90 g)<br \/>\nPeso con estuche: 7,10 oz. (201,28 g)<br \/>\nDise\u00f1ador: Kaila Cummings<br \/>\nFabricado en Estados Unidos por TOPS Knives.<\/p>\n<p><iframe title=\"CRKT BUGSY\u2122 I Kaila Cumings Design\" width=\"800\" height=\"450\" src=\"https:\/\/www.youtube.com\/embed\/ObJ9Jpv211A?feature=oembed\" frameborder=\"0\" allow=\"accelerometer; autoplay; clipboard-write; encrypted-media; gyroscope; picture-in-picture; web-share\" referrerpolicy=\"strict-origin-when-cross-origin\" allowfullscreen><\/iframe><\/p>\n<p>&nbsp;<\/p>\n","protected":false},"excerpt":{"rendered":"<p><strong>DISE\u00d1ADORA: Kaila Cumings<\/strong><br \/>\n<strong>Brattleboro (Vermont)<\/strong><br \/>\n<strong>Kaila Cumings, aventurera de toda la vida, creci\u00f3 acampando y cazando en los bosques de la zona rural de New Hampshire. Kaila es una fabricante de cuchillos personalizados que trabaja a mano en la forja y el yunque, se deja guiar por el metal y vive seg\u00fan el lema de que no hay hojas rotas, s\u00f3lo cuchillos m\u00e1s peque\u00f1os.<\/strong><\/p>\n","protected":false},"featured_media":331396,"comment_status":"open","ping_status":"closed","template":"","meta":[],"pwb-brand":[3765],"product_brand":[],"product_cat":[3726,3727],"product_tag":[3756],"class_list":{"0":"post-331395","1":"product","2":"type-product","3":"status-publish","4":"has-post-thumbnail","6":"pwb-brand-crkt-es","7":"product_cat-cuchillos","8":"product_cat-cuchillos-macizos","9":"product_tag-b2b-es","11":"first","12":"instock","13":"taxable","14":"shipping-taxable","15":"purchasable","16":"product-type-simple"},"brands":[{"id":3765,"name":"CRKT","slug":"crkt-es"}],"_links":{"self":[{"href":"https:\/\/www.moskito.cz\/es\/wp-json\/wp\/v2\/product\/331395","targetHints":{"allow":["GET"]}}],"collection":[{"href":"https:\/\/www.moskito.cz\/es\/wp-json\/wp\/v2\/product"}],"about":[{"href":"https:\/\/www.moskito.cz\/es\/wp-json\/wp\/v2\/types\/product"}],"replies":[{"embeddable":true,"href":"https:\/\/www.moskito.cz\/es\/wp-json\/wp\/v2\/comments?post=331395"}],"wp:featuredmedia":[{"embeddable":true,"href":"https:\/\/www.moskito.cz\/es\/wp-json\/wp\/v2\/media\/331396"}],"wp:attachment":[{"href":"https:\/\/www.moskito.cz\/es\/wp-json\/wp\/v2\/media?parent=331395"}],"wp:term":[{"taxonomy":"pwb-brand","embeddable":true,"href":"https:\/\/www.moskito.cz\/es\/wp-json\/wp\/v2\/pwb-brand?post=331395"},{"taxonomy":"product_brand","embeddable":true,"href":"https:\/\/www.moskito.cz\/es\/wp-json\/wp\/v2\/product_brand?post=331395"},{"taxonomy":"product_cat","embeddable":true,"href":"https:\/\/www.moskito.cz\/es\/wp-json\/wp\/v2\/product_cat?post=331395"},{"taxonomy":"product_tag","embeddable":true,"href":"https:\/\/www.moskito.cz\/es\/wp-json\/wp\/v2\/product_tag?post=331395"}],"curies":[{"name":"wp","href":"https:\/\/api.w.org\/{rel}","templated":true}]}}