{"id":331404,"date":"2022-09-14T20:11:21","date_gmt":"2024-04-12T13:43:22","guid":{"rendered":"https:\/\/www.moskito.cz\/produkt\/cuchillo-fijo-crkt-biwa-2382\/"},"modified":"2024-04-12T14:43:22","modified_gmt":"2024-04-12T13:43:22","slug":"cuchillo-fijo-crkt-biwa-2382","status":"publish","type":"product","link":"https:\/\/www.moskito.cz\/es\/produkt\/cuchillo-fijo-crkt-biwa-2382\/","title":{"rendered":"Cuchillo Fijo CRKT BIWA 2382"},"content":{"rendered":"<p>Cuchillo Fijo <strong>CRKT<\/strong> BIWA 2382.<\/p>\n<p>Construcci\u00f3n de plumas para cualquier cosa que termine en el men\u00fa del campamento. Cuando incluso el m\u00e1s m\u00ednimo peso extra importa, el cuchillo de caza y pesca de hoja fija liviano Biwa\u2122 \/bee-wah\/ es la elecci\u00f3n. Con un peso de s\u00f3lo 1,6 onzas, se mete tan sigilosamente como algunas otras moscas secas, pero se balancea cuando una trucha de monta\u00f1a golpea su l\u00ednea.<\/p>\n<p>El dise\u00f1ador Alan Folts, con sede en Melbourne, Florida, cre\u00f3 el cuchillo personalizado que se convertir\u00eda en el Biwa\u2122 despu\u00e9s de superar la presi\u00f3n de sus amigos cazadores minimalistas para crear un cuchillo de caza que pesara lo menos posible. Biwa\u2122, que lleva el nombre de una especie de trucha japonesa, da en el blanco.<\/p>\n<p>El largo cono distal de la hoja con acabado satinado es una poderosa herramienta para cortar, cerrar y m\u00e1s. Cuando encuentre la ranura en el mango G10, est\u00e1 hecha de tal manera que sabr\u00e1 d\u00f3nde est\u00e1 la hoja incluso si todo el cuchillo se pierde de vista. La resistente funda moldeada por inyecci\u00f3n se fija f\u00e1cilmente a una mochila o se convierte r\u00e1pidamente en un cuchillo para el cuello.<\/p>\n<p>Criaturas de la naturaleza, tengan cuidado.<\/p>\n<p>ESPECIFICACIONES<br \/>\nLongitud de la hoja 3,02&#8243; (76,66 mm)<br \/>\nHoja de hoja Lisa<br \/>\nHoja de acero 8Cr13MoV<br \/>\nTratamiento superficial de la hoja Satinado<br \/>\nGrosor de la hoja 0,11&#8243; (2,82 mm)<br \/>\nLongitud total 6,63&#8243; (168,28 mm)<br \/>\nPeso 1,60 oz (45,36 g)<br \/>\nMango Fibra impregnada de resina.<br \/>\nEstilo Cuchillo de hoja fija con funda.<br \/>\nMaterial de la carcasa Termopl\u00e1stico<br \/>\nPeso de la carcasa 31,18 g (1,10 oz)<\/p>\n<p><iframe title=\"CRKT BIWA\u2122 | Alan Folts Design\" width=\"800\" height=\"450\" src=\"https:\/\/www.youtube.com\/embed\/svqloJHdQ4E?feature=oembed\" frameborder=\"0\" allow=\"accelerometer; autoplay; clipboard-write; encrypted-media; gyroscope; picture-in-picture; web-share\" referrerpolicy=\"strict-origin-when-cross-origin\" allowfullscreen><\/iframe><\/p>\n<p>&nbsp;<\/p>\n","protected":false},"excerpt":{"rendered":"<p>Dise\u00f1ado por Alan Folts en Melbourne, Florida.<\/p>\n","protected":false},"featured_media":331405,"comment_status":"open","ping_status":"closed","template":"","meta":[],"pwb-brand":[3765],"product_brand":[],"product_cat":[3727,3726],"product_tag":[3756],"class_list":{"0":"post-331404","1":"product","2":"type-product","3":"status-publish","4":"has-post-thumbnail","6":"pwb-brand-crkt-es","7":"product_cat-cuchillos-macizos","8":"product_cat-cuchillos","9":"product_tag-b2b-es","11":"first","12":"instock","13":"sale","14":"taxable","15":"shipping-taxable","16":"purchasable","17":"product-type-simple"},"brands":[{"id":3765,"name":"CRKT","slug":"crkt-es"}],"_links":{"self":[{"href":"https:\/\/www.moskito.cz\/es\/wp-json\/wp\/v2\/product\/331404","targetHints":{"allow":["GET"]}}],"collection":[{"href":"https:\/\/www.moskito.cz\/es\/wp-json\/wp\/v2\/product"}],"about":[{"href":"https:\/\/www.moskito.cz\/es\/wp-json\/wp\/v2\/types\/product"}],"replies":[{"embeddable":true,"href":"https:\/\/www.moskito.cz\/es\/wp-json\/wp\/v2\/comments?post=331404"}],"wp:featuredmedia":[{"embeddable":true,"href":"https:\/\/www.moskito.cz\/es\/wp-json\/wp\/v2\/media\/331405"}],"wp:attachment":[{"href":"https:\/\/www.moskito.cz\/es\/wp-json\/wp\/v2\/media?parent=331404"}],"wp:term":[{"taxonomy":"pwb-brand","embeddable":true,"href":"https:\/\/www.moskito.cz\/es\/wp-json\/wp\/v2\/pwb-brand?post=331404"},{"taxonomy":"product_brand","embeddable":true,"href":"https:\/\/www.moskito.cz\/es\/wp-json\/wp\/v2\/product_brand?post=331404"},{"taxonomy":"product_cat","embeddable":true,"href":"https:\/\/www.moskito.cz\/es\/wp-json\/wp\/v2\/product_cat?post=331404"},{"taxonomy":"product_tag","embeddable":true,"href":"https:\/\/www.moskito.cz\/es\/wp-json\/wp\/v2\/product_tag?post=331404"}],"curies":[{"name":"wp","href":"https:\/\/api.w.org\/{rel}","templated":true}]}}