{"id":331517,"date":"2022-09-14T17:27:14","date_gmt":"2024-04-12T13:49:08","guid":{"rendered":"https:\/\/www.moskito.cz\/produkt\/navaja-fija-crkt-spec-pequeno-bolsillo-diario-cleaver-2398\/"},"modified":"2025-05-07T11:10:41","modified_gmt":"2025-05-07T10:10:41","slug":"navaja-fija-crkt-spec-pequeno-bolsillo-diario-cleaver-2398","status":"publish","type":"product","link":"https:\/\/www.moskito.cz\/es\/produkt\/navaja-fija-crkt-spec-pequeno-bolsillo-diario-cleaver-2398\/","title":{"rendered":"Navaja Fija CRKT SPEC (PEQUE\u00d1O. BOLSILLO. DIARIO. CLEAVER.) 2398"},"content":{"rendered":"<p>Navaja Fija <strong>CRKT<\/strong> SPEC (PEQUE\u00d1O. BOLSILLO. DIARIO. CLEAVER.) 2398.<\/p>\n<p>Potente contendiente de corte.<\/p>\n<p>Al picar, rebanar o cortar en cubitos, el SPEC\u2122 (LITTLE POCKET. EVERY DAY. CLEAVER.) se encarga de tus necesidades de corte mientras viajas. Dise\u00f1ado por el fabricante de cuchillos Alan Folts, este cuchillo port\u00e1til es un elemento b\u00e1sico muy solicitado para cocinas de campamento, carpinter\u00eda y diversas tareas de garaje. Inspirado en el poderoso cuchillo de carnicero hecho para la tabla de cortar, este cuchillo redise\u00f1ado no deja que su tama\u00f1o port\u00e1til lo frene.<\/p>\n<p>ESPECIFICACIONES<br \/>\nLongitud de la hoja 2,44&#8243; (61,87 mm)<br \/>\nHoja de hoja Lisa<br \/>\nHoja de acero 8Cr13MoV<br \/>\nAcabado de la superficie de la hoja Granallado<br \/>\nGrosor de la hoja 0,10&#8243; (2,64 mm)<br \/>\nLongitud total 5,63&#8243; (142,88 mm)<br \/>\nPeso 2,10 oz (59,53 g)<br \/>\nmango G10<br \/>\nEstilo Cuchillo de hoja fija con funda.<br \/>\nMaterial de la carcasa Termopl\u00e1stico<br \/>\nPeso de la carcasa 31,18 g (1,10 oz)<\/p>\n","protected":false},"excerpt":{"rendered":"<p>Dise\u00f1ado por Alan Folts en Melbourne, Florida.<\/p>\n","protected":false},"featured_media":331518,"comment_status":"open","ping_status":"closed","template":"","meta":[],"pwb-brand":[3765],"product_brand":[],"product_cat":[3726,3727],"product_tag":[3756],"class_list":{"0":"post-331517","1":"product","2":"type-product","3":"status-publish","4":"has-post-thumbnail","6":"pwb-brand-crkt-es","7":"product_cat-cuchillos","8":"product_cat-cuchillos-macizos","9":"product_tag-b2b-es","11":"first","12":"instock","13":"taxable","14":"shipping-taxable","15":"purchasable","16":"product-type-simple"},"brands":[{"id":3765,"name":"CRKT","slug":"crkt-es"}],"_links":{"self":[{"href":"https:\/\/www.moskito.cz\/es\/wp-json\/wp\/v2\/product\/331517","targetHints":{"allow":["GET"]}}],"collection":[{"href":"https:\/\/www.moskito.cz\/es\/wp-json\/wp\/v2\/product"}],"about":[{"href":"https:\/\/www.moskito.cz\/es\/wp-json\/wp\/v2\/types\/product"}],"replies":[{"embeddable":true,"href":"https:\/\/www.moskito.cz\/es\/wp-json\/wp\/v2\/comments?post=331517"}],"wp:featuredmedia":[{"embeddable":true,"href":"https:\/\/www.moskito.cz\/es\/wp-json\/wp\/v2\/media\/331518"}],"wp:attachment":[{"href":"https:\/\/www.moskito.cz\/es\/wp-json\/wp\/v2\/media?parent=331517"}],"wp:term":[{"taxonomy":"pwb-brand","embeddable":true,"href":"https:\/\/www.moskito.cz\/es\/wp-json\/wp\/v2\/pwb-brand?post=331517"},{"taxonomy":"product_brand","embeddable":true,"href":"https:\/\/www.moskito.cz\/es\/wp-json\/wp\/v2\/product_brand?post=331517"},{"taxonomy":"product_cat","embeddable":true,"href":"https:\/\/www.moskito.cz\/es\/wp-json\/wp\/v2\/product_cat?post=331517"},{"taxonomy":"product_tag","embeddable":true,"href":"https:\/\/www.moskito.cz\/es\/wp-json\/wp\/v2\/product_tag?post=331517"}],"curies":[{"name":"wp","href":"https:\/\/api.w.org\/{rel}","templated":true}]}}