{"id":331622,"date":"2022-09-13T20:26:20","date_gmt":"2024-04-12T13:52:22","guid":{"rendered":"https:\/\/www.moskito.cz\/produkt\/cuchillo-fijo-crkt-obake-2367\/"},"modified":"2025-05-07T11:10:42","modified_gmt":"2025-05-07T10:10:42","slug":"cuchillo-fijo-crkt-obake-2367","status":"publish","type":"product","link":"https:\/\/www.moskito.cz\/es\/produkt\/cuchillo-fijo-crkt-obake-2367\/","title":{"rendered":"Cuchillo Fijo CRKT OBAKE 2367"},"content":{"rendered":"<p>Cuchillo Fijo <strong>CRKT<\/strong> OBAKE 2367.<\/p>\n<p>Dice algo sobre ti. Acaba de salir.<\/p>\n<p>Con una hoja grabada de forma \u00fanica y un mango estilo piel de raya envuelto alrededor de un cord\u00f3n, este cuchillo de inspiraci\u00f3n t\u00e1ctica para uso diario es el verdadero ep\u00edtome de lo genial.<\/p>\n<p>Dise\u00f1ado por Lucas Burnley de Bend, Oreg\u00f3n, el Obake\u2122 es una combinaci\u00f3n refinada de estilo de cuchillo cl\u00e1sico construido con materiales y t\u00e9cnicas modernas. Es otro ejemplo de la creencia de Burnley de que los cuchillos son una expresi\u00f3n personal de independencia. Y \u00e9ste hace una declaraci\u00f3n cuando lo pones en acci\u00f3n.<\/p>\n<p>Un retroceso al dise\u00f1o cl\u00e1sico japon\u00e9s Kwaiken, presenta una hoja s\u00f3lida con un exclusivo acabado de nitruro de titanio gris grabado al \u00e1cido para darle a cada cuchillo un aspecto \u00fanico. Es como si hubiera hecho una espada exclusivamente para que la deseches cuando surja la necesidad de utilidad.<\/p>\n<p>El mango cuenta con un cord\u00f3n de nailon estilo Katana envuelto en piel sint\u00e9tica negra para un agarre excepcional y seguro en todo tipo de clima. Cuando se avecinan tormentas o problemas, estar\u00e1s preparado.<\/p>\n<p>La funda Obake\u2122 est\u00e1 hecha de nailon reforzado con fibra de vidrio para una retenci\u00f3n constante incluso en ambientes h\u00famedos. El cord\u00f3n de paracord de la funda est\u00e1 dise\u00f1ado para sujetarse a la presilla del cintur\u00f3n y mantener la funda en su lugar cuando se despliega el cuchillo. Una cuenta de calavera agrega un acento no tan sutil al cord\u00f3n de paracord.<\/p>\n<p>Obake\u2122 no est\u00e1 buscando trabajo, pero est\u00e1 listo para presentarse como un jefe cuando llegue el momento de hacer el trabajo.<\/p>\n<p>ESPECIFICACIONES<br \/>\nLongitud de la hoja 3,55&#8243; (90,27 mm)<br \/>\nHoja de hoja Lisa<br \/>\nHoja de acero 8Cr13MoV<br \/>\nTratamiento de la superficie de la hoja Nitruro de titanio, grabado \u00e1cido<br \/>\nGrosor de la hoja 0,13&#8243; (3,18 mm)<br \/>\nLongitud total 7,56&#8243; (192,10 mm)<br \/>\nPeso 2,40 oz (68,04 g)<br \/>\nMango de acero inoxidable envuelto con cable.<br \/>\nEstilo Cuchillo de hoja fija con funda.<br \/>\nCord\u00f3n de vaina Cord\u00f3n negro; Cuenta de calavera de metal &#8211; aleaci\u00f3n de zinc fundido, cromado galv\u00e1nico<br \/>\nMaterial de la carcasa Termopl\u00e1stico<br \/>\nPeso de la carcasa 31,18 g (1,10 oz)<\/p>\n<p><iframe title=\"CRKT Obake Knife Overview | by Lucas Burnley\" width=\"800\" height=\"450\" src=\"https:\/\/www.youtube.com\/embed\/NpIHiL2JFnc?feature=oembed\" frameborder=\"0\" allow=\"accelerometer; autoplay; clipboard-write; encrypted-media; gyroscope; picture-in-picture; web-share\" referrerpolicy=\"strict-origin-when-cross-origin\" allowfullscreen><\/iframe><\/p>\n<p>&nbsp;<\/p>\n","protected":false},"excerpt":{"rendered":"<p>Dise\u00f1ado por Lucas Burnley en Bend, Oreg\u00f3n.<\/p>\n","protected":false},"featured_media":331623,"comment_status":"open","ping_status":"closed","template":"","meta":[],"pwb-brand":[3765],"product_brand":[],"product_cat":[3727,3726],"product_tag":[3756],"class_list":{"0":"post-331622","1":"product","2":"type-product","3":"status-publish","4":"has-post-thumbnail","6":"pwb-brand-crkt-es","7":"product_cat-cuchillos-macizos","8":"product_cat-cuchillos","9":"product_tag-b2b-es","11":"first","12":"outofstock","13":"taxable","14":"shipping-taxable","15":"purchasable","16":"product-type-simple"},"brands":[{"id":3765,"name":"CRKT","slug":"crkt-es"}],"_links":{"self":[{"href":"https:\/\/www.moskito.cz\/es\/wp-json\/wp\/v2\/product\/331622","targetHints":{"allow":["GET"]}}],"collection":[{"href":"https:\/\/www.moskito.cz\/es\/wp-json\/wp\/v2\/product"}],"about":[{"href":"https:\/\/www.moskito.cz\/es\/wp-json\/wp\/v2\/types\/product"}],"replies":[{"embeddable":true,"href":"https:\/\/www.moskito.cz\/es\/wp-json\/wp\/v2\/comments?post=331622"}],"wp:featuredmedia":[{"embeddable":true,"href":"https:\/\/www.moskito.cz\/es\/wp-json\/wp\/v2\/media\/331623"}],"wp:attachment":[{"href":"https:\/\/www.moskito.cz\/es\/wp-json\/wp\/v2\/media?parent=331622"}],"wp:term":[{"taxonomy":"pwb-brand","embeddable":true,"href":"https:\/\/www.moskito.cz\/es\/wp-json\/wp\/v2\/pwb-brand?post=331622"},{"taxonomy":"product_brand","embeddable":true,"href":"https:\/\/www.moskito.cz\/es\/wp-json\/wp\/v2\/product_brand?post=331622"},{"taxonomy":"product_cat","embeddable":true,"href":"https:\/\/www.moskito.cz\/es\/wp-json\/wp\/v2\/product_cat?post=331622"},{"taxonomy":"product_tag","embeddable":true,"href":"https:\/\/www.moskito.cz\/es\/wp-json\/wp\/v2\/product_tag?post=331622"}],"curies":[{"name":"wp","href":"https:\/\/api.w.org\/{rel}","templated":true}]}}