{"id":331711,"date":"2022-09-14T19:42:17","date_gmt":"2024-04-12T13:55:22","guid":{"rendered":"https:\/\/www.moskito.cz\/produkt\/navaja-fija-crkt-tailbone-2415\/"},"modified":"2025-05-07T11:10:44","modified_gmt":"2025-05-07T10:10:44","slug":"navaja-fija-crkt-tailbone-2415","status":"publish","type":"product","link":"https:\/\/www.moskito.cz\/es\/produkt\/navaja-fija-crkt-tailbone-2415\/","title":{"rendered":"Navaja Fija CRKT TAILBONE 2415"},"content":{"rendered":"<p>Navaja Fija <strong>CRKT<\/strong> TAILBONE 2415.<\/p>\n<p>Puede parecer una espada s\u00f3lida, pero hay m\u00e1s. A primera vista, el cuchillo para exteriores de hoja fija Tailbone\u2122 parece un cuchillo de cuello com\u00fan y corriente con un mango envuelto en paracord. Pero cobra vida en la mano. El mango de cadena de la m\u00e1quina se mueve para una excelente ergonom\u00eda, pero permanece perfectamente fijo al cortar o rebanar. Es muy \u00fatil y completamente inesperado.<\/p>\n<p>En nuestro mundo, la biom\u00edmesis (dise\u00f1os inspirados en el mundo natural) est\u00e1 en todas partes. TJ Schwarz de Boise, Idaho, tom\u00f3 prestado este concepto cuando dise\u00f1\u00f3 un mango de cuchillo de hoja fija basado en la espina de pescado. TJ nunca rehuye una idea nueva y audaz. TJ ha creado el Tailbone\u2122 con una sencilla hoja con punta lavada a la piedra y un mango que saca lo convencional del agua. El mango flexible se mueve verticalmente y se adapta a su agarre o pecho cuando se usa como cuchillo para el cuello sin permitir ning\u00fan juego horizontal. Est\u00e1 envuelto en paracord para un mejor agarre con una gran abertura para los dedos y ribetes para control. La resistente funda moldeada por inyecci\u00f3n se fija f\u00e1cilmente a una mochila o se convierte r\u00e1pidamente en un cuchillo para el cuello.<\/p>\n<p>Tailbone\u2122 es todo lo que esperabas y todo lo que la Madre Naturaleza no hizo.<\/p>\n<p>ESPECIFICACIONES<br \/>\nLongitud de la hoja 2,13&#8243; (53,98 mm)<br \/>\nHoja de hoja Lisa<br \/>\nHoja de acero 8Cr13MoV<br \/>\nAcabado de la hoja lavado a la piedra<br \/>\nGrosor de la hoja 0,15&#8243; (3,91 mm)<br \/>\nLongitud total 6,31&#8243; (160,35 mm)<br \/>\nPeso 2,00 oz (56,70 g)<br \/>\nMango de acero al carbono envuelto con cord\u00f3n.<br \/>\nEstilo Cuchillo de hoja fija con funda.<br \/>\nMaterial de la carcasa Termopl\u00e1stico<br \/>\nPeso de la carcasa 28,35 g (1,00 oz)<\/p>\n<p><iframe title=\"CRKT TAILBONE\u2122 | T.J. Schwarz Design\" width=\"800\" height=\"450\" src=\"https:\/\/www.youtube.com\/embed\/_nRDhu-pd_w?feature=oembed\" frameborder=\"0\" allow=\"accelerometer; autoplay; clipboard-write; encrypted-media; gyroscope; picture-in-picture; web-share\" referrerpolicy=\"strict-origin-when-cross-origin\" allowfullscreen><\/iframe><\/p>\n<p>&nbsp;<\/p>\n","protected":false},"excerpt":{"rendered":"<p>Dise\u00f1ado por TJ Schwarz en Boise, Idaho.<\/p>\n","protected":false},"featured_media":331712,"comment_status":"open","ping_status":"closed","template":"","meta":[],"pwb-brand":[3765],"product_brand":[],"product_cat":[3727,3726],"product_tag":[3756],"class_list":{"0":"post-331711","1":"product","2":"type-product","3":"status-publish","4":"has-post-thumbnail","6":"pwb-brand-crkt-es","7":"product_cat-cuchillos-macizos","8":"product_cat-cuchillos","9":"product_tag-b2b-es","11":"first","12":"instock","13":"sale","14":"taxable","15":"shipping-taxable","16":"purchasable","17":"product-type-simple"},"brands":[{"id":3765,"name":"CRKT","slug":"crkt-es"}],"_links":{"self":[{"href":"https:\/\/www.moskito.cz\/es\/wp-json\/wp\/v2\/product\/331711","targetHints":{"allow":["GET"]}}],"collection":[{"href":"https:\/\/www.moskito.cz\/es\/wp-json\/wp\/v2\/product"}],"about":[{"href":"https:\/\/www.moskito.cz\/es\/wp-json\/wp\/v2\/types\/product"}],"replies":[{"embeddable":true,"href":"https:\/\/www.moskito.cz\/es\/wp-json\/wp\/v2\/comments?post=331711"}],"wp:featuredmedia":[{"embeddable":true,"href":"https:\/\/www.moskito.cz\/es\/wp-json\/wp\/v2\/media\/331712"}],"wp:attachment":[{"href":"https:\/\/www.moskito.cz\/es\/wp-json\/wp\/v2\/media?parent=331711"}],"wp:term":[{"taxonomy":"pwb-brand","embeddable":true,"href":"https:\/\/www.moskito.cz\/es\/wp-json\/wp\/v2\/pwb-brand?post=331711"},{"taxonomy":"product_brand","embeddable":true,"href":"https:\/\/www.moskito.cz\/es\/wp-json\/wp\/v2\/product_brand?post=331711"},{"taxonomy":"product_cat","embeddable":true,"href":"https:\/\/www.moskito.cz\/es\/wp-json\/wp\/v2\/product_cat?post=331711"},{"taxonomy":"product_tag","embeddable":true,"href":"https:\/\/www.moskito.cz\/es\/wp-json\/wp\/v2\/product_tag?post=331711"}],"curies":[{"name":"wp","href":"https:\/\/api.w.org\/{rel}","templated":true}]}}