{"id":331778,"date":"2022-09-14T20:55:19","date_gmt":"2024-04-12T13:56:52","guid":{"rendered":"https:\/\/www.moskito.cz\/produkt\/cuchillo-fijo-crkt-minimalist-katana-2394\/"},"modified":"2025-05-07T11:10:45","modified_gmt":"2025-05-07T10:10:45","slug":"cuchillo-fijo-crkt-minimalist-katana-2394","status":"publish","type":"product","link":"https:\/\/www.moskito.cz\/es\/produkt\/cuchillo-fijo-crkt-minimalist-katana-2394\/","title":{"rendered":"Cuchillo Fijo CRKT MINIMALIST KATANA 2394"},"content":{"rendered":"<p>Navaja Fija <strong>CRKT<\/strong> MINIMALIST KATANA 2394.<\/p>\n<p>La precisi\u00f3n es poder.<\/p>\n<p>El fabricante de cuchillos Alan Folts presenta la Katana Minimalist\u00ae, un dise\u00f1o que tiene tanto que ver con el control como con la habilidad. Siguiendo el modelo del Minimalist\u00ae original con una hoja un poco m\u00e1s grande, a\u00fan puedes deleitarte con su composici\u00f3n liviana y port\u00e1til para una versatilidad mientras viajas. Agarre el asa de tres dedos y lo sabr\u00e1 de inmediato: esto es Minimalist\u00ae de principio a fin.<br \/>\nF\u00e1cil afilado: la hoja de acero inoxidable con alto contenido de carbono sujeta bien el borde<br \/>\nMinimiza el reflejo: el tratamiento de superficie con chorro de perlas reduce el reflejo<br \/>\nS\u00f3lido y visual: el mango de resina combina resistencia con atractivo visual<br \/>\nCompatible con engranajes: carcasa termopl\u00e1stica duradera con opci\u00f3n de montaje<br \/>\nHerramienta compacta: Ligera y f\u00e1cil de transportar.<\/p>\n<p>ESPECIFICACIONES<br \/>\nLongitud de la hoja 3,56&#8243; (90,50 mm)<br \/>\nHoja de hoja Lisa<br \/>\nHoja de acero 8Cr13MoV<br \/>\nAcabado de la superficie de la hoja Granallado<br \/>\nGrosor de la hoja 0,13&#8243; (3,30 mm)<br \/>\nLongitud total 6,63&#8243; (168,28 mm)<br \/>\nPeso 2,40 oz (68,04 g)<br \/>\nMango Fibra impregnada de resina.<br \/>\nEstilo Cuchillo de hoja fija con funda.<br \/>\nMaterial de la carcasa Termopl\u00e1stico<br \/>\nPeso de la carcasa 36,85 g (1,30 oz)<\/p>\n<p>&nbsp;<\/p>\n","protected":false},"excerpt":{"rendered":"<p>Dise\u00f1ado por Alan Folts en Melbourne, Florida.<\/p>\n","protected":false},"featured_media":331779,"comment_status":"open","ping_status":"closed","template":"","meta":[],"pwb-brand":[3765],"product_brand":[],"product_cat":[3726,3727],"product_tag":[3756],"class_list":{"0":"post-331778","1":"product","2":"type-product","3":"status-publish","4":"has-post-thumbnail","6":"pwb-brand-crkt-es","7":"product_cat-cuchillos","8":"product_cat-cuchillos-macizos","9":"product_tag-b2b-es","11":"first","12":"instock","13":"taxable","14":"shipping-taxable","15":"purchasable","16":"product-type-simple"},"brands":[{"id":3765,"name":"CRKT","slug":"crkt-es"}],"_links":{"self":[{"href":"https:\/\/www.moskito.cz\/es\/wp-json\/wp\/v2\/product\/331778","targetHints":{"allow":["GET"]}}],"collection":[{"href":"https:\/\/www.moskito.cz\/es\/wp-json\/wp\/v2\/product"}],"about":[{"href":"https:\/\/www.moskito.cz\/es\/wp-json\/wp\/v2\/types\/product"}],"replies":[{"embeddable":true,"href":"https:\/\/www.moskito.cz\/es\/wp-json\/wp\/v2\/comments?post=331778"}],"wp:featuredmedia":[{"embeddable":true,"href":"https:\/\/www.moskito.cz\/es\/wp-json\/wp\/v2\/media\/331779"}],"wp:attachment":[{"href":"https:\/\/www.moskito.cz\/es\/wp-json\/wp\/v2\/media?parent=331778"}],"wp:term":[{"taxonomy":"pwb-brand","embeddable":true,"href":"https:\/\/www.moskito.cz\/es\/wp-json\/wp\/v2\/pwb-brand?post=331778"},{"taxonomy":"product_brand","embeddable":true,"href":"https:\/\/www.moskito.cz\/es\/wp-json\/wp\/v2\/product_brand?post=331778"},{"taxonomy":"product_cat","embeddable":true,"href":"https:\/\/www.moskito.cz\/es\/wp-json\/wp\/v2\/product_cat?post=331778"},{"taxonomy":"product_tag","embeddable":true,"href":"https:\/\/www.moskito.cz\/es\/wp-json\/wp\/v2\/product_tag?post=331778"}],"curies":[{"name":"wp","href":"https:\/\/api.w.org\/{rel}","templated":true}]}}