{"id":331852,"date":"2024-04-12T15:22:10","date_gmt":"2024-04-12T14:23:49","guid":{"rendered":"https:\/\/www.moskito.cz\/produkt\/cuchillo-de-cierre-crkt-ceo-flipper-7097rx\/"},"modified":"2025-05-07T11:10:48","modified_gmt":"2025-05-07T10:10:48","slug":"cuchillo-de-cierre-crkt-ceo-flipper-7097rx","status":"publish","type":"product","link":"https:\/\/www.moskito.cz\/es\/produkt\/cuchillo-de-cierre-crkt-ceo-flipper-7097rx\/","title":{"rendered":"Cuchillo de cierre CRKT CEO Flipper 7097RX"},"content":{"rendered":"<p data-pm-slice=\"1 1 []\">\ud83d\udd2a <strong>plegable CRKT CEO Flipper 7097RX<\/strong><\/p>\n<p>El elegante y pr\u00e1ctico cuchillo plegable CRKT CEO Flipper 7097RX trae el dise\u00f1o probado de la popular serie CEO en un elegante acabado rojo. Este cuchillo fue dise\u00f1ado para el transporte diario y combina un aspecto minimalista con la m\u00e1xima funcionalidad. <\/p>\n<p>\ud83e\uddf7 <strong>Especificaciones:<\/strong><\/p>\n<ul data-spread=\"false\">\n<li>Longitud total: 190 mm<\/li>\n<li>Longitud de la hoja: 79 mm<\/li>\n<li>Grosor de la hoja: 2,5 mm<\/li>\n<li>Peso: 60g<\/li>\n<li>Material de la hoja: 8Cr13MoV<\/li>\n<li>Dureza de la hoja: 58\u201360 HRC<\/li>\n<li>Acabado superficial: Satinado<\/li>\n<li>Forma de la hoja: Punta ca\u00edda<\/li>\n<li>Material del mango: nailon reforzado con vidrio (GRN)<\/li>\n<li>Color del mango: rojo<\/li>\n<li>Apertura: Aleta con mecanismo de rodamiento<\/li>\n<li>Bloqueo: Bloqueo de revestimiento<\/li>\n<li>Clip de bolsillo: S\u00ed, reversible (lado derecho\/izquierdo)<\/li>\n<\/ul>\n<p>\u2699\ufe0f <strong>Beneficios:<\/strong><\/p>\n<ul data-spread=\"false\">\n<li>Compacto y ligero: ideal para llevar a diario (EDC)<\/li>\n<li>Gran dise\u00f1o: aspecto elegante en un entorno corporativo o urbano<\/li>\n<li>El sistema de aleta y cojinete permite una apertura suave y r\u00e1pida con una sola mano.<\/li>\n<li>Hoja de punta ca\u00edda con acabado satinado: excelente rendimiento de corte y f\u00e1cil mantenimiento<\/li>\n<li>Bloqueo de revestimiento robusto para un uso seguro<\/li>\n<\/ul>\n<p>\ud83e\uddfc <strong>Afilado y mantenimiento:<\/strong> La hoja de acero 8Cr13MoV se puede afilar f\u00e1cilmente con los sistemas de afilado comunes: recomendamos piedras de agua o varillas de cer\u00e1mica. Para mantener el mecanismo funcionando sin problemas, limpie la uni\u00f3n peri\u00f3dicamente y agregue ocasionalmente una gota de aceite. <\/p>\n<p>\ud83c\udfaf <strong>Uso y finalidad:<\/strong> El cuchillo es una opci\u00f3n ideal para los profesionales que desean una herramienta discreta pero elegante para las tareas diarias. Es perfecto para entornos urbanos, la oficina y para viajes. <\/p>\n<p>\ud83d\udce6 <strong>Contenido del paquete:<\/strong><\/p>\n<ul data-spread=\"false\">\n<li>Flipper 7097RX del CEO de CRKT<\/li>\n<li>Caja de papel con estilo<\/li>\n<\/ul>\n<p>Conclusi\u00f3n <strong>:<\/strong> \u00bfQuieres un cuchillo que combine con tu estilo, que sea ligero como una pluma, pero que pueda soportar los desaf\u00edos cotidianos? El CRKT CEO Flipper 7097RX es exactamente el socio que nunca se interpondr\u00e1 en tu camino, sino que siempre estar\u00e1 a mano. A\u00f1ade a tu colecci\u00f3n una pieza que sea elegante, pr\u00e1ctica y definitivamente imperdible. \u00a1No lo dudes, el stock es limitado!   <\/p>\n<p>&nbsp;<\/p>\n<p>&nbsp;<\/p>\n<p>&nbsp;<\/p>\n","protected":false},"excerpt":{"rendered":"<p><strong>\u00bfQuieres un cuchillo que combine con tu estilo, que sea ligero como una pluma, pero que pueda soportar los desaf\u00edos cotidianos? El CRKT CEO Flipper 7097RX es exactamente el socio que nunca se interpondr\u00e1 en tu camino, sino que siempre estar\u00e1 a mano. A\u00f1ade a tu colecci\u00f3n una pieza que sea elegante, pr\u00e1ctica y definitivamente imperdible. \u00a1No lo dudes, el stock es limitado!   <\/strong><\/p>\n<p>&nbsp;<\/p>\n<p>&nbsp;<\/p>\n","protected":false},"featured_media":331797,"comment_status":"open","ping_status":"closed","template":"","meta":[],"pwb-brand":[3765],"product_brand":[],"product_cat":[3730,3726],"product_tag":[3756],"class_list":{"0":"post-331852","1":"product","2":"type-product","3":"status-publish","4":"has-post-thumbnail","6":"pwb-brand-crkt-es","7":"product_cat-cuchillas-de-cierre","8":"product_cat-cuchillos","9":"product_tag-b2b-es","11":"first","12":"outofstock","13":"taxable","14":"shipping-taxable","15":"purchasable","16":"product-type-simple"},"brands":[{"id":3765,"name":"CRKT","slug":"crkt-es"}],"_links":{"self":[{"href":"https:\/\/www.moskito.cz\/es\/wp-json\/wp\/v2\/product\/331852","targetHints":{"allow":["GET"]}}],"collection":[{"href":"https:\/\/www.moskito.cz\/es\/wp-json\/wp\/v2\/product"}],"about":[{"href":"https:\/\/www.moskito.cz\/es\/wp-json\/wp\/v2\/types\/product"}],"replies":[{"embeddable":true,"href":"https:\/\/www.moskito.cz\/es\/wp-json\/wp\/v2\/comments?post=331852"}],"wp:featuredmedia":[{"embeddable":true,"href":"https:\/\/www.moskito.cz\/es\/wp-json\/wp\/v2\/media\/331797"}],"wp:attachment":[{"href":"https:\/\/www.moskito.cz\/es\/wp-json\/wp\/v2\/media?parent=331852"}],"wp:term":[{"taxonomy":"pwb-brand","embeddable":true,"href":"https:\/\/www.moskito.cz\/es\/wp-json\/wp\/v2\/pwb-brand?post=331852"},{"taxonomy":"product_brand","embeddable":true,"href":"https:\/\/www.moskito.cz\/es\/wp-json\/wp\/v2\/product_brand?post=331852"},{"taxonomy":"product_cat","embeddable":true,"href":"https:\/\/www.moskito.cz\/es\/wp-json\/wp\/v2\/product_cat?post=331852"},{"taxonomy":"product_tag","embeddable":true,"href":"https:\/\/www.moskito.cz\/es\/wp-json\/wp\/v2\/product_tag?post=331852"}],"curies":[{"name":"wp","href":"https:\/\/api.w.org\/{rel}","templated":true}]}}