{"id":331878,"date":"2023-03-21T21:21:37","date_gmt":"2023-03-21T20:21:37","guid":{"rendered":"https:\/\/www.moskito.cz\/?post_type=product&#038;p=331878"},"modified":"2025-05-07T11:10:49","modified_gmt":"2025-05-07T10:10:49","slug":"cuchillo-de-cierre-crkt-delilahs-peck-5520","status":"publish","type":"product","link":"https:\/\/www.moskito.cz\/es\/produkt\/cuchillo-de-cierre-crkt-delilahs-peck-5520\/","title":{"rendered":"Cuchillo de cierre CRKT DELILAH&#8217;S PECK 5520"},"content":{"rendered":"<p>Cuchillo de cierre <strong>CRKT<\/strong> DELILAH&#8217;S PECK 5520<\/p>\n<p>El PECK\u2122 de Delilah (o cuchillo compacto dise\u00f1ado con precisi\u00f3n) es el beb\u00e9 de Ed y pesa menos de 1 oz. y s\u00f3lo 2,625 pulgadas cuando est\u00e1 cerrado. Pi\u00e9nselo como un peque\u00f1o KISS\u00ae Cuando est\u00e1 abierta, la elegante hoja Razor-Sharp Wharncliffe de 1,75&#8243; es una herramienta de corte de alto rendimiento adecuada para cientos de tareas cotidianas.<br \/>\nPECK\u2122 \u2013 precisi\u00f3n. Equilibrado. Compacto. Cuchillo.<br \/>\nMenos es m\u00e1s: Innovador dise\u00f1o de dos piezas: Hoja y marco<br \/>\nMinimiza el reflejo: el tratamiento de superficie con chorro de perlas reduce el reflejo<\/p>\n<p>ESPECIFICACIONES<br \/>\nLongitud de la hoja 4,3 cm<br \/>\nBorde de la hoja liso<br \/>\nHoja fabricada en acero 3Cr13.<br \/>\nExplosi\u00f3n de cuentas con acabado de hoja<br \/>\nGrosor de la hoja 0,22 cm.<br \/>\nLongitud total 10,95 cm.<br \/>\nLargo cerrado 6,74 cm<br \/>\nPeso 0,90 onzas. (25,51 g)<br \/>\nMango de acero inoxidable<br \/>\nElegante navaja plegable con bloqueo de marco.<\/p>\n","protected":false},"excerpt":{"rendered":"<p><strong>Dise\u00f1ado por Ed Halligan en Ocean Springs, Mississippi<\/strong><\/p>\n","protected":false},"featured_media":331879,"comment_status":"open","ping_status":"closed","template":"","meta":[],"pwb-brand":[3765],"product_brand":[],"product_cat":[3730,3726],"product_tag":[3756],"class_list":{"0":"post-331878","1":"product","2":"type-product","3":"status-publish","4":"has-post-thumbnail","6":"pwb-brand-crkt-es","7":"product_cat-cuchillas-de-cierre","8":"product_cat-cuchillos","9":"product_tag-b2b-es","11":"first","12":"outofstock","13":"sale","14":"taxable","15":"shipping-taxable","16":"purchasable","17":"product-type-simple"},"brands":[{"id":3765,"name":"CRKT","slug":"crkt-es"}],"_links":{"self":[{"href":"https:\/\/www.moskito.cz\/es\/wp-json\/wp\/v2\/product\/331878","targetHints":{"allow":["GET"]}}],"collection":[{"href":"https:\/\/www.moskito.cz\/es\/wp-json\/wp\/v2\/product"}],"about":[{"href":"https:\/\/www.moskito.cz\/es\/wp-json\/wp\/v2\/types\/product"}],"replies":[{"embeddable":true,"href":"https:\/\/www.moskito.cz\/es\/wp-json\/wp\/v2\/comments?post=331878"}],"wp:featuredmedia":[{"embeddable":true,"href":"https:\/\/www.moskito.cz\/es\/wp-json\/wp\/v2\/media\/331879"}],"wp:attachment":[{"href":"https:\/\/www.moskito.cz\/es\/wp-json\/wp\/v2\/media?parent=331878"}],"wp:term":[{"taxonomy":"pwb-brand","embeddable":true,"href":"https:\/\/www.moskito.cz\/es\/wp-json\/wp\/v2\/pwb-brand?post=331878"},{"taxonomy":"product_brand","embeddable":true,"href":"https:\/\/www.moskito.cz\/es\/wp-json\/wp\/v2\/product_brand?post=331878"},{"taxonomy":"product_cat","embeddable":true,"href":"https:\/\/www.moskito.cz\/es\/wp-json\/wp\/v2\/product_cat?post=331878"},{"taxonomy":"product_tag","embeddable":true,"href":"https:\/\/www.moskito.cz\/es\/wp-json\/wp\/v2\/product_tag?post=331878"}],"curies":[{"name":"wp","href":"https:\/\/api.w.org\/{rel}","templated":true}]}}