{"id":331982,"date":"2024-04-13T19:07:23","date_gmt":"2024-04-13T18:09:09","guid":{"rendered":"https:\/\/www.moskito.cz\/produkt\/cuchillo-de-cierre-crkt-psd-ii-7910\/"},"modified":"2025-05-07T11:10:50","modified_gmt":"2025-05-07T10:10:50","slug":"cuchillo-de-cierre-crkt-psd-ii-7910","status":"publish","type":"product","link":"https:\/\/www.moskito.cz\/es\/produkt\/cuchillo-de-cierre-crkt-psd-ii-7910\/","title":{"rendered":"Cuchillo de cierre CRKT PSD II 7910"},"content":{"rendered":"<p>Cuchillo de cierre <strong>CRKT<\/strong> PSD II 7910.<\/p>\n<p>R\u00e1pido, potente, port\u00e1til. El PSD original de Jim Hammond se gan\u00f3 su nombre (Part\u00edcula. Separaci\u00f3n. Dispositivo) por su capacidad para cortar casi cualquier cosa, en cualquier lugar. El PSD II ofrece la misma capacidad a una navaja plegable m\u00e1s peque\u00f1a y port\u00e1til que reduce m\u00e1s de una pulgada de la longitud total. Todav\u00eda encontrar\u00e1 la hoja totalmente reversible resistente a la corrosi\u00f3n y la apertura asistida con cojinetes IKBS para una operaci\u00f3n r\u00e1pida y f\u00e1cil con una sola mano, pero ahora con un dise\u00f1o mejorado para el transporte diario.<\/p>\n<p>C\u00f3mo funciona la apertura asistida<\/p>\n<p>Se mantiene firmemente cerrado en el bolsillo, pero al iniciar el despliegue la hoja se abre con una velocidad impresionante para una apertura f\u00e1cil y poderosa con una sola mano en la secci\u00f3n de balanceo.<\/p>\n<p>Hoja de acero AUS 10<br \/>\nBorde de la hoja liso<br \/>\nAcabado de la superficie de la hoja EDP<br \/>\nLongitud de la hoja: 7,69 cm<br \/>\nLongitud total: 17,78 cm<br \/>\nLargo cerrado: 10,15 cm<br \/>\nPeso 3,60 onzas. (102,06 g)<br \/>\nMaterial del mango G10<br \/>\nElegante navaja plegable con soporte Liner Lock<\/p>\n<p><iframe title=\"CRKT P.S.D.\u2122 II  I Jim Hammond Design\" width=\"800\" height=\"450\" src=\"https:\/\/www.youtube.com\/embed\/WqtSo-oNagU?feature=oembed\" frameborder=\"0\" allow=\"accelerometer; autoplay; clipboard-write; encrypted-media; gyroscope; picture-in-picture; web-share\" referrerpolicy=\"strict-origin-when-cross-origin\" allowfullscreen><\/iframe><\/p>\n<p>&nbsp;<\/p>\n","protected":false},"excerpt":{"rendered":"<p>DISE\u00d1ADOR<br \/>\nJim Hammond<br \/>\nBirmingham, Alabama<br \/>\nJim fue el primer cortador en trabajar con CRKT\u00ae en 1994, pero antes ten\u00eda m\u00e1s de 17 a\u00f1os de experiencia bajo el cintur\u00f3n adornado con cuchillas. Despu\u00e9s de graduarse de Clemson en 1977, r\u00e1pidamente ascendi\u00f3 de rango, especializ\u00e1ndose en cazas t\u00e1cticos militares y coleccionables como nuestra serie FE\u2122. Miembro del Knife Makers Guild desde 1978, sus dise\u00f1os (y swings de golf) tienen que ver con la perfecci\u00f3n, el sabor y la funci\u00f3n.<\/p>\n","protected":false},"featured_media":331938,"comment_status":"open","ping_status":"closed","template":"","meta":[],"pwb-brand":[3765],"product_brand":[],"product_cat":[3730,3726],"product_tag":[3756],"class_list":{"0":"post-331982","1":"product","2":"type-product","3":"status-publish","4":"has-post-thumbnail","6":"pwb-brand-crkt-es","7":"product_cat-cuchillas-de-cierre","8":"product_cat-cuchillos","9":"product_tag-b2b-es","11":"first","12":"instock","13":"sale","14":"taxable","15":"shipping-taxable","16":"purchasable","17":"product-type-simple"},"brands":[{"id":3765,"name":"CRKT","slug":"crkt-es"}],"_links":{"self":[{"href":"https:\/\/www.moskito.cz\/es\/wp-json\/wp\/v2\/product\/331982","targetHints":{"allow":["GET"]}}],"collection":[{"href":"https:\/\/www.moskito.cz\/es\/wp-json\/wp\/v2\/product"}],"about":[{"href":"https:\/\/www.moskito.cz\/es\/wp-json\/wp\/v2\/types\/product"}],"replies":[{"embeddable":true,"href":"https:\/\/www.moskito.cz\/es\/wp-json\/wp\/v2\/comments?post=331982"}],"wp:featuredmedia":[{"embeddable":true,"href":"https:\/\/www.moskito.cz\/es\/wp-json\/wp\/v2\/media\/331938"}],"wp:attachment":[{"href":"https:\/\/www.moskito.cz\/es\/wp-json\/wp\/v2\/media?parent=331982"}],"wp:term":[{"taxonomy":"pwb-brand","embeddable":true,"href":"https:\/\/www.moskito.cz\/es\/wp-json\/wp\/v2\/pwb-brand?post=331982"},{"taxonomy":"product_brand","embeddable":true,"href":"https:\/\/www.moskito.cz\/es\/wp-json\/wp\/v2\/product_brand?post=331982"},{"taxonomy":"product_cat","embeddable":true,"href":"https:\/\/www.moskito.cz\/es\/wp-json\/wp\/v2\/product_cat?post=331982"},{"taxonomy":"product_tag","embeddable":true,"href":"https:\/\/www.moskito.cz\/es\/wp-json\/wp\/v2\/product_tag?post=331982"}],"curies":[{"name":"wp","href":"https:\/\/api.w.org\/{rel}","templated":true}]}}