{"id":332101,"date":"2024-04-13T19:46:01","date_gmt":"2024-04-13T18:48:15","guid":{"rendered":"https:\/\/www.moskito.cz\/produkt\/cuchillo-cierre-crkt-pilar-iv-5321\/"},"modified":"2025-05-07T11:10:52","modified_gmt":"2025-05-07T10:10:52","slug":"cuchillo-cierre-crkt-pilar-iv-5321","status":"publish","type":"product","link":"https:\/\/www.moskito.cz\/es\/produkt\/cuchillo-cierre-crkt-pilar-iv-5321\/","title":{"rendered":"Cuchillo Cierre CRKT Pilar IV 5321"},"content":{"rendered":"<p>Cuchillo Cierre <strong>CRKT<\/strong> Pilar IV 5321.<\/p>\n<p>Donde el dise\u00f1o m\u00ednimo se encuentra con la m\u00e1xima utilidad. <strong>Pilar IV<\/strong> transforma un cuchillo marinero minimalista en un elemento b\u00e1sico distintivamente urbano para el uso diario, manteniendo al mismo tiempo el esp\u00edritu de los cl\u00e1sicos y la historia \u00e9pica detr\u00e1s de su nombre. Sigue siendo discreto y discreto cuando est\u00e1 escondido, y est\u00e1 cuidadosamente dise\u00f1ado para resistir su peso cuando est\u00e1 en uso.<\/p>\n<p>Jesper Voxnaes dise\u00f1\u00f3 el Pilar original en su tienda Logstrup en Dinamarca y le puso el nombre del querido barco de Ernest Hemingway, un barco de 38 pies que utiliz\u00f3 para rastrear submarinos alemanes renegados durante la Segunda Guerra Mundial en aguas del Caribe. El autor de renombre mundial tambi\u00e9n fue veterinario de combate de la Primera Guerra Mundial, cazador de caza mayor, marinero y pescador, y sin duda elegir\u00eda un cuchillo de uso cotidiano como el Pilar III para sus actividades diarias.<\/p>\n<p>La importante hoja Pilar IV de 3,09&#8243; tiene un acabado satinado y una punta suave pero firme, \u00fatil para tareas m\u00e1s detalladas. El mango G10 de alto agarre se beneficia de a\u00f1os de uso y el llamativo cord\u00f3n de acero inoxidable realza la apariencia. El mecanismo de apertura de la ranura para el pulgar despliega la hoja y el sistema de pivote con rodamiento de bolas IKBS garantiza una rotaci\u00f3n s\u00faper suave.<\/p>\n<p>El Hemingway moderno es el hombre renacentista definitivo, y el Pilar IV es un cuchillo que est\u00e1 a la altura del desaf\u00edo.<\/p>\n<p>Especificaciones:<br \/>\nLongitud de la hoja: 8,59 cm<br \/>\nLongitud del mango: 10,82 cm<br \/>\nLongitud total: 18,65 cm.<br \/>\nMaterial de la hoja: Acero para herramientas D2<br \/>\nGrosor de la hoja: 0,38 cm.<br \/>\nEstilo de hoja: Punta de clip<br \/>\nTratamiento superficial de la hoja: satinado.<br \/>\nMaterial del mango: G10 negro con cerradura de acero inoxidable<br \/>\nMecanismo de bloqueo: Bloqueo de marco<br \/>\nClip de bolsillo: abatible, para uso en la mano derecha<br \/>\nPeso: 3,90 onzas. (110,56 gramos)<br \/>\nDise\u00f1ador: Jesper Voxnaes<br \/>\nPivote IKBS<\/p>\n<p><iframe title=\"CRKT Pilar\u00ae IV | Jesper Voxnaes Design\" width=\"800\" height=\"450\" src=\"https:\/\/www.youtube.com\/embed\/BDwicXYSVSc?feature=oembed\" frameborder=\"0\" allow=\"accelerometer; autoplay; clipboard-write; encrypted-media; gyroscope; picture-in-picture; web-share\" referrerpolicy=\"strict-origin-when-cross-origin\" allowfullscreen><\/iframe><\/p>\n<p>&nbsp;<\/p>\n","protected":false},"excerpt":{"rendered":"<p>DISE\u00d1ADOR<br \/>\nJesper Voxnaes<br \/>\nL\u00f6gstrup, Dinamarca<br \/>\nCuando Jesper necesita probar un dise\u00f1o, todo lo que tiene que hacer es entrar a su propio patio trasero. Los duros elementos y condiciones de los fiordos y bosques de su Dinamarca natal har\u00e1n el resto. Cuando empez\u00f3, nadie fabricaba los cuchillos que quer\u00eda dise\u00f1ar, as\u00ed que aprendi\u00f3 a base de prueba y error. Sus esfuerzos claramente han dado sus frutos, ya que gan\u00f3 el Premio IF 2013 por uno de los mejores dise\u00f1os de Europa. Ahora crea y utiliza cuchillos como el Amicus\u00ae para navegar, acampar y todoterreno.<\/p>\n<p>&nbsp;<\/p>\n","protected":false},"featured_media":332059,"comment_status":"open","ping_status":"closed","template":"","meta":[],"pwb-brand":[3765],"product_brand":[],"product_cat":[3730,3726],"product_tag":[3756],"class_list":{"0":"post-332101","1":"product","2":"type-product","3":"status-publish","4":"has-post-thumbnail","6":"pwb-brand-crkt-es","7":"product_cat-cuchillas-de-cierre","8":"product_cat-cuchillos","9":"product_tag-b2b-es","11":"first","12":"instock","13":"taxable","14":"shipping-taxable","15":"purchasable","16":"product-type-simple"},"brands":[{"id":3765,"name":"CRKT","slug":"crkt-es"}],"_links":{"self":[{"href":"https:\/\/www.moskito.cz\/es\/wp-json\/wp\/v2\/product\/332101","targetHints":{"allow":["GET"]}}],"collection":[{"href":"https:\/\/www.moskito.cz\/es\/wp-json\/wp\/v2\/product"}],"about":[{"href":"https:\/\/www.moskito.cz\/es\/wp-json\/wp\/v2\/types\/product"}],"replies":[{"embeddable":true,"href":"https:\/\/www.moskito.cz\/es\/wp-json\/wp\/v2\/comments?post=332101"}],"wp:featuredmedia":[{"embeddable":true,"href":"https:\/\/www.moskito.cz\/es\/wp-json\/wp\/v2\/media\/332059"}],"wp:attachment":[{"href":"https:\/\/www.moskito.cz\/es\/wp-json\/wp\/v2\/media?parent=332101"}],"wp:term":[{"taxonomy":"pwb-brand","embeddable":true,"href":"https:\/\/www.moskito.cz\/es\/wp-json\/wp\/v2\/pwb-brand?post=332101"},{"taxonomy":"product_brand","embeddable":true,"href":"https:\/\/www.moskito.cz\/es\/wp-json\/wp\/v2\/product_brand?post=332101"},{"taxonomy":"product_cat","embeddable":true,"href":"https:\/\/www.moskito.cz\/es\/wp-json\/wp\/v2\/product_cat?post=332101"},{"taxonomy":"product_tag","embeddable":true,"href":"https:\/\/www.moskito.cz\/es\/wp-json\/wp\/v2\/product_tag?post=332101"}],"curies":[{"name":"wp","href":"https:\/\/api.w.org\/{rel}","templated":true}]}}