{"id":332166,"date":"2024-04-13T20:01:46","date_gmt":"2024-04-13T19:02:26","guid":{"rendered":"https:\/\/www.moskito.cz\/produkt\/crkt-ikoma-bot-deadbolt-5420-cuchillo-de-cierre\/"},"modified":"2025-05-07T11:10:54","modified_gmt":"2025-05-07T10:10:54","slug":"crkt-ikoma-bot-deadbolt-5420-cuchillo-de-cierre","status":"publish","type":"product","link":"https:\/\/www.moskito.cz\/es\/produkt\/crkt-ikoma-bot-deadbolt-5420-cuchillo-de-cierre\/","title":{"rendered":"CRKT Ikoma Bot Deadbolt 5420 Cuchillo de cierre"},"content":{"rendered":"<p><strong>CRKT<\/strong> Ikoma Bot Deadbolt 5420 Cuchillo de cierre.<\/p>\n<p>Como una extensi\u00f3n de tu mano. Flavio Ikoma ha hecho del Bot un cuchillo que instintivamente alcanzas y utilizas sin esfuerzo. Dise\u00f1ado para sentirse lo m\u00e1s natural posible en su mano, accede a su subconsciente, brind\u00e1ndole retroalimentaci\u00f3n instant\u00e1nea y control preciso, casi autom\u00e1tico. Y est\u00e1 dise\u00f1ado para la velocidad, con apertura asistida y cojinetes IKBS que deslizan suavemente la hoja a una posici\u00f3n donde se mantiene segura en su lugar mediante un fuerte cerrojo.<\/p>\n<p>C\u00f3mo funciona el cerrojo<br \/>\nLos tornillos de acero se bloquean en la hoja cuando se despliega para proporcionar una resistencia incre\u00edble. Un bot\u00f3n prominente est\u00e1 ubicado en el punto de pivote para un desacoplamiento simple e intuitivo sin que los dedos crucen el camino de la hoja.<\/p>\n<p>Especificaciones:<br \/>\nLongitud de la hoja: 7,5 cm<br \/>\nLargo cerrado: 10 cm<br \/>\nLongitud total: 17,5 cm.<br \/>\nMaterial de la hoja: acero inoxidable AUS-10<br \/>\nEstilo de hoja: Punto de ca\u00edda<br \/>\nAcabado de la hoja: negro<br \/>\nMaterial del mango: Jade G10<br \/>\nMecanismo de bloqueo: Perno<br \/>\nClip de bolsillo: (plegado hacia arriba, uso adecuado)<br \/>\nPeso: 4,66 onzas.<br \/>\nDise\u00f1ador: Flavio Ikoma<\/p>\n<p><iframe title=\"CRKT Bot I Flavio Ikoma Design\" width=\"800\" height=\"450\" src=\"https:\/\/www.youtube.com\/embed\/EcTWDBzlb7k?feature=oembed\" frameborder=\"0\" allow=\"accelerometer; autoplay; clipboard-write; encrypted-media; gyroscope; picture-in-picture; web-share\" referrerpolicy=\"strict-origin-when-cross-origin\" allowfullscreen><\/iframe><\/p>\n<p>&nbsp;<\/p>\n","protected":false},"excerpt":{"rendered":"<p>DISE\u00d1ADOR<br \/>\nFlavio Ikoma<br \/>\nPresidente Prudente, Brasil<br \/>\nAlgunos ni\u00f1os sue\u00f1an con ser jugadores de pelota. Flavio quer\u00eda ser cuchillo. Cuando era adolescente, trabajaba en cuchillos de la variedad japonesa de espadas en el taller de su padre. Continu\u00f3 estudiando metalurgia, trabaj\u00f3 con Ken Onion y se convirti\u00f3 en un innovador. Flavio no solo lanz\u00f3 el revolucionario sistema de pasador de rodamiento de bolas IKBS\u2122 (con Rick Lala), sino que tambi\u00e9n mostr\u00f3 al mundo que hay un poder impresionante en la simplicidad con su innovadora innovaci\u00f3n Deadbolt\u00ae.<\/p>\n","protected":false},"featured_media":332124,"comment_status":"open","ping_status":"closed","template":"","meta":[],"pwb-brand":[3765],"product_brand":[],"product_cat":[3730,3726],"product_tag":[3756],"class_list":{"0":"post-332166","1":"product","2":"type-product","3":"status-publish","4":"has-post-thumbnail","6":"pwb-brand-crkt-es","7":"product_cat-cuchillas-de-cierre","8":"product_cat-cuchillos","9":"product_tag-b2b-es","11":"first","12":"instock","13":"taxable","14":"shipping-taxable","15":"purchasable","16":"product-type-simple"},"brands":[{"id":3765,"name":"CRKT","slug":"crkt-es"}],"_links":{"self":[{"href":"https:\/\/www.moskito.cz\/es\/wp-json\/wp\/v2\/product\/332166","targetHints":{"allow":["GET"]}}],"collection":[{"href":"https:\/\/www.moskito.cz\/es\/wp-json\/wp\/v2\/product"}],"about":[{"href":"https:\/\/www.moskito.cz\/es\/wp-json\/wp\/v2\/types\/product"}],"replies":[{"embeddable":true,"href":"https:\/\/www.moskito.cz\/es\/wp-json\/wp\/v2\/comments?post=332166"}],"wp:featuredmedia":[{"embeddable":true,"href":"https:\/\/www.moskito.cz\/es\/wp-json\/wp\/v2\/media\/332124"}],"wp:attachment":[{"href":"https:\/\/www.moskito.cz\/es\/wp-json\/wp\/v2\/media?parent=332166"}],"wp:term":[{"taxonomy":"pwb-brand","embeddable":true,"href":"https:\/\/www.moskito.cz\/es\/wp-json\/wp\/v2\/pwb-brand?post=332166"},{"taxonomy":"product_brand","embeddable":true,"href":"https:\/\/www.moskito.cz\/es\/wp-json\/wp\/v2\/product_brand?post=332166"},{"taxonomy":"product_cat","embeddable":true,"href":"https:\/\/www.moskito.cz\/es\/wp-json\/wp\/v2\/product_cat?post=332166"},{"taxonomy":"product_tag","embeddable":true,"href":"https:\/\/www.moskito.cz\/es\/wp-json\/wp\/v2\/product_tag?post=332166"}],"curies":[{"name":"wp","href":"https:\/\/api.w.org\/{rel}","templated":true}]}}