{"id":332280,"date":"2024-04-13T20:37:45","date_gmt":"2024-04-13T19:38:55","guid":{"rendered":"https:\/\/www.moskito.cz\/produkt\/navaja-plegable-crkt-carson-m4-02m\/"},"modified":"2025-05-07T11:10:56","modified_gmt":"2025-05-07T10:10:56","slug":"navaja-plegable-crkt-carson-m4-02m","status":"publish","type":"product","link":"https:\/\/www.moskito.cz\/es\/produkt\/navaja-plegable-crkt-carson-m4-02m\/","title":{"rendered":"Navaja plegable CRKT Carson M4-02M"},"content":{"rendered":"<p>Navaja plegable <strong>CRKT<\/strong> Carson M4-02M.<\/p>\n<p>Kit Carson, fabricante de cuchillos personalizados y miembro del gremio de cuchillos, es ampliamente conocido por su dise\u00f1o M16\u00ae, que ofrecemos en muchos de los modelos CRKT de producci\u00f3n. Pero desde 1990, el modelo personalizado m\u00e1s vendido de Kit ha sido su cl\u00e1sico M4. Kit dice en su forma habitual y modesta: \u00abSupongo que se podr\u00eda decir que es mi costumbre emblem\u00e1tica. Es simple, con una funci\u00f3n de seguimiento de formularios. Sin trucos que parezcan ingeniosos pero que no valga la pena tener en tu mano. Creado por Soy muchos variaciones del mismo, desde coleccionables ex\u00f3ticos hasta t\u00e1cticas de trabajo, en quiz\u00e1s 20 versiones, pero pido cada vez m\u00e1s la producci\u00f3n del M4\u00bb.<\/p>\n<p>Este a\u00f1o, CRKT ofrece el dise\u00f1o M4 en un tama\u00f1o m\u00e1s peque\u00f1o de kit de transporte diario (EDC). El M4-02M viene con cachas de fibra con infusi\u00f3n de resina blanca y reposacabezas negros G10. Es un look muy elegante.<\/p>\n<p>Mientras lo dise\u00f1\u00e1bamos, decidimos agregar valor adicional ofreciendo una apertura patentada habilitada para OutBurst y un mecanismo de bloqueo de revestimiento cl\u00e1sico. Crea una hoja fija virtual cuando se activa despu\u00e9s de abrir y bloquear la hoja.<\/p>\n<p>El mecanismo OutBurst abre instant\u00e1neamente la hoja por completo despu\u00e9s de abrirla aproximadamente 30 grados. Los modelos M4 tienen dos pasadores para el pulgar para apertura ambidiestra con una sola mano y cojinetes de bronce y tefl\u00f3n en el pivote de la hoja ajustable para una acci\u00f3n suave y r\u00e1pida. La hoja de 3,25&#8243; es una punta de molienda muy hueca hecha de acero inoxidable 8Cr13MoV de primera calidad con una superficie pulida con perlas y un borde afilado. La robusta construcci\u00f3n InterFrame es fiel al dise\u00f1o del kit, con dos inserciones de acero inoxidable, uno de bloqueo y un espaciador trasero de acero inoxidable. Todos los modelos M4 tienen clips de bolsillo\/engranaje de ajuste alto.<\/p>\n<p>As\u00ed que aqu\u00ed tienes un amigable cuchillo EDC que se adapta naturalmente a la mano para todo tipo de cortes y tallados. Al igual que el Kit, es un poco sencillo, pero es un cuchillo al que volver\u00e1s a\u00f1o tras a\u00f1o.<\/p>\n<p>Especificaciones:<br \/>\nLongitud de la hoja: 8,25 cm<br \/>\nLongitud del mango: 9,52 cm<br \/>\nLongitud total: 17,78 cm<br \/>\nMaterial de la hoja: Acero inoxidable 8Cr13MoV<br \/>\nEstilo de hoja: Punto de ca\u00edda<br \/>\nTratamiento superficial de la hoja: satinado.<br \/>\nMaterial del mango: Fibra impregnada de resina blanca con almohadillas negras G10<br \/>\nMecanismo de bloqueo: Liner Lock<br \/>\nClip de bolsillo: abatible, para uso en la mano derecha<br \/>\nPeso: 3,30 onzas. (93,55 g)<br \/>\nDise\u00f1ador: Kit Carson<br \/>\nApertura asistida por r\u00e1faga<\/p>\n<p><iframe title=\"CRKT M4\u2122-02M | Kit Carson Design\" width=\"800\" height=\"450\" src=\"https:\/\/www.youtube.com\/embed\/Xs4asshwLgY?feature=oembed\" frameborder=\"0\" allow=\"accelerometer; autoplay; clipboard-write; encrypted-media; gyroscope; picture-in-picture; web-share\" referrerpolicy=\"strict-origin-when-cross-origin\" allowfullscreen><\/iframe><\/p>\n<p>&nbsp;<\/p>\n","protected":false},"excerpt":{"rendered":"<p>Aqu\u00ed tienes un amigable cuchillo EDC que se adapta naturalmente a la mano para todo tipo de cortes y tallados. Al igual que el Kit, es un poco sencillo, pero es un cuchillo al que volver\u00e1s a\u00f1o tras a\u00f1o.<\/p>\n","protected":false},"featured_media":332238,"comment_status":"open","ping_status":"closed","template":"","meta":[],"pwb-brand":[3765],"product_brand":[],"product_cat":[3730,3726],"product_tag":[3756],"class_list":{"0":"post-332280","1":"product","2":"type-product","3":"status-publish","4":"has-post-thumbnail","6":"pwb-brand-crkt-es","7":"product_cat-cuchillas-de-cierre","8":"product_cat-cuchillos","9":"product_tag-b2b-es","11":"first","12":"outofstock","13":"taxable","14":"shipping-taxable","15":"purchasable","16":"product-type-simple"},"brands":[{"id":3765,"name":"CRKT","slug":"crkt-es"}],"_links":{"self":[{"href":"https:\/\/www.moskito.cz\/es\/wp-json\/wp\/v2\/product\/332280","targetHints":{"allow":["GET"]}}],"collection":[{"href":"https:\/\/www.moskito.cz\/es\/wp-json\/wp\/v2\/product"}],"about":[{"href":"https:\/\/www.moskito.cz\/es\/wp-json\/wp\/v2\/types\/product"}],"replies":[{"embeddable":true,"href":"https:\/\/www.moskito.cz\/es\/wp-json\/wp\/v2\/comments?post=332280"}],"wp:featuredmedia":[{"embeddable":true,"href":"https:\/\/www.moskito.cz\/es\/wp-json\/wp\/v2\/media\/332238"}],"wp:attachment":[{"href":"https:\/\/www.moskito.cz\/es\/wp-json\/wp\/v2\/media?parent=332280"}],"wp:term":[{"taxonomy":"pwb-brand","embeddable":true,"href":"https:\/\/www.moskito.cz\/es\/wp-json\/wp\/v2\/pwb-brand?post=332280"},{"taxonomy":"product_brand","embeddable":true,"href":"https:\/\/www.moskito.cz\/es\/wp-json\/wp\/v2\/product_brand?post=332280"},{"taxonomy":"product_cat","embeddable":true,"href":"https:\/\/www.moskito.cz\/es\/wp-json\/wp\/v2\/product_cat?post=332280"},{"taxonomy":"product_tag","embeddable":true,"href":"https:\/\/www.moskito.cz\/es\/wp-json\/wp\/v2\/product_tag?post=332280"}],"curies":[{"name":"wp","href":"https:\/\/api.w.org\/{rel}","templated":true}]}}