{"id":332396,"date":"2024-04-13T21:15:15","date_gmt":"2024-04-13T20:15:53","guid":{"rendered":"https:\/\/www.moskito.cz\/produkt\/cuchillo-de-cierre-crkt-homefront-compact-k245bkp\/"},"modified":"2025-05-07T11:10:59","modified_gmt":"2025-05-07T10:10:59","slug":"cuchillo-de-cierre-crkt-homefront-compact-k245bkp","status":"publish","type":"product","link":"https:\/\/www.moskito.cz\/es\/produkt\/cuchillo-de-cierre-crkt-homefront-compact-k245bkp\/","title":{"rendered":"Cuchillo de cierre CRKT Homefront Compact K245BKP"},"content":{"rendered":"<p>Navaja de cierre <strong>CRKT<\/strong> Homefront Compact K245BKP.<\/p>\n<p>El aspecto de un cuchillo cl\u00e1sico de la Segunda Guerra Mundial con el corte y acabado de un favorito moderno.<\/p>\n<p>La versi\u00f3n de alta gama del impresionante original, Homefront Compact de Ken Onion, es una distinguida navaja plegable con cierre de l\u00ednea. Tiene una hoja de punta de ca\u00edda m\u00e1s corta hecha de acero inoxidable CPM-S35VN de primera calidad y presenta detalles como una apertura de aleta tradicional sin asistencia y un orificio para cord\u00f3n para una f\u00e1cil personalizaci\u00f3n del colgante. La hoja negra recubierta de DLC en contraste con el mango liviano G10 le da a este bolso diario un aspecto llamativo.<\/p>\n<p>Especificaciones:<br \/>\nLongitud de la hoja: 7,34 cm<br \/>\nLargo cerrado: 9,76 cm<br \/>\nLongitud total: 17,11 cm<br \/>\nMaterial de la hoja: CPM-S35VN Acero inoxidable<br \/>\nEstilo de hoja: Punto de ca\u00edda<br \/>\nAcabado de la hoja: DLC negro<br \/>\nMaterial mango: G10 con soportes de aluminio<br \/>\nMecanismo de bloqueo: Liner Lock<br \/>\nClip de bolsillo: Acero inoxidable (desplegable, para uso en la mano derecha)<br \/>\nDise\u00f1ador: Ken cebolla<br \/>\nPeso: 3,00 onzas. (85,05 g)<\/p>\n<p><iframe title=\"CRKT Homefront\u2122 Compact | Ken Onion Design\" width=\"800\" height=\"450\" src=\"https:\/\/www.youtube.com\/embed\/vnoEItMchdk?feature=oembed\" frameborder=\"0\" allow=\"accelerometer; autoplay; clipboard-write; encrypted-media; gyroscope; picture-in-picture; web-share\" referrerpolicy=\"strict-origin-when-cross-origin\" allowfullscreen><\/iframe><\/p>\n<p>&nbsp;<\/p>\n","protected":false},"excerpt":{"rendered":"<p>DISE\u00d1ADOR<br \/>\nKen cebolla<br \/>\nKaneohe, Haw\u00e1i<br \/>\nKen es el verdadero negocio. Ken, el miembro m\u00e1s joven en ser incluido en el Sal\u00f3n de la Fama de la revista Blade en 2008, es reconocido como uno de los dise\u00f1adores de cuchillos m\u00e1s innovadores y exitosos de todos los tiempos. En 1996 cre\u00f3 el primer mecanismo de apertura asistida de \u00e9xito comercial y 20 a\u00f1os m\u00e1s tarde present\u00f3 su galardonada tecnolog\u00eda Field Strip. Ahora, esta innovaci\u00f3n que cambia el mundo establece un nuevo est\u00e1ndar con la tecnolog\u00eda Field Strip Gen II, un renacimiento que debe estar a la altura de su nombre.<\/p>\n<p>Transporte gratuito.<\/p>\n","protected":false},"featured_media":332353,"comment_status":"open","ping_status":"closed","template":"","meta":[],"pwb-brand":[3765],"product_brand":[],"product_cat":[3730,3726],"product_tag":[3756],"class_list":{"0":"post-332396","1":"product","2":"type-product","3":"status-publish","4":"has-post-thumbnail","6":"pwb-brand-crkt-es","7":"product_cat-cuchillas-de-cierre","8":"product_cat-cuchillos","9":"product_tag-b2b-es","11":"first","12":"instock","13":"sale","14":"taxable","15":"shipping-taxable","16":"purchasable","17":"product-type-simple"},"brands":[{"id":3765,"name":"CRKT","slug":"crkt-es"}],"_links":{"self":[{"href":"https:\/\/www.moskito.cz\/es\/wp-json\/wp\/v2\/product\/332396","targetHints":{"allow":["GET"]}}],"collection":[{"href":"https:\/\/www.moskito.cz\/es\/wp-json\/wp\/v2\/product"}],"about":[{"href":"https:\/\/www.moskito.cz\/es\/wp-json\/wp\/v2\/types\/product"}],"replies":[{"embeddable":true,"href":"https:\/\/www.moskito.cz\/es\/wp-json\/wp\/v2\/comments?post=332396"}],"wp:featuredmedia":[{"embeddable":true,"href":"https:\/\/www.moskito.cz\/es\/wp-json\/wp\/v2\/media\/332353"}],"wp:attachment":[{"href":"https:\/\/www.moskito.cz\/es\/wp-json\/wp\/v2\/media?parent=332396"}],"wp:term":[{"taxonomy":"pwb-brand","embeddable":true,"href":"https:\/\/www.moskito.cz\/es\/wp-json\/wp\/v2\/pwb-brand?post=332396"},{"taxonomy":"product_brand","embeddable":true,"href":"https:\/\/www.moskito.cz\/es\/wp-json\/wp\/v2\/product_brand?post=332396"},{"taxonomy":"product_cat","embeddable":true,"href":"https:\/\/www.moskito.cz\/es\/wp-json\/wp\/v2\/product_cat?post=332396"},{"taxonomy":"product_tag","embeddable":true,"href":"https:\/\/www.moskito.cz\/es\/wp-json\/wp\/v2\/product_tag?post=332396"}],"curies":[{"name":"wp","href":"https:\/\/api.w.org\/{rel}","templated":true}]}}