{"id":332512,"date":"2024-04-14T18:18:25","date_gmt":"2024-04-14T17:18:25","guid":{"rendered":"https:\/\/www.moskito.cz\/produkt\/cuchillo-de-cierre-crkt-ancestor-5930\/"},"modified":"2025-05-07T11:11:02","modified_gmt":"2025-05-07T10:11:02","slug":"cuchillo-de-cierre-crkt-ancestor-5930","status":"publish","type":"product","link":"https:\/\/www.moskito.cz\/es\/produkt\/cuchillo-de-cierre-crkt-ancestor-5930\/","title":{"rendered":"Cuchillo de cierre CRKT Ancestor 5930"},"content":{"rendered":"<p>Cuchillo de cierre <strong>CRKT<\/strong> Ancestor 5930.<\/p>\n<p><strong>La Ancestor<\/strong> es una navaja plegable que logra un equilibrio entre el estilo antiguo y la comodidad moderna. Elaborado con resistente hoja de acero D2, el cuchillo est\u00e1 listo para un uso duro, con capacidades de corte mejoradas gracias al perfil tanto elevado, una forma que se origin\u00f3 en otro milenio. El bloqueo de inserci\u00f3n y los rodamientos de bolas IKBS garantizan un funcionamiento seguro y suave, mientras que el mango G10 tiene un agarre excelente y viene con un patr\u00f3n llamativo que recuerda a la madera o las piedras preciosas cl\u00e1sicas. The Ancestor es la prenda de uso diario que usar\u00e1s hoy, ma\u00f1ana y en los a\u00f1os venideros.<\/p>\n<p>Especificaciones:<br \/>\nLongitud de la hoja: 9,14 cm<br \/>\nLongitud del mango: 11,72 cm<br \/>\nLongitud total: 20,95 cm.<br \/>\nMaterial de la hoja: Acero para herramientas D2<br \/>\nEstilo de hoja: Tanto hacia arriba<br \/>\nTratamiento superficial de la hoja: satinado.<br \/>\nMaterial del mango: G10<br \/>\nMecanismo de bloqueo: Liner Lock<br \/>\nClip de bolsillo: abatible, para uso en la mano derecha<br \/>\nPeso: 2,80 onzas. (79,38 g)<br \/>\nDise\u00f1ador: Darriel Caston de D Rocket Design<\/p>\n<p><iframe title=\"CRKT Ancestor Liner Lock | Darriel Caston Design\" width=\"800\" height=\"450\" src=\"https:\/\/www.youtube.com\/embed\/tQhoELaezZY?feature=oembed\" frameborder=\"0\" allow=\"accelerometer; autoplay; clipboard-write; encrypted-media; gyroscope; picture-in-picture; web-share\" referrerpolicy=\"strict-origin-when-cross-origin\" allowfullscreen><\/iframe><\/p>\n<p>&nbsp;<\/p>\n","protected":false},"excerpt":{"rendered":"<p>DISE\u00d1ADOR<br \/>\nDarriel Caston<br \/>\nFolsom, California<br \/>\nDarriel Caston, ingeniero el\u00e9ctrico de profesi\u00f3n, utiliza el dise\u00f1o de cuchillos como una forma de expresar su lado art\u00edstico. Ha estado produciendo componentes de alta gama durante d\u00e9cadas y se ha ganado el reconocimiento generalizado por sus dise\u00f1os detallados e intrincados. M\u00e1s que herramientas, sus cuchillos son obras de arte y temas de conversaci\u00f3n por derecho propio, que encuentran su camino en las vitrinas de los coleccionistas y en los bolsillos de los entusiastas que aprecian el estilo y la artesan\u00eda del EDC premium.<\/p>\n","protected":false},"featured_media":332469,"comment_status":"open","ping_status":"closed","template":"","meta":[],"pwb-brand":[3765],"product_brand":[],"product_cat":[3730,3726],"product_tag":[3756],"class_list":{"0":"post-332512","1":"product","2":"type-product","3":"status-publish","4":"has-post-thumbnail","6":"pwb-brand-crkt-es","7":"product_cat-cuchillas-de-cierre","8":"product_cat-cuchillos","9":"product_tag-b2b-es","11":"first","12":"instock","13":"sale","14":"taxable","15":"shipping-taxable","16":"purchasable","17":"product-type-simple"},"brands":[{"id":3765,"name":"CRKT","slug":"crkt-es"}],"_links":{"self":[{"href":"https:\/\/www.moskito.cz\/es\/wp-json\/wp\/v2\/product\/332512","targetHints":{"allow":["GET"]}}],"collection":[{"href":"https:\/\/www.moskito.cz\/es\/wp-json\/wp\/v2\/product"}],"about":[{"href":"https:\/\/www.moskito.cz\/es\/wp-json\/wp\/v2\/types\/product"}],"replies":[{"embeddable":true,"href":"https:\/\/www.moskito.cz\/es\/wp-json\/wp\/v2\/comments?post=332512"}],"wp:featuredmedia":[{"embeddable":true,"href":"https:\/\/www.moskito.cz\/es\/wp-json\/wp\/v2\/media\/332469"}],"wp:attachment":[{"href":"https:\/\/www.moskito.cz\/es\/wp-json\/wp\/v2\/media?parent=332512"}],"wp:term":[{"taxonomy":"pwb-brand","embeddable":true,"href":"https:\/\/www.moskito.cz\/es\/wp-json\/wp\/v2\/pwb-brand?post=332512"},{"taxonomy":"product_brand","embeddable":true,"href":"https:\/\/www.moskito.cz\/es\/wp-json\/wp\/v2\/product_brand?post=332512"},{"taxonomy":"product_cat","embeddable":true,"href":"https:\/\/www.moskito.cz\/es\/wp-json\/wp\/v2\/product_cat?post=332512"},{"taxonomy":"product_tag","embeddable":true,"href":"https:\/\/www.moskito.cz\/es\/wp-json\/wp\/v2\/product_tag?post=332512"}],"curies":[{"name":"wp","href":"https:\/\/api.w.org\/{rel}","templated":true}]}}