{"id":332552,"date":"2024-04-14T18:34:29","date_gmt":"2024-04-14T17:35:18","guid":{"rendered":"https:\/\/www.moskito.cz\/produkt\/boligrafo-crkt-bond-tpenbond3\/"},"modified":"2025-05-07T11:11:03","modified_gmt":"2025-05-07T10:11:03","slug":"boligrafo-crkt-bond-tpenbond3","status":"publish","type":"product","link":"https:\/\/www.moskito.cz\/es\/produkt\/boligrafo-crkt-bond-tpenbond3\/","title":{"rendered":"Bol\u00edgrafo CRKT Bond TPENBOND3"},"content":{"rendered":"<p>Bol\u00edgrafo <strong>CRKT<\/strong> Bond TPENBOND3<\/p>\n<p>Toma el bol\u00edgrafo que tienes por ah\u00ed. El bol\u00edgrafo BoltLiner, que ahora forma parte de la familia Techliner, es el original de dibujo r\u00e1pido sin el que no puedes vivir. El acabado de rejilla mecanizado proporciona al bol\u00edgrafo un agarre firme, mientras que el mango de aluminio y acero inoxidable proporciona una excelente durabilidad. El mecanismo de pestillo despliega el bol\u00edgrafo en poco tiempo, lo que hace que abrir y cerrar sea f\u00e1cil y fluido. Es un tipo diferente de transporte diario, pero aun as\u00ed querr\u00e1s guardarlo en tu bolsillo.<\/p>\n<p>Especificaciones<br \/>\nLongitud total: 13,11 cm<br \/>\nMaterial: aluminio 6061 y acero inoxidable<br \/>\nPeso: 1,40 onzas. (39,69 g)<br \/>\nRecambio: SCHMIDT MegaLine 4889 M Negro<br \/>\nDise\u00f1ador: Mike Bond<\/p>\n","protected":false},"excerpt":{"rendered":"<p>DISE\u00d1ADOR<br \/>\nmike bono<br \/>\nHonolulu, Hawaii<br \/>\nBond, Mike Bond&#8230; un apellido con zapatos grandes. Pero si le preguntas a Mike, te dir\u00e1 que es m\u00e1s Q que James (a\u00fan pensamos que es un agente secreto). Mike es bien conocido por sus contribuciones al mercado de bol\u00edgrafos y herramientas m\u00faltiples con sus mosquetones mejorados y el bol\u00edgrafo con tapa magn\u00e9tica patentado TechLiner. Mike, director de Ti2 Design, dirige su taller en la isla de Oahu y es conocido en toda la industria EDC como la herramienta perfecta.<\/p>\n","protected":false},"featured_media":332527,"comment_status":"open","ping_status":"closed","template":"","meta":[],"pwb-brand":[3765],"product_brand":[],"product_cat":[3730,3726],"product_tag":[3756],"class_list":{"0":"post-332552","1":"product","2":"type-product","3":"status-publish","4":"has-post-thumbnail","6":"pwb-brand-crkt-es","7":"product_cat-cuchillas-de-cierre","8":"product_cat-cuchillos","9":"product_tag-b2b-es","11":"first","12":"instock","13":"taxable","14":"shipping-taxable","15":"purchasable","16":"product-type-simple"},"brands":[{"id":3765,"name":"CRKT","slug":"crkt-es"}],"_links":{"self":[{"href":"https:\/\/www.moskito.cz\/es\/wp-json\/wp\/v2\/product\/332552","targetHints":{"allow":["GET"]}}],"collection":[{"href":"https:\/\/www.moskito.cz\/es\/wp-json\/wp\/v2\/product"}],"about":[{"href":"https:\/\/www.moskito.cz\/es\/wp-json\/wp\/v2\/types\/product"}],"replies":[{"embeddable":true,"href":"https:\/\/www.moskito.cz\/es\/wp-json\/wp\/v2\/comments?post=332552"}],"wp:featuredmedia":[{"embeddable":true,"href":"https:\/\/www.moskito.cz\/es\/wp-json\/wp\/v2\/media\/332527"}],"wp:attachment":[{"href":"https:\/\/www.moskito.cz\/es\/wp-json\/wp\/v2\/media?parent=332552"}],"wp:term":[{"taxonomy":"pwb-brand","embeddable":true,"href":"https:\/\/www.moskito.cz\/es\/wp-json\/wp\/v2\/pwb-brand?post=332552"},{"taxonomy":"product_brand","embeddable":true,"href":"https:\/\/www.moskito.cz\/es\/wp-json\/wp\/v2\/product_brand?post=332552"},{"taxonomy":"product_cat","embeddable":true,"href":"https:\/\/www.moskito.cz\/es\/wp-json\/wp\/v2\/product_cat?post=332552"},{"taxonomy":"product_tag","embeddable":true,"href":"https:\/\/www.moskito.cz\/es\/wp-json\/wp\/v2\/product_tag?post=332552"}],"curies":[{"name":"wp","href":"https:\/\/api.w.org\/{rel}","templated":true}]}}