{"id":332609,"date":"2024-04-14T19:57:07","date_gmt":"2024-04-14T18:59:43","guid":{"rendered":"https:\/\/www.moskito.cz\/produkt\/navaja-fija-crkt-razel-compact-4036\/"},"modified":"2025-05-07T11:11:06","modified_gmt":"2025-05-07T10:11:06","slug":"navaja-fija-crkt-razel-compact-4036","status":"publish","type":"product","link":"https:\/\/www.moskito.cz\/es\/produkt\/navaja-fija-crkt-razel-compact-4036\/","title":{"rendered":"Navaja Fija CRKT Razel Compact 4036"},"content":{"rendered":"<p>Navaja Fija <strong>CRKT<\/strong> Razel Compact 4036.<\/p>\n<p>Si bien el Razel Compact puede ser m\u00e1s peque\u00f1o que las hojas fijas normales de Razel, incluye muchas caracter\u00edsticas y funciones \u00fatiles en su hoja gruesa. La hoja D2 mide solo 2,32&#8243; y tiene un acabado Stonewash\/Satin de dos tonos que separa la hoja de las caras. La parte posterior de la hoja presenta un dentado Veff Flat Top que proporciona una excelente potencia de corte para cuerdas y correas. El mango est\u00e1 hecho de G10 negro, tiene una forma que se adapta al frente de la mano y tiene un clip extendido para acomodar el cable trenzado. El Razel Compact viene con una funda termopl\u00e1stica con varios orificios para puntos de fijaci\u00f3n y un clip de bolsillo para varias opciones de transporte. .<\/p>\n<p>Especificaciones:<br \/>\nLongitud de la hoja: 5,90 cm<br \/>\nLongitud del mango: 7,49 cm<br \/>\nLongitud total: 13,39 cm.<br \/>\nMaterial de la hoja: Acero para herramientas D2<br \/>\nGrosor de la hoja: 0,31 cm.<br \/>\nEstilo de hoja: Cincel<br \/>\nTratamiento superficial de la hoja: bicolor.<br \/>\nMaterial del mango: negro G10<br \/>\nMaterial de la carcasa: Termopl\u00e1stico<br \/>\nClip de bolsillo de acero inoxidable<br \/>\nPeso: 3,0 onzas. (85,05 g)<br \/>\nPeso con estuche: 4,1 oz. (116,23 g)<br \/>\nDise\u00f1ador: Jon Graham<\/p>\n<p><iframe title=\"CRKT Razel\u00ae Compact | Jon Graham Design\" width=\"800\" height=\"450\" src=\"https:\/\/www.youtube.com\/embed\/-3idTlyqcfE?feature=oembed\" frameborder=\"0\" allow=\"accelerometer; autoplay; clipboard-write; encrypted-media; gyroscope; picture-in-picture; web-share\" referrerpolicy=\"strict-origin-when-cross-origin\" allowfullscreen><\/iframe><\/p>\n<p>&nbsp;<\/p>\n","protected":false},"excerpt":{"rendered":"<p>DISE\u00d1ADOR<br \/>\n<strong>Jon Graham<\/strong><br \/>\nCleveland, Tennesse<br \/>\nNacido de un padre amante de los cuchillos, Jon Graham de Cleveland, Tennessee, aprendi\u00f3 la importancia de un buen cuchillo desde una edad temprana. \u00abConsegu\u00ed mi primer cuchillo cuando ten\u00eda siete a\u00f1os y desde entonces no he estado sin uno\u00bb. A finales de los 80 Hace a\u00f1os, cuando Jon estaba destinado en Aviaono AB Italia, descubri\u00f3 cuchillos hechos a mano en una revista y supo que era algo que quer\u00eda hacer. Despu\u00e9s de salir de la Fuerza A\u00e9rea y conseguir un trabajo, Jon comenz\u00f3 a fabricar cuchillos de mesa con herramientas b\u00e1sicas en 1994. Cansado de hacer dise\u00f1os de otras personas, Jon le pidi\u00f3 a su hermano Josh en 1999 que consiguiera algo de equipo y aprendiera a hacer cuchillos mediante desguace. Ha estado enganchado desde entonces y se esfuerza constantemente por mejorar sus dise\u00f1os y habilidades, aprovechando su experiencia como t\u00e9cnico de motores di\u00e9sel. Graham Knives se especializa en dise\u00f1os t\u00e1cticos utilitarios con \u00e9nfasis en navajas EDC de hoja fija, pero su l\u00ednea favorita de cuchillos es el Razel personalizado de doble filo, que la compa\u00f1\u00eda fabrica en muchos tama\u00f1os y estilos. Es el dise\u00f1ador de CRKT Razel y Folding Razel.<\/p>\n","protected":false},"featured_media":332567,"comment_status":"open","ping_status":"closed","template":"","meta":[],"pwb-brand":[3765],"product_brand":[],"product_cat":[3726,3727],"product_tag":[3756],"class_list":{"0":"post-332609","1":"product","2":"type-product","3":"status-publish","4":"has-post-thumbnail","6":"pwb-brand-crkt-es","7":"product_cat-cuchillos","8":"product_cat-cuchillos-macizos","9":"product_tag-b2b-es","11":"first","12":"instock","13":"taxable","14":"shipping-taxable","15":"purchasable","16":"product-type-simple"},"brands":[{"id":3765,"name":"CRKT","slug":"crkt-es"}],"_links":{"self":[{"href":"https:\/\/www.moskito.cz\/es\/wp-json\/wp\/v2\/product\/332609","targetHints":{"allow":["GET"]}}],"collection":[{"href":"https:\/\/www.moskito.cz\/es\/wp-json\/wp\/v2\/product"}],"about":[{"href":"https:\/\/www.moskito.cz\/es\/wp-json\/wp\/v2\/types\/product"}],"replies":[{"embeddable":true,"href":"https:\/\/www.moskito.cz\/es\/wp-json\/wp\/v2\/comments?post=332609"}],"wp:featuredmedia":[{"embeddable":true,"href":"https:\/\/www.moskito.cz\/es\/wp-json\/wp\/v2\/media\/332567"}],"wp:attachment":[{"href":"https:\/\/www.moskito.cz\/es\/wp-json\/wp\/v2\/media?parent=332609"}],"wp:term":[{"taxonomy":"pwb-brand","embeddable":true,"href":"https:\/\/www.moskito.cz\/es\/wp-json\/wp\/v2\/pwb-brand?post=332609"},{"taxonomy":"product_brand","embeddable":true,"href":"https:\/\/www.moskito.cz\/es\/wp-json\/wp\/v2\/product_brand?post=332609"},{"taxonomy":"product_cat","embeddable":true,"href":"https:\/\/www.moskito.cz\/es\/wp-json\/wp\/v2\/product_cat?post=332609"},{"taxonomy":"product_tag","embeddable":true,"href":"https:\/\/www.moskito.cz\/es\/wp-json\/wp\/v2\/product_tag?post=332609"}],"curies":[{"name":"wp","href":"https:\/\/api.w.org\/{rel}","templated":true}]}}