{"id":332753,"date":"2024-04-14T20:35:06","date_gmt":"2024-04-14T19:40:48","guid":{"rendered":"https:\/\/www.moskito.cz\/produkt\/cuchillo-cierre-crkt-orca-7930\/"},"modified":"2025-05-07T11:11:10","modified_gmt":"2025-05-07T10:11:10","slug":"cuchillo-cierre-crkt-orca-7930","status":"publish","type":"product","link":"https:\/\/www.moskito.cz\/es\/produkt\/cuchillo-cierre-crkt-orca-7930\/","title":{"rendered":"Cuchillo Cierre CRKT Orca 7930"},"content":{"rendered":"<p>Cuchillo Cierre <strong>CRKT<\/strong> Orca 7930<\/p>\n<div class=\"flex-1 overflow-hidden @container\/thread\">\n<div class=\"h-full\">\n<div class=\"react-scroll-to-bottom--css-quzxw-79elbk h-full\">\n<div class=\"react-scroll-to-bottom--css-quzxw-1n7m0yu\">\n<div class=\"flex flex-col text-sm md:pb-9\">\n<article class=\"w-full scroll-mb-[var(--thread-trailing-height,150px)] text-token-text-primary focus-visible:outline-2 focus-visible:outline-offset-[-4px]\" dir=\"auto\" data-testid=\"conversation-turn-173\" data-scroll-anchor=\"true\">\n<div class=\"m-auto text-base py-[18px] px-3 md:px-4 w-full md:px-5 lg:px-4 xl:px-5\">\n<div class=\"mx-auto flex flex-1 gap-4 text-base md:gap-5 lg:gap-6 md:max-w-3xl\">\n<div class=\"group\/conversation-turn relative flex w-full min-w-0 flex-col agent-turn\">\n<div class=\"flex-col gap-1 md:gap-3\">\n<div class=\"flex max-w-full flex-col flex-grow\">\n<div class=\"min-h-8 text-message flex w-full flex-col items-end gap-2 whitespace-normal break-words text-start [.text-message+&amp;]:mt-5\" dir=\"auto\" data-message-author-role=\"assistant\" data-message-id=\"4fbf0619-a580-43af-9370-fc51dbba6d4c\" data-message-model-slug=\"gpt-4o-mini\">\n<div class=\"flex w-full flex-col gap-1 empty:hidden first:pt-[3px]\">\n<div class=\"markdown prose w-full break-words dark:prose-invert light\">\n<p><strong>El cuchillo plegable CRKT Orca 7930<\/strong> es <strong>un cuchillo compacto, potente y discreto<\/strong> que combina <strong>excelentes elementos de dise\u00f1o<\/strong> con caracter\u00edsticas pr\u00e1cticas. Dise\u00f1ado por Jim Hammond, <strong>el Orca<\/strong> est\u00e1 inspirado en su animal marino favorito, <strong>la orca<\/strong> , lo que queda claramente patente en el dise\u00f1o del cuchillo. Este cuchillo destaca no solo por su apariencia, sino tambi\u00e9n por su funcionalidad, que incluye <strong>apertura asistida<\/strong> y <strong>alta resistencia del material<\/strong> .  <\/p>\n<h3>Propiedades clave:<\/h3>\n<ul>\n<li><strong>Apertura asistida:<\/strong> El cuchillo est\u00e1 equipado con <strong>apertura asistida<\/strong> , lo que significa que la hoja se abre r\u00e1pida y f\u00e1cilmente con una mano. <strong>El pivote IKBS<\/strong> (IKBS \u2013 sistema de cojinetes Ikoma Korth) garantiza una apertura suave incluso con un movimiento m\u00ednimo.<\/li>\n<li><strong>Hoja de acero para herramientas D2:<\/strong> el acero <strong>D2<\/strong> es un acero de alta calidad con excelentes propiedades de retenci\u00f3n del filo, lo que significa que la hoja se mantiene afilada durante mucho tiempo incluso con un uso intensivo.<\/li>\n<li><strong>Dise\u00f1o compacto:<\/strong> con <strong>una longitud de hoja de 4,53 cm<\/strong> y <strong>una longitud total de 11,84 cm,<\/strong> este cuchillo es muy compacto y f\u00e1cil de transportar, lo que lo hace ideal para llevarlo todos los d\u00edas en el bolsillo.<\/li>\n<li><strong>Mango ergon\u00f3mico:<\/strong> El mango est\u00e1 hecho de <strong>nailon reforzado con vidrio negro<\/strong> , lo que garantiza <strong>una alta resistencia y durabilidad<\/strong> , al mismo tiempo que tiene <strong>una textura ligera<\/strong> , lo que proporciona un buen agarre.<\/li>\n<li><strong>Bloqueo seguro:<\/strong> este modelo cuenta con <strong>Liner Lock<\/strong> , un mecanismo de bloqueo que garantiza que la hoja permanezca firmemente en su lugar cuando est\u00e1 abierta y evita el cierre accidental durante el uso.<\/li>\n<li><strong>Pr\u00e1ctico clip de bolsillo:<\/strong> el clip de bolsillo permite <strong>llevarlo con la mano derecha<\/strong> y llevarlo f\u00e1cilmente en el bolsillo o en el cintur\u00f3n.<\/li>\n<\/ul>\n<h3>Especificaciones:<\/h3>\n<ul>\n<li><strong>Longitud de la hoja:<\/strong> 4,53 cm<\/li>\n<li><strong>Longitud del mango:<\/strong> 7,55 cm<\/li>\n<li><strong>Longitud total:<\/strong> 11,84 cm<\/li>\n<li><strong>Material de la hoja:<\/strong> <strong>D2<\/strong> (acero para herramientas)<\/li>\n<li><strong>Estilo de hoja:<\/strong> <strong>Punta ca\u00edda<\/strong><\/li>\n<li><strong>Tratamiento superficial de la hoja:<\/strong> Satinado<\/li>\n<li><strong>Material del mango:<\/strong> nailon reforzado con fibra de vidrio negro<\/li>\n<li><strong>Mecanismo de bloqueo:<\/strong> <strong>Liner Lock<\/strong><\/li>\n<li><strong>Clip de bolsillo:<\/strong> abatible, para llevar con la mano derecha<\/li>\n<li><strong>Peso:<\/strong> 2,60 oz. (73,71 gramos)<\/li>\n<li><strong>Dise\u00f1ador:<\/strong> <strong>Jim Hammond<\/strong><\/li>\n<li><strong>Asistencia de pivote IKBS<\/strong> (para una apertura r\u00e1pida y suave)<\/li>\n<\/ul>\n<h3>Uso adecuado:<\/h3>\n<ul>\n<li><strong>Everyday Carry (EDC):<\/strong> Su peque\u00f1o tama\u00f1o lo hace ideal para llevar a diario. Puede ser ideal para <strong>abrir sobres<\/strong> , <strong>resolver peque\u00f1as tareas<\/strong> o <strong>realizar cortes menores<\/strong> . <\/li>\n<li><strong>Uso de oficina:<\/strong> Su discreto dise\u00f1o similar a un bol\u00edgrafo lo convierte en una excelente opci\u00f3n para <strong>entornos de oficina<\/strong> donde no desea que el cuchillo sea demasiado visible.<\/li>\n<li><strong>Actividades al aire libre:<\/strong> Gracias a su tama\u00f1o compacto, es adecuado para <strong>actividades ligeras al aire libre<\/strong> en las que es necesario tener a mano un cuchillo peque\u00f1o pero potente.<\/li>\n<li><strong>Autoexpresi\u00f3n y fines coleccionables:<\/strong> tambi\u00e9n es <strong>un cuchillo elegante<\/strong> para coleccionistas que apreciar\u00e1n su dise\u00f1o \u00fanico inspirado en la orca.<\/li>\n<\/ul>\n<h3>Dise\u00f1o inspirado en la naturaleza:<\/h3>\n<p>Adem\u00e1s de la funcionalidad, <strong>el dise\u00f1o del Orca<\/strong> est\u00e1 inspirado en <strong>la orca<\/strong> (Orcinus orca), lo que se evidencia en la curvatura del mango y en la apariencia general del cuchillo, que recuerda a las aletas dorsal y pectoral de este majestuoso mam\u00edfero marino. Este cuchillo no es solo una herramienta, sino tambi\u00e9n <strong>una pieza de dise\u00f1o<\/strong> que puedes llevar contigo con orgullo a cualquier lugar. <\/p>\n<p><strong>El CRKT Orca 7930<\/strong> es la elecci\u00f3n ideal para quienes buscan <strong>un cuchillo compacto pero potente<\/strong> con un excelente dise\u00f1o y <strong>apertura asistida<\/strong> que encontrar\u00e1 f\u00e1cilmente su lugar en su equipo diario.<\/p>\n<\/div>\n<\/div>\n<\/div>\n<\/div>\n<div class=\"mb-2 flex gap-3 empty:hidden -ml-2\">\n<div class=\"items-center justify-start rounded-xl p-1 flex\">\n<div class=\"flex items-center\"><\/div>\n<\/div>\n<\/div>\n<div class=\"pr-2 lg:pr-0\"><\/div>\n<div class=\"mt-3 w-full empty:hidden\">\n<div class=\"text-center\"><\/div>\n<\/div>\n<\/div>\n<div class=\"absolute\">\n<div class=\"flex items-center justify-center\"><\/div>\n<\/div>\n<\/div>\n<\/div>\n<\/div>\n<\/article>\n<\/div>\n<\/div>\n<\/div>\n<\/div>\n<\/div>\n<div class=\"md:pt-0 dark:border-white\/20 md:border-transparent md:dark:border-transparent w-full\">\n<div>\n<div class=\"m-auto text-base px-3 md:px-4 w-full md:px-5 lg:px-4 xl:px-5\">\n<div class=\"mx-auto flex flex-1 gap-4 text-base md:gap-5 lg:gap-6 md:max-w-3xl\">\n<div class=\"flex justify-center\"><\/div>\n<\/div>\n<\/div>\n<\/div>\n<\/div>\n<p>&nbsp;<\/p>\n<p><iframe title=\"CRKT Orca Assisted | Jim Hammond Design\" width=\"800\" height=\"450\" src=\"https:\/\/www.youtube.com\/embed\/WVN8A4kcy_A?feature=oembed\" frameborder=\"0\" allow=\"accelerometer; autoplay; clipboard-write; encrypted-media; gyroscope; picture-in-picture; web-share\" referrerpolicy=\"strict-origin-when-cross-origin\" allowfullscreen><\/iframe><\/p>\n<p>&nbsp;<\/p>\n","protected":false},"excerpt":{"rendered":"<div class=\"flex max-w-full flex-col flex-grow\">\n<div class=\"min-h-8 text-message flex w-full flex-col items-end gap-2 whitespace-normal break-words text-start [.text-message+&amp;]:mt-5\" dir=\"auto\" data-message-author-role=\"assistant\" data-message-id=\"4fbf0619-a580-43af-9370-fc51dbba6d4c\" data-message-model-slug=\"gpt-4o-mini\">\n<div class=\"flex w-full flex-col gap-1 empty:hidden first:pt-[3px]\">\n<div class=\"markdown prose w-full break-words dark:prose-invert light\">\n<p><strong>El CRKT Orca 7930 es la elecci\u00f3n ideal para quienes buscan un cuchillo compacto pero potente con un excelente dise\u00f1o y apertura asistida que encontrar\u00e1 f\u00e1cilmente su lugar en su equipo diario.<\/strong><\/p>\n<\/div>\n<\/div>\n<\/div>\n<\/div>\n<div class=\"mb-2 flex gap-3 empty:hidden -ml-2\">\n<div class=\"items-center justify-start rounded-xl p-1 flex\">\n<div class=\"flex items-center\"><\/div>\n<\/div>\n<\/div>\n","protected":false},"featured_media":332711,"comment_status":"open","ping_status":"closed","template":"","meta":[],"pwb-brand":[3765],"product_brand":[],"product_cat":[3730,3726],"product_tag":[3756],"class_list":{"0":"post-332753","1":"product","2":"type-product","3":"status-publish","4":"has-post-thumbnail","6":"pwb-brand-crkt-es","7":"product_cat-cuchillas-de-cierre","8":"product_cat-cuchillos","9":"product_tag-b2b-es","11":"first","12":"instock","13":"sale","14":"taxable","15":"shipping-taxable","16":"purchasable","17":"product-type-simple"},"brands":[{"id":3765,"name":"CRKT","slug":"crkt-es"}],"_links":{"self":[{"href":"https:\/\/www.moskito.cz\/es\/wp-json\/wp\/v2\/product\/332753","targetHints":{"allow":["GET"]}}],"collection":[{"href":"https:\/\/www.moskito.cz\/es\/wp-json\/wp\/v2\/product"}],"about":[{"href":"https:\/\/www.moskito.cz\/es\/wp-json\/wp\/v2\/types\/product"}],"replies":[{"embeddable":true,"href":"https:\/\/www.moskito.cz\/es\/wp-json\/wp\/v2\/comments?post=332753"}],"wp:featuredmedia":[{"embeddable":true,"href":"https:\/\/www.moskito.cz\/es\/wp-json\/wp\/v2\/media\/332711"}],"wp:attachment":[{"href":"https:\/\/www.moskito.cz\/es\/wp-json\/wp\/v2\/media?parent=332753"}],"wp:term":[{"taxonomy":"pwb-brand","embeddable":true,"href":"https:\/\/www.moskito.cz\/es\/wp-json\/wp\/v2\/pwb-brand?post=332753"},{"taxonomy":"product_brand","embeddable":true,"href":"https:\/\/www.moskito.cz\/es\/wp-json\/wp\/v2\/product_brand?post=332753"},{"taxonomy":"product_cat","embeddable":true,"href":"https:\/\/www.moskito.cz\/es\/wp-json\/wp\/v2\/product_cat?post=332753"},{"taxonomy":"product_tag","embeddable":true,"href":"https:\/\/www.moskito.cz\/es\/wp-json\/wp\/v2\/product_tag?post=332753"}],"curies":[{"name":"wp","href":"https:\/\/api.w.org\/{rel}","templated":true}]}}