{"id":332802,"date":"2024-04-14T20:57:36","date_gmt":"2024-04-14T19:59:30","guid":{"rendered":"https:\/\/www.moskito.cz\/produkt\/boligrafo-con-pinza-crkt-tpenwu\/"},"modified":"2025-05-07T11:11:13","modified_gmt":"2025-05-07T10:11:13","slug":"boligrafo-con-pinza-crkt-tpenwu","status":"publish","type":"product","link":"https:\/\/www.moskito.cz\/es\/produkt\/boligrafo-con-pinza-crkt-tpenwu\/","title":{"rendered":"Bol\u00edgrafo con pinza CRKT TPENWU"},"content":{"rendered":"<p>Bol\u00edgrafo con pinza <strong>CRKT<\/strong> TPENWU<\/p>\n<p>El Collet Pen combina una herramienta de escritura port\u00e1til con una herramienta de grabado flexible en un estuche de aluminio atractivo y liviano. Oculta debajo de la cubierta trasera hay una aguja de carburo de tungsteno que es lo suficientemente fuerte como para marcar la mayor\u00eda de los materiales duros. Se mantiene en su lugar mediante un portabrocas que puede aceptar cualquier tipo de herramienta de grabado opcional.<\/p>\n<p>Y es simplemente una gran herramienta de escritura.<\/p>\n<p>Especificaciones:<br \/>\nLongitud total: 13,8 cm<br \/>\nMaterial: aluminio gris<br \/>\nPeso: 1,10 onzas. (31,18 g)<br \/>\nCartucho: Schmidt MegaLine 4876 M<br \/>\nDise\u00f1ador: Joe Wu<br \/>\nDise\u00f1ado en Mountain View, California.<\/p>\n<p>&nbsp;<\/p>\n","protected":false},"excerpt":{"rendered":"<p>DISE\u00d1ADOR<br \/>\nJoe Wu<br \/>\nVista a la monta\u00f1a, California<br \/>\nJoe Wu, siempre retocando y buscando nuevas formas de mejorar los dise\u00f1os existentes, comenz\u00f3 en el dise\u00f1o de productos en Scout Leather Co. elaborando productos basados \u200b\u200ben las necesidades y la experiencia personales. En los \u00faltimos a\u00f1os, ha ido tomando sus ideas y perfeccionando sus habilidades comerciales utilizando m\u00e9todos tradicionales con un enfoque moderno. Sus dise\u00f1os e ideas est\u00e1n impulsados \u200b\u200bpor la simplicidad y la experiencia del usuario; Un buen dise\u00f1o no tiene por qu\u00e9 ser complicado.<\/p>\n","protected":false},"featured_media":332768,"comment_status":"open","ping_status":"closed","template":"","meta":[],"pwb-brand":[3765],"product_brand":[],"product_cat":[3730,3726],"product_tag":[3756],"class_list":{"0":"post-332802","1":"product","2":"type-product","3":"status-publish","4":"has-post-thumbnail","6":"pwb-brand-crkt-es","7":"product_cat-cuchillas-de-cierre","8":"product_cat-cuchillos","9":"product_tag-b2b-es","11":"first","12":"instock","13":"taxable","14":"shipping-taxable","15":"purchasable","16":"product-type-simple"},"brands":[{"id":3765,"name":"CRKT","slug":"crkt-es"}],"_links":{"self":[{"href":"https:\/\/www.moskito.cz\/es\/wp-json\/wp\/v2\/product\/332802","targetHints":{"allow":["GET"]}}],"collection":[{"href":"https:\/\/www.moskito.cz\/es\/wp-json\/wp\/v2\/product"}],"about":[{"href":"https:\/\/www.moskito.cz\/es\/wp-json\/wp\/v2\/types\/product"}],"replies":[{"embeddable":true,"href":"https:\/\/www.moskito.cz\/es\/wp-json\/wp\/v2\/comments?post=332802"}],"wp:featuredmedia":[{"embeddable":true,"href":"https:\/\/www.moskito.cz\/es\/wp-json\/wp\/v2\/media\/332768"}],"wp:attachment":[{"href":"https:\/\/www.moskito.cz\/es\/wp-json\/wp\/v2\/media?parent=332802"}],"wp:term":[{"taxonomy":"pwb-brand","embeddable":true,"href":"https:\/\/www.moskito.cz\/es\/wp-json\/wp\/v2\/pwb-brand?post=332802"},{"taxonomy":"product_brand","embeddable":true,"href":"https:\/\/www.moskito.cz\/es\/wp-json\/wp\/v2\/product_brand?post=332802"},{"taxonomy":"product_cat","embeddable":true,"href":"https:\/\/www.moskito.cz\/es\/wp-json\/wp\/v2\/product_cat?post=332802"},{"taxonomy":"product_tag","embeddable":true,"href":"https:\/\/www.moskito.cz\/es\/wp-json\/wp\/v2\/product_tag?post=332802"}],"curies":[{"name":"wp","href":"https:\/\/api.w.org\/{rel}","templated":true}]}}