{"id":332805,"date":"2019-08-13T16:43:09","date_gmt":"2024-04-15T07:21:36","guid":{"rendered":"https:\/\/www.moskito.cz\/produkt\/afilador-de-cuchillos-vulkanus-classic-g2\/"},"modified":"2025-07-11T07:49:37","modified_gmt":"2025-07-11T06:49:37","slug":"afilador-de-cuchillos-vulkanus-classic-g2","status":"publish","type":"product","link":"https:\/\/www.moskito.cz\/es\/produkt\/afilador-de-cuchillos-vulkanus-classic-g2\/","title":{"rendered":"Afilador de cuchillos Vulkanus Classic G2"},"content":{"rendered":"<p>Afilador de cuchillos Vulkanus Classic G2<\/p>\n<p>Ya est\u00e1 aqu\u00ed el afilador de cuchillos Vulkanus Classic G2 de segunda generaci\u00f3n.<br \/>\nLos insertos de afilado fueron revisados \u200b\u200ben material y forma para que su vida \u00fatil pudiera aumentarse tres veces y el resultado del afilado pudiera ser a\u00fan mejor. El \u00e1ngulo de enfoque se ampli\u00f3 de 11\u00b0 a 21\u00b0. Los resortes de barra est\u00e1n ocultos en la nueva generaci\u00f3n y su fuerza de compresi\u00f3n se ha incrementado significativamente.<br \/>\nAdem\u00e1s, los elementos de afilado ahora son mucho m\u00e1s f\u00e1ciles de reemplazar si es necesario.<\/p>\n<p>El afilador de cuchillos Vulkanus Classic G2 fue inventado por Harald Stallegger de Salzburgo, quien luego lo patent\u00f3. Las varillas de aleaci\u00f3n dura (carburo cementado) accionadas por resorte permanecen firmemente en contacto con cualquier forma de hoja. Podr\u00e1s afilar cuchillos para pan lisos y dentados de una forma muy sencilla y sin rayones no deseados.<br \/>\nRectificado simple que cualquiera puede manejar. Lo \u00fanico que tienes que hacer es pasar el cuchillo por el afilador varias veces con la punta hacia abajo, tirar sin aumentar la presi\u00f3n y ya podr\u00e1s seguir cortando. La amoladora funciona seg\u00fan el principio de un sistema de resorte patentado. Est\u00e1 fabricado en pl\u00e1stico negro de alta calidad.<\/p>\n<p>Personas de todas las culturas y \u00e9pocas utilizan cuchillos y herramientas de corte. Son un s\u00edmbolo de poder, se perciben como objetos de arte y herramientas multifuncionales.<br \/>\nSiempre ha sido importante, o incluso vital, que las personas tengan un cuchillo o un arma con el filo necesario.<br \/>\nPor eso, la profesi\u00f3n de afilador de cuchillos siempre ha jugado un papel importante en la sociedad. El afilado de cuchillos es tan antiguo como la historia de la humanidad y sigue siendo interesante. Hay muchas hojas de cuchillo.<\/p>\n<p>Si bien hasta ahora el afilado de cuchillos se ha dejado en manos de expertos, Vulkanus ha creado un afilador que es tan f\u00e1cil de usar que cualquiera puede usarlo. Hoy en d\u00eda, en ning\u00fan hogar moderno deber\u00eda faltar un dispositivo adecuado para afilar cuchillos. Sin embargo, pocos de los productos que se ofrecen son realmente f\u00e1ciles. Por eso, a la hora de desarrollar este afilador, la empresa austriaca concedi\u00f3 gran importancia a la creaci\u00f3n de un dispositivo universal y f\u00e1cil de usar.<\/p>\n<p>El desarrollo del afilador de cuchillos Vulkanus se basa en 20 a\u00f1os de experiencia del propietario de la empresa, Harald Stallegger, en el campo del corte y afilado de cuchillos. Con el nuevo \u00abVulkanus\u00bb, Stallegger ha desarrollado un afilador de cuchillos que est\u00e1 disponible en diferentes versiones para satisfacer las m\u00e1s diversas necesidades. La gama de productos patentada Vulkanus, que incluye una serie de productos \u00fanicos (para afilar y rectificar hojas tanto lisas como dentadas), encontr\u00f3 r\u00e1pidamente socios de distribuci\u00f3n internacionales. Hoy en d\u00eda, estos productos est\u00e1n disponibles en tiendas especializadas de alta calidad en todo el mundo.<\/p>\n<p>Como empresa familiar, la empresa est\u00e1 acostumbrada a trabajar orientado al cliente. Esta actitud se ve reforzada por un crecimiento de alta calidad y un desarrollo continuo de productos. INNOVACI\u00d3N &#8211; LEY &#8211; CALIDAD<\/p>\n<p>VULKANUS Desde cuchillos para sushi hasta cuchillos de caza y de bolsillo: el VULKANUS\u00ae Classic, fabricado con pl\u00e1stico apto para lavavajillas, facilita el afilado de sus cuchillos de trabajo favoritos. Todo lo que necesitas es un poco de concentraci\u00f3n y unos pocos movimientos uniformes de la hoja y tu cuchillo tendr\u00e1 un filo ultra afilado sin mellas ni rayones. El pescado, la caza y las verduras dar\u00e1n la prueba.<\/p>\n","protected":false},"excerpt":{"rendered":"<p>Un afilador de cuchillos sencillo y funcional.<br \/>\nSistema de molienda <strong>patentado<\/strong> .<br \/>\nFabricado en Austria .<\/p>\n","protected":false},"featured_media":175758,"comment_status":"open","ping_status":"closed","template":"","meta":[],"pwb-brand":[3796],"product_brand":[],"product_cat":[3715],"product_tag":[],"class_list":{"0":"post-332805","1":"product","2":"type-product","3":"status-publish","4":"has-post-thumbnail","6":"pwb-brand-vulcano-es","7":"product_cat-muelas-abrasivas-y-aceros","9":"first","10":"instock","11":"taxable","12":"shipping-taxable","13":"purchasable","14":"product-type-simple"},"brands":[{"id":3796,"name":"Vulcano","slug":"vulcano-es"}],"_links":{"self":[{"href":"https:\/\/www.moskito.cz\/es\/wp-json\/wp\/v2\/product\/332805","targetHints":{"allow":["GET"]}}],"collection":[{"href":"https:\/\/www.moskito.cz\/es\/wp-json\/wp\/v2\/product"}],"about":[{"href":"https:\/\/www.moskito.cz\/es\/wp-json\/wp\/v2\/types\/product"}],"replies":[{"embeddable":true,"href":"https:\/\/www.moskito.cz\/es\/wp-json\/wp\/v2\/comments?post=332805"}],"wp:featuredmedia":[{"embeddable":true,"href":"https:\/\/www.moskito.cz\/es\/wp-json\/wp\/v2\/media\/175758"}],"wp:attachment":[{"href":"https:\/\/www.moskito.cz\/es\/wp-json\/wp\/v2\/media?parent=332805"}],"wp:term":[{"taxonomy":"pwb-brand","embeddable":true,"href":"https:\/\/www.moskito.cz\/es\/wp-json\/wp\/v2\/pwb-brand?post=332805"},{"taxonomy":"product_brand","embeddable":true,"href":"https:\/\/www.moskito.cz\/es\/wp-json\/wp\/v2\/product_brand?post=332805"},{"taxonomy":"product_cat","embeddable":true,"href":"https:\/\/www.moskito.cz\/es\/wp-json\/wp\/v2\/product_cat?post=332805"},{"taxonomy":"product_tag","embeddable":true,"href":"https:\/\/www.moskito.cz\/es\/wp-json\/wp\/v2\/product_tag?post=332805"}],"curies":[{"name":"wp","href":"https:\/\/api.w.org\/{rel}","templated":true}]}}