{"id":332976,"date":"2022-11-26T16:12:35","date_gmt":"2024-04-15T09:44:07","guid":{"rendered":"https:\/\/www.moskito.cz\/produkt\/cuchillo-cierre-extrema-ratio-bf3-dark-talon-negro\/"},"modified":"2025-05-07T11:11:17","modified_gmt":"2025-05-07T10:11:17","slug":"cuchillo-cierre-extrema-ratio-bf3-dark-talon-negro","status":"publish","type":"product","link":"https:\/\/www.moskito.cz\/es\/produkt\/cuchillo-cierre-extrema-ratio-bf3-dark-talon-negro\/","title":{"rendered":"Cuchillo Cierre Extrema Ratio BF3 DARK TALON NEGRO"},"content":{"rendered":"<p>Navaja Cierre <strong>Extrema Ratio<\/strong> BF3 DARK TALON NEGRO.<\/p>\n<p>Las caracter\u00edsticas comunes de la serie \u00abBasic Folder\u00bb son la ligereza, la sencillez y la f\u00e1cil portabilidad. Mientras que el BF1 y el BF2 son cuchillos utilitarios, el BF3 es a la vez un cuchillo utilitario y defensivo. La hoja es afilada y penetrante. Transportarlo (cuando lo permita la ley) es bastante c\u00f3modo a pesar de la longitud total; Su cierre en forma de puente ayuda a ocultar adecuadamente el cuchillo gracias a un bolsillo suficientemente profundo. Delgado, delgado y esencial. Versiones disponibles: BF3 DARK TALON BLACK, BF3 DARK TALON BLACK ROUGH.<\/p>\n<p>PESO G: 123<br \/>\nONZAS DE PESO: 4.3<br \/>\nLONGITUD DE LA HOJA (MM): 121<br \/>\nLARGO DE LA HOJA (PULGADAS): 4,8<br \/>\nLONGITUD TOTAL (MM): 274<br \/>\nLONGITUD TOTAL (PULGADAS): 10,8<br \/>\nGROSOR DE LA HOJA (MM): 3<br \/>\nGROSOR DE LA HOJA (PULGADAS): 0,12<br \/>\nMATERIAL DE LA HOJA: ACERO B\u00d6HLER N690 (58HRC)<br \/>\nTRATAMIENTO DE LA SUPERFICIE DE LA HOJA: BRU\u00d1IDO MIL-C-13924<br \/>\nREJILLA PRINCIPAL: PLANA<br \/>\nMATERIAL DEL MANGO: ALUMINIO ANODIZADO ANTICORROSI\u00d3N<\/p>\n","protected":false},"excerpt":{"rendered":"<p>Con sede en Prato, Italia, Extrema Ratio ha estado dise\u00f1ando y fabricando cuchillos t\u00e1cticos, militares, de cocina, de cocina y de combate de alto rendimiento desde 1997 y tiene una reputaci\u00f3n de calidad superior insuperable en la industria de cuchillos militares y t\u00e1cticos. <strong>Transporte gratuito.<\/strong><\/p>\n","protected":false},"featured_media":332983,"comment_status":"open","ping_status":"closed","template":"","meta":[],"pwb-brand":[3766],"product_brand":[],"product_cat":[3730,3726],"product_tag":[3756],"class_list":{"0":"post-332976","1":"product","2":"type-product","3":"status-publish","4":"has-post-thumbnail","6":"pwb-brand-relacion-extrema","7":"product_cat-cuchillas-de-cierre","8":"product_cat-cuchillos","9":"product_tag-b2b-es","11":"first","12":"instock","13":"taxable","14":"shipping-taxable","15":"purchasable","16":"product-type-simple"},"brands":[{"id":3766,"name":"Relaci\u00f3n extrema","slug":"relacion-extrema"}],"_links":{"self":[{"href":"https:\/\/www.moskito.cz\/es\/wp-json\/wp\/v2\/product\/332976","targetHints":{"allow":["GET"]}}],"collection":[{"href":"https:\/\/www.moskito.cz\/es\/wp-json\/wp\/v2\/product"}],"about":[{"href":"https:\/\/www.moskito.cz\/es\/wp-json\/wp\/v2\/types\/product"}],"replies":[{"embeddable":true,"href":"https:\/\/www.moskito.cz\/es\/wp-json\/wp\/v2\/comments?post=332976"}],"wp:featuredmedia":[{"embeddable":true,"href":"https:\/\/www.moskito.cz\/es\/wp-json\/wp\/v2\/media\/332983"}],"wp:attachment":[{"href":"https:\/\/www.moskito.cz\/es\/wp-json\/wp\/v2\/media?parent=332976"}],"wp:term":[{"taxonomy":"pwb-brand","embeddable":true,"href":"https:\/\/www.moskito.cz\/es\/wp-json\/wp\/v2\/pwb-brand?post=332976"},{"taxonomy":"product_brand","embeddable":true,"href":"https:\/\/www.moskito.cz\/es\/wp-json\/wp\/v2\/product_brand?post=332976"},{"taxonomy":"product_cat","embeddable":true,"href":"https:\/\/www.moskito.cz\/es\/wp-json\/wp\/v2\/product_cat?post=332976"},{"taxonomy":"product_tag","embeddable":true,"href":"https:\/\/www.moskito.cz\/es\/wp-json\/wp\/v2\/product_tag?post=332976"}],"curies":[{"name":"wp","href":"https:\/\/api.w.org\/{rel}","templated":true}]}}