{"id":333007,"date":"2022-07-05T23:31:08","date_gmt":"2024-04-15T09:55:25","guid":{"rendered":"https:\/\/www.moskito.cz\/produkt\/cuchillo-cierre-extrema-ratio-bf1-ct-negro\/"},"modified":"2025-05-07T11:11:18","modified_gmt":"2025-05-07T10:11:18","slug":"cuchillo-cierre-extrema-ratio-bf1-ct-negro","status":"publish","type":"product","link":"https:\/\/www.moskito.cz\/es\/produkt\/cuchillo-cierre-extrema-ratio-bf1-ct-negro\/","title":{"rendered":"Cuchillo Cierre Extrema Ratio BF1 CT NEGRO"},"content":{"rendered":"<p>Cuchillo Cierre <strong>Extrema Ratio<\/strong> BF1 CT NEGRO<\/p>\n<p>BF1 se puede cerrar con llave para un uso diario, sencillo, esencial y funcional. La hoja, totalmente pulida, tiene un borde plano y la punta es especialmente resistente y duradera. El mango, tambi\u00e9n pulido, tiene las caracter\u00edsticas superficies reducidas para engancharse con los \u00abpasadores\u00bb de apertura sin sobresalir del perfil del cuchillo cerrado. El clip de doble cara se encuentra detr\u00e1s de la hoja y se envuelve alrededor de la hoja del cuchillo para que quede completamente oculto cuando se guarda en el bolsillo. El mecanismo de bloqueo de la hoja es el probado LINER-LOCK. Disponible en versiones: BF1 CT BLACK, BF1 CT BLACK RUVIDO, BF1 CT DESERT WARFARE, BF1 CD BLACK, BF1 CD BLACK RUVIDO, BF1 CD DESERT WARFARE.<\/p>\n<p>PESOS G.: 88<br \/>\nPESOS OZ.: 3.1<br \/>\nLUNGHEZZA LAMA (MM): 69<br \/>\nLUNGHEZZA LAMA (EN): 2.7<br \/>\nLUNGHEZZA TOTAL (MM): 171<br \/>\nTOTAL DE LUNGHEZZA (PULG): 6,7<br \/>\nESPESORA LAMA (MM): 3<br \/>\nSPESSORE LAMA (EN): 0.12<br \/>\nMATERIAL DE LAMA: ACCIAIO B\u00d6HLER N690 (58HRC)<br \/>\nACABADO LAMA: ARDIENTE MIL-C-13924<br \/>\nARROTATURA LAMA: FILO PIANO<br \/>\nMATERIAL IMPUGNATURA: ALUMINIO ANTICORODAL ANODIZZATO<\/p>\n","protected":false},"excerpt":{"rendered":"<p>Con sede en Prato, Italia <strong>, Extrema Ratio<\/strong> ha estado dise\u00f1ando y fabricando cuchillos t\u00e1cticos, militares, de cocina, de cocina y de combate de alto rendimiento desde 1997 y tiene una reputaci\u00f3n de calidad superior insuperable en la industria de cuchillos militares y t\u00e1cticos. <strong>Transporte gratuito.<\/strong><\/p>\n","protected":false},"featured_media":333008,"comment_status":"open","ping_status":"closed","template":"","meta":[],"pwb-brand":[3766],"product_brand":[],"product_cat":[3730,3726],"product_tag":[3756],"class_list":{"0":"post-333007","1":"product","2":"type-product","3":"status-publish","4":"has-post-thumbnail","6":"pwb-brand-relacion-extrema","7":"product_cat-cuchillas-de-cierre","8":"product_cat-cuchillos","9":"product_tag-b2b-es","11":"first","12":"instock","13":"taxable","14":"shipping-taxable","15":"purchasable","16":"product-type-simple"},"brands":[{"id":3766,"name":"Relaci\u00f3n extrema","slug":"relacion-extrema"}],"_links":{"self":[{"href":"https:\/\/www.moskito.cz\/es\/wp-json\/wp\/v2\/product\/333007","targetHints":{"allow":["GET"]}}],"collection":[{"href":"https:\/\/www.moskito.cz\/es\/wp-json\/wp\/v2\/product"}],"about":[{"href":"https:\/\/www.moskito.cz\/es\/wp-json\/wp\/v2\/types\/product"}],"replies":[{"embeddable":true,"href":"https:\/\/www.moskito.cz\/es\/wp-json\/wp\/v2\/comments?post=333007"}],"wp:featuredmedia":[{"embeddable":true,"href":"https:\/\/www.moskito.cz\/es\/wp-json\/wp\/v2\/media\/333008"}],"wp:attachment":[{"href":"https:\/\/www.moskito.cz\/es\/wp-json\/wp\/v2\/media?parent=333007"}],"wp:term":[{"taxonomy":"pwb-brand","embeddable":true,"href":"https:\/\/www.moskito.cz\/es\/wp-json\/wp\/v2\/pwb-brand?post=333007"},{"taxonomy":"product_brand","embeddable":true,"href":"https:\/\/www.moskito.cz\/es\/wp-json\/wp\/v2\/product_brand?post=333007"},{"taxonomy":"product_cat","embeddable":true,"href":"https:\/\/www.moskito.cz\/es\/wp-json\/wp\/v2\/product_cat?post=333007"},{"taxonomy":"product_tag","embeddable":true,"href":"https:\/\/www.moskito.cz\/es\/wp-json\/wp\/v2\/product_tag?post=333007"}],"curies":[{"name":"wp","href":"https:\/\/api.w.org\/{rel}","templated":true}]}}