{"id":333065,"date":"2022-06-09T12:36:43","date_gmt":"2024-04-15T10:03:27","guid":{"rendered":"https:\/\/www.moskito.cz\/produkt\/navaja-extrema-ratio-bf1-ct-desert-warfare\/"},"modified":"2025-05-07T11:11:20","modified_gmt":"2025-05-07T10:11:20","slug":"navaja-extrema-ratio-bf1-ct-desert-warfare","status":"publish","type":"product","link":"https:\/\/www.moskito.cz\/es\/produkt\/navaja-extrema-ratio-bf1-ct-desert-warfare\/","title":{"rendered":"Navaja Extrema Ratio BF1 CT DESERT WARFARE"},"content":{"rendered":"<p>Navaja <strong>Extrema Ratio<\/strong> BF1 CT DESERT WARFARE.<\/p>\n<p>BF1 es una navaja plegable para el d\u00eda a d\u00eda: sencilla, necesaria y funcional. La hoja est\u00e1 pulida, con un afilado plano y una punta resistente y duradera. Las caracter\u00edsticas zonas planas rebajadas del mango, tambi\u00e9n negro pulido, permiten el acceso a las \u00abpasadores\u00bb de apertura que no sobresalen del cuchillo cuando est\u00e1 cerrado. El clip de doble cara se encuentra en la parte posterior de la cuchilla y absorbe el cabello, haci\u00e9ndolo discreto al usarlo. Utiliza el confiable sistema de bloqueo de cuchilla LINER-LOCK. Versiones disponibles: BF1 CT BLACK, BF1 CT BLACK ROUGH, BF1 CT DESERT WARFARE, BF1 CD BLACK, BF1 CD BLACK ROUGH, BF1 CD DESERT WARFARE.<\/p>\n<p>Peso gramos: 88<br \/>\npeso en onzas: 3.1<br \/>\nLongitud de la hoja (mm): 69<br \/>\nLongitud de la hoja (pulgadas): 2,7<br \/>\nLongitud total (mm): 171<br \/>\nLongitud total (pulgadas): 6,7<br \/>\nGrosor de la hoja (mm): 3<br \/>\nGrosor de la hoja (pulgadas): 0,12<br \/>\nMaterial de la hoja: ACERO B\u00f6HLER N690 (58HRC)<br \/>\nAcabado de la hoja: GUERRA DEL DESIERTO<br \/>\nCuadr\u00edcula principal: PLANA<br \/>\nMaterial mango: ALUMINIO ANTICORODACI\u00d3N<\/p>\n<p>&nbsp;<\/p>\n","protected":false},"excerpt":{"rendered":"<p>Con sede en Prato, Italia , Extrema Ratio ha estado dise\u00f1ando y fabricando cuchillos t\u00e1cticos, militares, de cocina, de cocina y de combate de alto rendimiento desde 1997 y tiene una reputaci\u00f3n de calidad superior insuperable en la industria de cuchillos militares y t\u00e1cticos. Transporte gratuito.<\/p>\n","protected":false},"featured_media":333066,"comment_status":"open","ping_status":"closed","template":"","meta":[],"pwb-brand":[3766],"product_brand":[],"product_cat":[3730,3726],"product_tag":[3756],"class_list":{"0":"post-333065","1":"product","2":"type-product","3":"status-publish","4":"has-post-thumbnail","6":"pwb-brand-relacion-extrema","7":"product_cat-cuchillas-de-cierre","8":"product_cat-cuchillos","9":"product_tag-b2b-es","11":"first","12":"instock","13":"taxable","14":"shipping-taxable","15":"purchasable","16":"product-type-simple"},"brands":[{"id":3766,"name":"Relaci\u00f3n extrema","slug":"relacion-extrema"}],"_links":{"self":[{"href":"https:\/\/www.moskito.cz\/es\/wp-json\/wp\/v2\/product\/333065","targetHints":{"allow":["GET"]}}],"collection":[{"href":"https:\/\/www.moskito.cz\/es\/wp-json\/wp\/v2\/product"}],"about":[{"href":"https:\/\/www.moskito.cz\/es\/wp-json\/wp\/v2\/types\/product"}],"replies":[{"embeddable":true,"href":"https:\/\/www.moskito.cz\/es\/wp-json\/wp\/v2\/comments?post=333065"}],"wp:featuredmedia":[{"embeddable":true,"href":"https:\/\/www.moskito.cz\/es\/wp-json\/wp\/v2\/media\/333066"}],"wp:attachment":[{"href":"https:\/\/www.moskito.cz\/es\/wp-json\/wp\/v2\/media?parent=333065"}],"wp:term":[{"taxonomy":"pwb-brand","embeddable":true,"href":"https:\/\/www.moskito.cz\/es\/wp-json\/wp\/v2\/pwb-brand?post=333065"},{"taxonomy":"product_brand","embeddable":true,"href":"https:\/\/www.moskito.cz\/es\/wp-json\/wp\/v2\/product_brand?post=333065"},{"taxonomy":"product_cat","embeddable":true,"href":"https:\/\/www.moskito.cz\/es\/wp-json\/wp\/v2\/product_cat?post=333065"},{"taxonomy":"product_tag","embeddable":true,"href":"https:\/\/www.moskito.cz\/es\/wp-json\/wp\/v2\/product_tag?post=333065"}],"curies":[{"name":"wp","href":"https:\/\/api.w.org\/{rel}","templated":true}]}}