{"id":333083,"date":"2022-10-30T21:12:13","date_gmt":"2022-10-30T20:12:13","guid":{"rendered":"https:\/\/www.moskito.cz\/produkt\/cuchillo-cierre-extrema-ratio-bf2-r-ct-desierto\/"},"modified":"2026-03-17T14:22:31","modified_gmt":"2026-03-17T13:22:31","slug":"cuchillo-cierre-extrema-ratio-bf2-r-ct-desierto","status":"publish","type":"product","link":"https:\/\/www.moskito.cz\/es\/produkt\/cuchillo-cierre-extrema-ratio-bf2-r-ct-desierto\/","title":{"rendered":"Cuchillo Cierre Extrema Ratio BF2 R CT DESIERTO"},"content":{"rendered":"<p>Cuchillo Cierre Extrema Ratio BF2 R CT DESERT.<\/p>\n<p>La Extrema Ratio BF2 R CT Desert es una navaja especialmente indicada para un uso profesional por parte de personal militar o policial. Dispone de una hoja con filo liso fabricada en acero BOHLER N690 en color desert warfare gris-arena. Se abre mediante el sistema de apertura Razor de alta velocidad y est\u00e1 asegurado mediante un Linerlock con un mecanismo de bloqueo secundario. El mango est\u00e1 fabricado en aluminio anodizado color arena con clip de bolsillo.<\/p>\n<p>Material de la hoja: N690<br \/>\n Material del mango: aluminio<br \/>\n Fusible: Linerlock<br \/>\n Longitud de la hoja: 9 cm<br \/>\n Longitud total: 21,5 cm<br \/>\n Longitud del mango: 12,5 cm<br \/>\n Grosor de la hoja: 3 mm<br \/>\n Peso: 140g<br \/>\n Uso: T\u00e1ctico<\/p>\n","protected":false},"excerpt":{"rendered":"<p>Con sede en Prato, Italia, Extrema Ratio ha estado dise\u00f1ando y fabricando cuchillos t\u00e1cticos, militares, de cocina, de cocina y de combate de alto rendimiento desde 1997 y tiene una reputaci\u00f3n de calidad superior insuperable en la industria de cuchillos militares y t\u00e1cticos. <strong>Env\u00edo gratis.<\/strong><\/p>\n","protected":false},"featured_media":333084,"comment_status":"open","ping_status":"closed","template":"","meta":[],"pwb-brand":[3766],"product_brand":[],"product_cat":[3730,3726],"product_tag":[3756],"class_list":{"0":"post-333083","1":"product","2":"type-product","3":"status-publish","4":"has-post-thumbnail","6":"pwb-brand-relacion-extrema","7":"product_cat-cuchillas-de-cierre","8":"product_cat-cuchillos","9":"product_tag-b2b-es","11":"first","12":"instock","13":"taxable","14":"shipping-taxable","15":"purchasable","16":"product-type-simple"},"brands":[{"id":3766,"name":"Relaci\u00f3n extrema","slug":"relacion-extrema"}],"_links":{"self":[{"href":"https:\/\/www.moskito.cz\/es\/wp-json\/wp\/v2\/product\/333083","targetHints":{"allow":["GET"]}}],"collection":[{"href":"https:\/\/www.moskito.cz\/es\/wp-json\/wp\/v2\/product"}],"about":[{"href":"https:\/\/www.moskito.cz\/es\/wp-json\/wp\/v2\/types\/product"}],"replies":[{"embeddable":true,"href":"https:\/\/www.moskito.cz\/es\/wp-json\/wp\/v2\/comments?post=333083"}],"wp:featuredmedia":[{"embeddable":true,"href":"https:\/\/www.moskito.cz\/es\/wp-json\/wp\/v2\/media\/333084"}],"wp:attachment":[{"href":"https:\/\/www.moskito.cz\/es\/wp-json\/wp\/v2\/media?parent=333083"}],"wp:term":[{"taxonomy":"pwb-brand","embeddable":true,"href":"https:\/\/www.moskito.cz\/es\/wp-json\/wp\/v2\/pwb-brand?post=333083"},{"taxonomy":"product_brand","embeddable":true,"href":"https:\/\/www.moskito.cz\/es\/wp-json\/wp\/v2\/product_brand?post=333083"},{"taxonomy":"product_cat","embeddable":true,"href":"https:\/\/www.moskito.cz\/es\/wp-json\/wp\/v2\/product_cat?post=333083"},{"taxonomy":"product_tag","embeddable":true,"href":"https:\/\/www.moskito.cz\/es\/wp-json\/wp\/v2\/product_tag?post=333083"}],"curies":[{"name":"wp","href":"https:\/\/api.w.org\/{rel}","templated":true}]}}