{"id":333106,"date":"2023-08-11T16:10:09","date_gmt":"2024-04-15T15:17:14","guid":{"rendered":"https:\/\/www.moskito.cz\/produkt\/pluma-estilografica-microtech-kyroh-403-ti-dlctri\/"},"modified":"2025-05-07T11:11:21","modified_gmt":"2025-05-07T10:11:21","slug":"pluma-estilografica-microtech-kyroh-403-ti-dlctri","status":"publish","type":"product","link":"https:\/\/www.moskito.cz\/es\/produkt\/pluma-estilografica-microtech-kyroh-403-ti-dlctri\/","title":{"rendered":"Pluma estilogr\u00e1fica Microtech Kyroh 403-TI-DLCTRI"},"content":{"rendered":"<p>Pluma estilogr\u00e1fica <strong>Microtech<\/strong> Kyroh 403-TI-DLCTRI<\/p>\n<p><strong>El Kyroh<\/strong> es un bol\u00edgrafo de rosca que gira y se bloquea en su lugar y permite cartuchos intercambiables de Fisher Space Pen. El bol\u00edgrafo est\u00e1 fabricado con un agarre texturizado, vidrio irrompible, un clip de bolsillo resistente y un cartucho de tinta Fisher Space Pen reemplazable. El Kyroh seguramente ser\u00e1 una s\u00f3lida incorporaci\u00f3n a tu equipaje diario y viene en dos tama\u00f1os: est\u00e1ndar y mini. Es el primero de su tipo en utilizar un clip de bolsillo como mecanismo de tornillo y creemos que no ser\u00e1 el \u00faltimo.<br \/>\nEspecificaciones<\/p>\n<p>Longitud total: <span id=\"cwos\" class=\"qv3Wpe\">14,67<\/span> cm.<br \/>\nDi\u00e1metro: <span id=\"cwos\" class=\"qv3Wpe\">1,25<\/span> cm<br \/>\nMaterial: titanio 6Al4V y fibra de carbono<br \/>\nAcabado: DLC negro<br \/>\nColor del inserto: Negro<br \/>\nInsertar tapa de tritio<br \/>\nPeso: 1,8 onzas.<\/p>\n<p><iframe title=\"Microtech Combat Troodon Torture Test\" width=\"800\" height=\"450\" src=\"https:\/\/www.youtube.com\/embed\/xE9TeOFYEjg?feature=oembed\" frameborder=\"0\" allow=\"accelerometer; autoplay; clipboard-write; encrypted-media; gyroscope; picture-in-picture; web-share\" referrerpolicy=\"strict-origin-when-cross-origin\" allowfullscreen><\/iframe><\/p>\n<p>&nbsp;<\/p>\n<p>&nbsp;<\/p>\n","protected":false},"excerpt":{"rendered":"<p><strong>Bol\u00edgrafo de titanio con mecanismo de cerrojo DLC negro est\u00e1ndar Microtech Kyroh con clip de bolsillo.<\/strong><\/p>\n","protected":false},"featured_media":333111,"comment_status":"open","ping_status":"closed","template":"","meta":[],"pwb-brand":[3752],"product_brand":[],"product_cat":[3730,3726],"product_tag":[3756],"class_list":{"0":"post-333106","1":"product","2":"type-product","3":"status-publish","4":"has-post-thumbnail","6":"pwb-brand-microtecnologia","7":"product_cat-cuchillas-de-cierre","8":"product_cat-cuchillos","9":"product_tag-b2b-es","11":"first","12":"outofstock","13":"taxable","14":"shipping-taxable","15":"purchasable","16":"product-type-simple"},"brands":[{"id":3752,"name":"microtecnolog\u00eda","slug":"microtecnologia"}],"_links":{"self":[{"href":"https:\/\/www.moskito.cz\/es\/wp-json\/wp\/v2\/product\/333106","targetHints":{"allow":["GET"]}}],"collection":[{"href":"https:\/\/www.moskito.cz\/es\/wp-json\/wp\/v2\/product"}],"about":[{"href":"https:\/\/www.moskito.cz\/es\/wp-json\/wp\/v2\/types\/product"}],"replies":[{"embeddable":true,"href":"https:\/\/www.moskito.cz\/es\/wp-json\/wp\/v2\/comments?post=333106"}],"wp:featuredmedia":[{"embeddable":true,"href":"https:\/\/www.moskito.cz\/es\/wp-json\/wp\/v2\/media\/333111"}],"wp:attachment":[{"href":"https:\/\/www.moskito.cz\/es\/wp-json\/wp\/v2\/media?parent=333106"}],"wp:term":[{"taxonomy":"pwb-brand","embeddable":true,"href":"https:\/\/www.moskito.cz\/es\/wp-json\/wp\/v2\/pwb-brand?post=333106"},{"taxonomy":"product_brand","embeddable":true,"href":"https:\/\/www.moskito.cz\/es\/wp-json\/wp\/v2\/product_brand?post=333106"},{"taxonomy":"product_cat","embeddable":true,"href":"https:\/\/www.moskito.cz\/es\/wp-json\/wp\/v2\/product_cat?post=333106"},{"taxonomy":"product_tag","embeddable":true,"href":"https:\/\/www.moskito.cz\/es\/wp-json\/wp\/v2\/product_tag?post=333106"}],"curies":[{"name":"wp","href":"https:\/\/api.w.org\/{rel}","templated":true}]}}