{"id":333174,"date":"2024-04-15T18:12:23","date_gmt":"2024-04-15T17:14:18","guid":{"rendered":"https:\/\/www.moskito.cz\/produkt\/cuchillo-de-cierre-crkt-ceo-flipper-7097rk\/"},"modified":"2025-05-07T11:11:22","modified_gmt":"2025-05-07T10:11:22","slug":"cuchillo-de-cierre-crkt-ceo-flipper-7097rk","status":"publish","type":"product","link":"https:\/\/www.moskito.cz\/es\/produkt\/cuchillo-de-cierre-crkt-ceo-flipper-7097rk\/","title":{"rendered":"Cuchillo de cierre CRKT CEO Flipper 7097RK"},"content":{"rendered":"<p>Cuchillo de cierre <strong>CRKT<\/strong> CEO Flipper 7097RK.<\/p>\n<p>A primera vista, podr\u00eda confundirse con un bol\u00edgrafo escondido en el bolsillo de una camisa. Y as\u00ed es exactamente como se dise\u00f1\u00f3 la navaja plegable CEO Flipper. Con un perfil extremadamente bajo y sin esquinas a expensas de la facilidad de uso y la ergonom\u00eda, encarna el esp\u00edritu de trabajo del uso diario.<br \/>\nF\u00e1cil afilado: la hoja de acero inoxidable con alto contenido de carbono sujeta bien el filo<br \/>\nApertura suave: el pasador con rodamiento de bolas IKBS\u2122 despliega la hoja suavemente<br \/>\nApertura r\u00e1pida: Flipper despliega r\u00e1pidamente la hoja<br \/>\nFuerte y liviano: el mango de nailon reforzado con vidrio es duradero y liviano<br \/>\nF\u00e1cil de cerrar: el cierre de inserci\u00f3n se puede cerrar f\u00e1cilmente con una mano<br \/>\nOpciones de transporte: Clip ajustable para llevar con la mano izquierda o derecha<\/p>\n<p>Acero de la hoja: AUS 8<br \/>\nBorde de la hoja liso<br \/>\nAcabado de la superficie de la hoja EDP<br \/>\nLongitud de la hoja 8,51 cm<br \/>\nLongitud total: 19,52 cm.<br \/>\nLargo cerrado: 11,03 cm<br \/>\nPeso 1,90 onzas. (53,86 g)<\/p>\n<p>&nbsp;<\/p>\n","protected":false},"excerpt":{"rendered":"<p>DISE\u00d1ADOR<br \/>\nRichard Rogers<br \/>\nMagdalena, Nuevo M\u00e9xico<br \/>\nMi pasi\u00f3n son los componentes sencillos y pr\u00e1cticos para el uso diario. Con cada dise\u00f1o, tengo la determinaci\u00f3n de lo que puede hacer para hacer la vida m\u00e1s f\u00e1cil a la persona que lo sostiene.<\/p>\n","protected":false},"featured_media":333132,"comment_status":"open","ping_status":"closed","template":"","meta":[],"pwb-brand":[3765],"product_brand":[],"product_cat":[3730,3726],"product_tag":[],"class_list":{"0":"post-333174","1":"product","2":"type-product","3":"status-publish","4":"has-post-thumbnail","6":"pwb-brand-crkt-es","7":"product_cat-cuchillas-de-cierre","8":"product_cat-cuchillos","10":"first","11":"outofstock","12":"taxable","13":"shipping-taxable","14":"purchasable","15":"product-type-simple"},"brands":[{"id":3765,"name":"CRKT","slug":"crkt-es"}],"_links":{"self":[{"href":"https:\/\/www.moskito.cz\/es\/wp-json\/wp\/v2\/product\/333174","targetHints":{"allow":["GET"]}}],"collection":[{"href":"https:\/\/www.moskito.cz\/es\/wp-json\/wp\/v2\/product"}],"about":[{"href":"https:\/\/www.moskito.cz\/es\/wp-json\/wp\/v2\/types\/product"}],"replies":[{"embeddable":true,"href":"https:\/\/www.moskito.cz\/es\/wp-json\/wp\/v2\/comments?post=333174"}],"wp:featuredmedia":[{"embeddable":true,"href":"https:\/\/www.moskito.cz\/es\/wp-json\/wp\/v2\/media\/333132"}],"wp:attachment":[{"href":"https:\/\/www.moskito.cz\/es\/wp-json\/wp\/v2\/media?parent=333174"}],"wp:term":[{"taxonomy":"pwb-brand","embeddable":true,"href":"https:\/\/www.moskito.cz\/es\/wp-json\/wp\/v2\/pwb-brand?post=333174"},{"taxonomy":"product_brand","embeddable":true,"href":"https:\/\/www.moskito.cz\/es\/wp-json\/wp\/v2\/product_brand?post=333174"},{"taxonomy":"product_cat","embeddable":true,"href":"https:\/\/www.moskito.cz\/es\/wp-json\/wp\/v2\/product_cat?post=333174"},{"taxonomy":"product_tag","embeddable":true,"href":"https:\/\/www.moskito.cz\/es\/wp-json\/wp\/v2\/product_tag?post=333174"}],"curies":[{"name":"wp","href":"https:\/\/api.w.org\/{rel}","templated":true}]}}