{"id":333240,"date":"2024-04-15T18:29:09","date_gmt":"2024-04-15T17:30:04","guid":{"rendered":"https:\/\/www.moskito.cz\/produkt\/boligrafo-de-defensa-crkt-williams-boligrafo-tactico-2-tpenwp\/"},"modified":"2025-05-07T11:11:23","modified_gmt":"2025-05-07T10:11:23","slug":"boligrafo-de-defensa-crkt-williams-boligrafo-tactico-2-tpenwp","status":"publish","type":"product","link":"https:\/\/www.moskito.cz\/es\/produkt\/boligrafo-de-defensa-crkt-williams-boligrafo-tactico-2-tpenwp\/","title":{"rendered":"Bol\u00edgrafo de defensa CRKT Williams Bol\u00edgrafo t\u00e1ctico 2 TPENWP"},"content":{"rendered":"<p>Bol\u00edgrafo de defensa <strong>CRKT<\/strong> Williams Bol\u00edgrafo t\u00e1ctico 2 TPENWP.<\/p>\n<p>Las apariencias enga\u00f1an. Una situaci\u00f3n que requiere autodefensa es naturalmente inesperada. Los m\u00e1s inteligentes son los que piensan en el futuro. Aqu\u00ed es donde entra en juego el Williams Tactical Pen 2. Disfrazado como un sofisticado instrumento de escritura, su extremo t\u00e1ctico tiene un impacto poderoso. Esto es sutileza en su m\u00e1xima expresi\u00f3n.<\/p>\n<p>James Williams, ex oficial del ej\u00e9rcito e instructor de artes marciales, es un hombre que domina las herramientas de autodefensa que abarcan toda la gama: tan capaz con una espada como con cualquier cosa que no sea una linterna t\u00e1ctica. Hace a\u00f1os dise\u00f1\u00f3 un bol\u00edgrafo t\u00e1ctico en su tienda de Encinitas, California. Al mundo de los cuchillos le encant\u00f3. Ahora lo arregl\u00f3 y est\u00e1 mejor que nunca.<\/p>\n<p>La carrocer\u00eda de aluminio del avi\u00f3n 6061 presenta el legendario Schmidt MegaLine 4889 M; verdaderamente vanguardista cuando se trata de uso diario. La elegante herramienta tiene un acabado anodizado duro negro y ranuras contorneadas para un mejor agarre. En un extremo, la tapa encaja de forma segura en su lugar con un clip de bolsillo extra\u00edble, mientras que en el otro extremo la punta roma permanece inofensivamente lista en caso de que surjan problemas.<\/p>\n<p>Tu kit de transporte diario ahora es un poco m\u00e1s brillante.<\/p>\n<p>Especificaciones:<br \/>\nLongitud total: 15,08 cm<br \/>\nLargo cerrado: 15,83 cm<br \/>\nPeso 1,40 onzas. (39,69 g)<br \/>\nMaterial: aluminio de aviaci\u00f3n 6061<br \/>\nPeso: 1,4 onzas.<br \/>\nDise\u00f1ador: James Williams<\/p>\n","protected":false},"excerpt":{"rendered":"<p>James Williams<br \/>\nVass, Carolina del Norte<br \/>\nNo querr\u00e1s meterte con el sensei James Williams. Un ex oficial del ej\u00e9rcito de EE. UU. con m\u00e1s de 50 a\u00f1os de experiencia en artes marciales desarroll\u00f3 El sistema de estrategia. Es un enfoque \u00fanico del combate sin armas que se ense\u00f1a a las fuerzas de operaciones especiales y a los organismos encargados de hacer cumplir la ley en todo el mundo. Sin embargo, cuando est\u00e1 armado, lo encontrar\u00e1s empu\u00f1ando las espadas que cre\u00f3, como las espadas s\u00f3lidas Hisshou\u00ae e Hissatsu\u2122, la Shizuka noh Ken\u2122 y la ahora legendaria Hissatsu\u2122.<\/p>\n","protected":false},"featured_media":333190,"comment_status":"open","ping_status":"closed","template":"","meta":[],"pwb-brand":[3765],"product_brand":[],"product_cat":[3730,3726],"product_tag":[],"class_list":{"0":"post-333240","1":"product","2":"type-product","3":"status-publish","4":"has-post-thumbnail","6":"pwb-brand-crkt-es","7":"product_cat-cuchillas-de-cierre","8":"product_cat-cuchillos","10":"first","11":"outofstock","12":"taxable","13":"shipping-taxable","14":"purchasable","15":"product-type-simple"},"brands":[{"id":3765,"name":"CRKT","slug":"crkt-es"}],"_links":{"self":[{"href":"https:\/\/www.moskito.cz\/es\/wp-json\/wp\/v2\/product\/333240","targetHints":{"allow":["GET"]}}],"collection":[{"href":"https:\/\/www.moskito.cz\/es\/wp-json\/wp\/v2\/product"}],"about":[{"href":"https:\/\/www.moskito.cz\/es\/wp-json\/wp\/v2\/types\/product"}],"replies":[{"embeddable":true,"href":"https:\/\/www.moskito.cz\/es\/wp-json\/wp\/v2\/comments?post=333240"}],"wp:featuredmedia":[{"embeddable":true,"href":"https:\/\/www.moskito.cz\/es\/wp-json\/wp\/v2\/media\/333190"}],"wp:attachment":[{"href":"https:\/\/www.moskito.cz\/es\/wp-json\/wp\/v2\/media?parent=333240"}],"wp:term":[{"taxonomy":"pwb-brand","embeddable":true,"href":"https:\/\/www.moskito.cz\/es\/wp-json\/wp\/v2\/pwb-brand?post=333240"},{"taxonomy":"product_brand","embeddable":true,"href":"https:\/\/www.moskito.cz\/es\/wp-json\/wp\/v2\/product_brand?post=333240"},{"taxonomy":"product_cat","embeddable":true,"href":"https:\/\/www.moskito.cz\/es\/wp-json\/wp\/v2\/product_cat?post=333240"},{"taxonomy":"product_tag","embeddable":true,"href":"https:\/\/www.moskito.cz\/es\/wp-json\/wp\/v2\/product_tag?post=333240"}],"curies":[{"name":"wp","href":"https:\/\/api.w.org\/{rel}","templated":true}]}}