{"id":333348,"date":"2024-04-15T19:11:16","date_gmt":"2024-04-15T18:11:16","guid":{"rendered":"https:\/\/www.moskito.cz\/produkt\/boligrafo-de-defensa-crkt-williams-tpenwrg\/"},"modified":"2025-05-07T11:11:29","modified_gmt":"2025-05-07T10:11:29","slug":"boligrafo-de-defensa-crkt-williams-tpenwrg","status":"publish","type":"product","link":"https:\/\/www.moskito.cz\/es\/produkt\/boligrafo-de-defensa-crkt-williams-tpenwrg\/","title":{"rendered":"Bol\u00edgrafo de defensa CRKT Williams TPENWRG"},"content":{"rendered":"<p>Bol\u00edgrafo de defensa <strong>CRKT<\/strong> Williams TPENWRG.<\/p>\n<p>Para todos los dem\u00e1s, son instrumentos de escritura elegantes dise\u00f1ados con todas las caracter\u00edsticas sutiles que esperar\u00edas de un bol\u00edgrafo fino, pero para ti son m\u00e1s que eso. James Williams, ex oficial del ej\u00e9rcito e instructor de artes marciales, ha aplicado su experiencia en dise\u00f1o al Williams Defense Pencil. Para aquellos que est\u00e9n familiarizados con Hissatsu y Hisshou, este nuevo dise\u00f1o de James Williams seguramente ser\u00e1 una adici\u00f3n bienvenida a su arsenal defensivo.<\/p>\n<p>Con algunas instrucciones o conocimientos b\u00e1sicos, los bol\u00edgrafos se pueden usar f\u00e1cilmente contra un agresor o un agresor para causarle advertencia, dolor o lesi\u00f3n, frustrando un acto que de otro modo ser\u00eda potencialmente indefenso.<\/p>\n<p>Y son simplemente excelentes herramientas de escritura.<\/p>\n<p>Especificaciones:<br \/>\nLongitud total: 15,22 cm.<br \/>\nCartucho: SCHMIDT MegaLine 4889M<br \/>\nMaterial del cuerpo: Grivory verde<br \/>\nPeso: 0,80 onzas. (22,68 g)<\/p>\n<p><iframe title=\"CRKT Williams Defense Pen Grivory\u00ae | James Williams Design\" width=\"800\" height=\"450\" src=\"https:\/\/www.youtube.com\/embed\/F4qAloNI9j4?feature=oembed\" frameborder=\"0\" allow=\"accelerometer; autoplay; clipboard-write; encrypted-media; gyroscope; picture-in-picture; web-share\" referrerpolicy=\"strict-origin-when-cross-origin\" allowfullscreen><\/iframe><\/p>\n<p>&nbsp;<\/p>\n","protected":false},"excerpt":{"rendered":"<p>James Williams<br \/>\nVass, Carolina del Norte<br \/>\nNo querr\u00e1s meterte con el sensei James Williams. Un ex oficial del ej\u00e9rcito de EE. UU. con m\u00e1s de 50 a\u00f1os de experiencia en artes marciales desarroll\u00f3 El sistema de estrategia. Es un enfoque \u00fanico del combate sin armas que se ense\u00f1a a las fuerzas de operaciones especiales y a los organismos encargados de hacer cumplir la ley en todo el mundo. Sin embargo, cuando est\u00e1 armado, lo encontrar\u00e1s empu\u00f1ando las espadas que cre\u00f3, como las espadas s\u00f3lidas Hisshou\u00ae e Hissatsu\u2122, la Shizuka noh Ken\u2122 y la ahora legendaria Hissatsu\u2122.<\/p>\n","protected":false},"featured_media":333304,"comment_status":"open","ping_status":"closed","template":"","meta":[],"pwb-brand":[3765],"product_brand":[],"product_cat":[3730,3726],"product_tag":[],"class_list":{"0":"post-333348","1":"product","2":"type-product","3":"status-publish","4":"has-post-thumbnail","6":"pwb-brand-crkt-es","7":"product_cat-cuchillas-de-cierre","8":"product_cat-cuchillos","10":"first","11":"outofstock","12":"taxable","13":"shipping-taxable","14":"purchasable","15":"product-type-simple"},"brands":[{"id":3765,"name":"CRKT","slug":"crkt-es"}],"_links":{"self":[{"href":"https:\/\/www.moskito.cz\/es\/wp-json\/wp\/v2\/product\/333348","targetHints":{"allow":["GET"]}}],"collection":[{"href":"https:\/\/www.moskito.cz\/es\/wp-json\/wp\/v2\/product"}],"about":[{"href":"https:\/\/www.moskito.cz\/es\/wp-json\/wp\/v2\/types\/product"}],"replies":[{"embeddable":true,"href":"https:\/\/www.moskito.cz\/es\/wp-json\/wp\/v2\/comments?post=333348"}],"wp:featuredmedia":[{"embeddable":true,"href":"https:\/\/www.moskito.cz\/es\/wp-json\/wp\/v2\/media\/333304"}],"wp:attachment":[{"href":"https:\/\/www.moskito.cz\/es\/wp-json\/wp\/v2\/media?parent=333348"}],"wp:term":[{"taxonomy":"pwb-brand","embeddable":true,"href":"https:\/\/www.moskito.cz\/es\/wp-json\/wp\/v2\/pwb-brand?post=333348"},{"taxonomy":"product_brand","embeddable":true,"href":"https:\/\/www.moskito.cz\/es\/wp-json\/wp\/v2\/product_brand?post=333348"},{"taxonomy":"product_cat","embeddable":true,"href":"https:\/\/www.moskito.cz\/es\/wp-json\/wp\/v2\/product_cat?post=333348"},{"taxonomy":"product_tag","embeddable":true,"href":"https:\/\/www.moskito.cz\/es\/wp-json\/wp\/v2\/product_tag?post=333348"}],"curies":[{"name":"wp","href":"https:\/\/api.w.org\/{rel}","templated":true}]}}