{"id":333411,"date":"2024-04-15T19:29:47","date_gmt":"2024-04-15T18:32:34","guid":{"rendered":"https:\/\/www.moskito.cz\/produkt\/cuchillo-de-cierre-crkt-persa-7060\/"},"modified":"2025-05-07T11:11:30","modified_gmt":"2025-05-07T10:11:30","slug":"cuchillo-de-cierre-crkt-persa-7060","status":"publish","type":"product","link":"https:\/\/www.moskito.cz\/es\/produkt\/cuchillo-de-cierre-crkt-persa-7060\/","title":{"rendered":"Cuchillo de cierre CRKT Persa 7060"},"content":{"rendered":"<p>Cuchillo de cierre <strong>CRKT<\/strong> Persa 7060.<\/p>\n<p>La persa es una navaja plegable de perfil bajo con curvas suaves y un dise\u00f1o equilibrado. Gracias a la apertura asistida, la hoja de acero D2 se extiende en un instante, mientras que la forma elevada del cuchillo y su vientre pronunciado le confieren una mejor capacidad de corte. Fabricado con materiales de calidad, el mango de nailon reforzado con vidrio permite un mejor agarre, lo que hace que el persa sea f\u00e1cil de abrir y cerrar con una mano.<\/p>\n<p>Consider\u00e1ndolo todo, es un bolso diario elegante y duradero que estar\u00e1s orgulloso de tener en tu bolsillo.<\/p>\n<p>Especificaciones:<br \/>\nLongitud de la hoja: 8,73 cm<br \/>\nLargo cerrado: 11,34 cm<br \/>\nLongitud total: 20,63 cm.<br \/>\nMaterial de la hoja: Acero para herramientas D2<br \/>\nGrosor de la hoja: 0,33 cm.<br \/>\nEstilo de hoja: punto de fuga persa<br \/>\nTratamiento superficial de la hoja: satinado.<br \/>\nMaterial del mango: nailon negro reforzado con fibra de vidrio<br \/>\nMecanismo de bloqueo: Liner Lock<br \/>\nClip de bolsillo: abatible hacia arriba para transporte profundo, transporte hacia la derecha<br \/>\nPeso: 3,10 onzas. (87,88 g)<br \/>\nDise\u00f1ador: Richard Rogers<\/p>\n<p><iframe title=\"CRKT Persian Assisted | Richard Rogers Design\" width=\"800\" height=\"450\" src=\"https:\/\/www.youtube.com\/embed\/o_DDdM25oMU?feature=oembed\" frameborder=\"0\" allow=\"accelerometer; autoplay; clipboard-write; encrypted-media; gyroscope; picture-in-picture; web-share\" referrerpolicy=\"strict-origin-when-cross-origin\" allowfullscreen><\/iframe><\/p>\n<p>&nbsp;<\/p>\n","protected":false},"excerpt":{"rendered":"<p>DISE\u00d1ADOR<br \/>\nRichard Rogers<br \/>\nMagdalena, Nuevo M\u00e9xico<br \/>\nMi pasi\u00f3n son los componentes sencillos y pr\u00e1cticos para el uso diario. Con cada dise\u00f1o, tengo la determinaci\u00f3n de lo que puede hacer para hacer la vida m\u00e1s f\u00e1cil a la persona que lo sostiene.<\/p>\n","protected":false},"featured_media":333361,"comment_status":"open","ping_status":"closed","template":"","meta":[],"pwb-brand":[3765],"product_brand":[],"product_cat":[3730,3726],"product_tag":[],"class_list":{"0":"post-333411","1":"product","2":"type-product","3":"status-publish","4":"has-post-thumbnail","6":"pwb-brand-crkt-es","7":"product_cat-cuchillas-de-cierre","8":"product_cat-cuchillos","10":"first","11":"instock","12":"taxable","13":"shipping-taxable","14":"purchasable","15":"product-type-simple"},"brands":[{"id":3765,"name":"CRKT","slug":"crkt-es"}],"_links":{"self":[{"href":"https:\/\/www.moskito.cz\/es\/wp-json\/wp\/v2\/product\/333411","targetHints":{"allow":["GET"]}}],"collection":[{"href":"https:\/\/www.moskito.cz\/es\/wp-json\/wp\/v2\/product"}],"about":[{"href":"https:\/\/www.moskito.cz\/es\/wp-json\/wp\/v2\/types\/product"}],"replies":[{"embeddable":true,"href":"https:\/\/www.moskito.cz\/es\/wp-json\/wp\/v2\/comments?post=333411"}],"wp:featuredmedia":[{"embeddable":true,"href":"https:\/\/www.moskito.cz\/es\/wp-json\/wp\/v2\/media\/333361"}],"wp:attachment":[{"href":"https:\/\/www.moskito.cz\/es\/wp-json\/wp\/v2\/media?parent=333411"}],"wp:term":[{"taxonomy":"pwb-brand","embeddable":true,"href":"https:\/\/www.moskito.cz\/es\/wp-json\/wp\/v2\/pwb-brand?post=333411"},{"taxonomy":"product_brand","embeddable":true,"href":"https:\/\/www.moskito.cz\/es\/wp-json\/wp\/v2\/product_brand?post=333411"},{"taxonomy":"product_cat","embeddable":true,"href":"https:\/\/www.moskito.cz\/es\/wp-json\/wp\/v2\/product_cat?post=333411"},{"taxonomy":"product_tag","embeddable":true,"href":"https:\/\/www.moskito.cz\/es\/wp-json\/wp\/v2\/product_tag?post=333411"}],"curies":[{"name":"wp","href":"https:\/\/api.w.org\/{rel}","templated":true}]}}