{"id":333471,"date":"2024-04-15T19:53:20","date_gmt":"2024-04-15T18:58:00","guid":{"rendered":"https:\/\/www.moskito.cz\/produkt\/herramienta-hexagonal-crkt-rodillo-destornillador-de-punta-hexagonal-9911\/"},"modified":"2025-05-07T11:11:32","modified_gmt":"2025-05-07T10:11:32","slug":"herramienta-hexagonal-crkt-rodillo-destornillador-de-punta-hexagonal-9911","status":"publish","type":"product","link":"https:\/\/www.moskito.cz\/es\/produkt\/herramienta-hexagonal-crkt-rodillo-destornillador-de-punta-hexagonal-9911\/","title":{"rendered":"Herramienta hexagonal CRKT Rodillo destornillador de punta hexagonal 9911"},"content":{"rendered":"<p>Herramienta hexagonal <strong>CRKT<\/strong> Rodillo destornillador de punta hexagonal 9911.<\/p>\n<p>Enr\u00f3llalo y t\u00f3malo. Cuando est\u00e1 lejos de su banco y su transporte diario necesita algo de mantenimiento, la herramienta destornillador con punta hexagonal est\u00e1 dise\u00f1ada para tenerla a mano para una soluci\u00f3n r\u00e1pida. Este cilindro de herramienta compacto pero potente est\u00e1 equipado para contener hasta 13 puntas y dos destornilladores (un destornillador est\u00e1 incluido) para que nunca m\u00e1s lo atrapen con un EDC sucio.<\/p>\n<p>El dise\u00f1ador Joe Wu de Mountain View, California, dise\u00f1\u00f3 el rollo de herramientas destornilladoras con puntas hexagonales como parte de su colecci\u00f3n de mantenimiento. El controlador de lat\u00f3n de funcionamiento suave est\u00e1 equipado con un rodamiento de bolas para un r\u00e1pido montaje o desmontaje de piezas. El cilindro de herramientas de cuero de plena flor tiene capacidad para hasta 13 puntas y es totalmente personalizable. Se env\u00eda desde T6, T7, T8, T9, T10, T15, T20, PH1, PH2, PH3, 1,0 x 6 mm, 0,8 x 5,5 mm y 0,6 x 4,5 mm equipados con CRKT\u00ae.<\/p>\n<p>Kit de mantenimiento completo. Un cilindro de herramienta simple.<\/p>\n<p>El rodamiento de bolas en el controlador permite un r\u00e1pido desmontaje o montaje de piezas.<br \/>\nUn im\u00e1n en la punta del destornillador asegura la punta del destornillador.<br \/>\nEl controlador cabe f\u00e1cilmente en la mano y permite un mayor control para un trabajo preciso<br \/>\nControlador de lat\u00f3n texturizado para mayor agarre.<br \/>\nEl cilindro de herramientas de cuero tiene capacidad para dos controladores.<br \/>\nCapacidad para hasta 13 bits: viene con T6, T7, T8, T9, T10, T15, T20, PH1, PH2, PH3, 1,0 x 6 mm, 0,8 x 5,5 mm, 0,6 x 4, 5 mm.<\/p>\n<p>Especificaciones:<br \/>\nLongitud total: 9,47 cm.<br \/>\nMaterial del mango: lat\u00f3n<br \/>\nPeso: 2,50 onzas. (70,87 g)<br \/>\nPeso de la caja: 2,60 oz. (73,71 gramos)<br \/>\nDise\u00f1ador: Joe Wu<\/p>\n<p>&nbsp;<\/p>\n","protected":false},"excerpt":{"rendered":"<p>DISE\u00d1ADOR<br \/>\nJoe Wu<br \/>\nVista a la monta\u00f1a, California<br \/>\nJoe Wu, siempre retocando y buscando nuevas formas de mejorar los dise\u00f1os existentes, comenz\u00f3 en el dise\u00f1o de productos en Scout Leather Co. elaborando productos basados \u200b\u200ben las necesidades y la experiencia personales. En los \u00faltimos a\u00f1os, ha ido tomando sus ideas y perfeccionando sus habilidades comerciales utilizando m\u00e9todos tradicionales con un enfoque moderno. Sus dise\u00f1os e ideas est\u00e1n impulsados \u200b\u200bpor la simplicidad y la experiencia del usuario; Un buen dise\u00f1o no tiene por qu\u00e9 ser complicado.<\/p>\n","protected":false},"featured_media":333426,"comment_status":"open","ping_status":"closed","template":"","meta":[],"pwb-brand":[3765],"product_brand":[],"product_cat":[3725],"product_tag":[],"class_list":{"0":"post-333471","1":"product","2":"type-product","3":"status-publish","4":"has-post-thumbnail","6":"pwb-brand-crkt-es","7":"product_cat-herramienta-multiple","9":"first","10":"instock","11":"taxable","12":"shipping-taxable","13":"purchasable","14":"product-type-simple"},"brands":[{"id":3765,"name":"CRKT","slug":"crkt-es"}],"_links":{"self":[{"href":"https:\/\/www.moskito.cz\/es\/wp-json\/wp\/v2\/product\/333471","targetHints":{"allow":["GET"]}}],"collection":[{"href":"https:\/\/www.moskito.cz\/es\/wp-json\/wp\/v2\/product"}],"about":[{"href":"https:\/\/www.moskito.cz\/es\/wp-json\/wp\/v2\/types\/product"}],"replies":[{"embeddable":true,"href":"https:\/\/www.moskito.cz\/es\/wp-json\/wp\/v2\/comments?post=333471"}],"wp:featuredmedia":[{"embeddable":true,"href":"https:\/\/www.moskito.cz\/es\/wp-json\/wp\/v2\/media\/333426"}],"wp:attachment":[{"href":"https:\/\/www.moskito.cz\/es\/wp-json\/wp\/v2\/media?parent=333471"}],"wp:term":[{"taxonomy":"pwb-brand","embeddable":true,"href":"https:\/\/www.moskito.cz\/es\/wp-json\/wp\/v2\/pwb-brand?post=333471"},{"taxonomy":"product_brand","embeddable":true,"href":"https:\/\/www.moskito.cz\/es\/wp-json\/wp\/v2\/product_brand?post=333471"},{"taxonomy":"product_cat","embeddable":true,"href":"https:\/\/www.moskito.cz\/es\/wp-json\/wp\/v2\/product_cat?post=333471"},{"taxonomy":"product_tag","embeddable":true,"href":"https:\/\/www.moskito.cz\/es\/wp-json\/wp\/v2\/product_tag?post=333471"}],"curies":[{"name":"wp","href":"https:\/\/api.w.org\/{rel}","templated":true}]}}