{"id":333528,"date":"2024-04-15T20:18:33","date_gmt":"2024-04-15T19:21:33","guid":{"rendered":"https:\/\/www.moskito.cz\/produkt\/cuchillo-plegable-crkt-carson-special-forces-m21-14sf\/"},"modified":"2025-05-07T11:11:33","modified_gmt":"2025-05-07T10:11:33","slug":"cuchillo-plegable-crkt-carson-special-forces-m21-14sf","status":"publish","type":"product","link":"https:\/\/www.moskito.cz\/es\/produkt\/cuchillo-plegable-crkt-carson-special-forces-m21-14sf\/","title":{"rendered":"Cuchillo plegable CRKT Carson Special Forces M21-14SF"},"content":{"rendered":"<div class=\"flex-1 overflow-hidden @container\/thread\">\n<div class=\"h-full\">\n<div class=\"react-scroll-to-bottom--css-quzxw-79elbk h-full\">\n<div class=\"react-scroll-to-bottom--css-quzxw-1n7m0yu\">\n<div class=\"flex flex-col text-sm md:pb-9\">\n<article class=\"w-full scroll-mb-[var(--thread-trailing-height,150px)] text-token-text-primary focus-visible:outline-2 focus-visible:outline-offset-[-4px]\" dir=\"auto\" data-testid=\"conversation-turn-157\" data-scroll-anchor=\"true\">\n<div class=\"m-auto text-base py-[18px] px-3 md:px-4 w-full md:px-5 lg:px-4 xl:px-5\">\n<div class=\"mx-auto flex flex-1 gap-4 text-base md:gap-5 lg:gap-6 md:max-w-3xl\">\n<div class=\"group\/conversation-turn relative flex w-full min-w-0 flex-col agent-turn\">\n<div class=\"flex-col gap-1 md:gap-3\">\n<div class=\"flex max-w-full flex-col flex-grow\">\n<div class=\"min-h-8 text-message flex w-full flex-col items-end gap-2 whitespace-normal break-words text-start [.text-message+&amp;]:mt-5\" dir=\"auto\" data-message-author-role=\"assistant\" data-message-id=\"4b9f661a-7ded-49c3-b0cf-db2672e45050\" data-message-model-slug=\"gpt-4o-mini\">\n<div class=\"flex w-full flex-col gap-1 empty:hidden first:pt-[3px]\">\n<div class=\"markdown prose w-full break-words dark:prose-invert light\">\n<p><strong>El cuchillo plegable CRKT Carson Special Forces M21-14SF<\/strong> es una herramienta altamente especializada dise\u00f1ada para profesionales, especialmente especialistas militares y fan\u00e1ticos del equipo t\u00e1ctico. Este cuchillo ofrece una combinaci\u00f3n de dise\u00f1o robusto, funcionalidad y seguridad, lo cual es esencial en situaciones exigentes y de crisis. Veamos con m\u00e1s detalle el potencial que ofrece este cuchillo y para qu\u00e9 prop\u00f3sitos espec\u00edficos se puede utilizar:  <\/p>\n<h3><strong>Caracter\u00edsticas principales del cuchillo CRKT Carson M21-14SF:<\/strong><\/h3>\n<ul>\n<li><strong>Dise\u00f1o t\u00e1ctico<\/strong> : el cuchillo tiene <strong>una hoja con forma de lanza profunda<\/strong> , lo que garantiza la m\u00e1xima resistencia y eficacia cuando se utiliza en condiciones dif\u00edciles.<\/li>\n<li><strong>Construcci\u00f3n de aluminio 6061 T6<\/strong> : el mango est\u00e1 hecho de <strong>aluminio s\u00f3lido anodizado duro<\/strong> , lo que garantiza resistencia a impactos y rayones y, al mismo tiempo, sigue siendo liviano y f\u00e1cil de manejar.<\/li>\n<li><strong>Acero inoxidable AUS 8<\/strong> : la hoja est\u00e1 hecha de acero inoxidable AUS 8 de alta calidad, conocido por su resistencia y durabilidad. Tiene <strong>un filo Triple-Point\u2122<\/strong> , lo que significa que la hoja es extremadamente afilada y eficaz para cortar. <\/li>\n<li><strong>Recubrimiento de titanio<\/strong> : <strong>un recubrimiento de nitruro de titanio<\/strong> en la hoja aumenta la resistencia a la corrosi\u00f3n y al desgaste, lo que es esencial para la larga vida \u00fatil del cuchillo en condiciones dif\u00edciles.<\/li>\n<li><strong>Seguridad autom\u00e1tica AutoLAWKS\u2122<\/strong> : este mecanismo bloquea autom\u00e1ticamente la hoja en la posici\u00f3n abierta y convierte el cuchillo en una hoja fija, lo que proporciona seguridad adicional cuando se utiliza en situaciones cr\u00edticas.<\/li>\n<li><strong>Aberturas ergon\u00f3micas y aletas Carson<\/strong> : gracias a dos <strong>aletas Carson,<\/strong> el cuchillo se puede abrir f\u00e1cilmente con una mano y prepararlo r\u00e1pidamente para su uso.<\/li>\n<li><strong>Apertura y cierre r\u00e1pidos<\/strong> : El sistema <strong>de cojinetes de bolas<\/strong> IKBS\u2122 permite una apertura y un cierre de la hoja suaves y r\u00e1pidos.<\/li>\n<\/ul>\n<h3><strong>\u00bfPara qu\u00e9 se puede utilizar el CRKT Carson M21-14SF?<\/strong><\/h3>\n<ol>\n<li><strong>Operaciones militares y t\u00e1cticas<\/strong> :\n<ul>\n<li><strong>Defensa personal<\/strong> : Gracias a su dise\u00f1o y <strong>afilado de su hoja,<\/strong> es ideal para <strong>la autodefensa<\/strong> y resoluci\u00f3n r\u00e1pida de situaciones de crisis.<\/li>\n<li><strong>Evitar obst\u00e1culos<\/strong> : El cuchillo se puede utilizar para <strong>cortar<\/strong> y <strong>penetrar<\/strong> objetos o para <strong>eliminar obst\u00e1culos<\/strong> , por ejemplo durante operaciones militares o <strong>evacuaci\u00f3n<\/strong> . <\/li>\n<li><strong>Preparaci\u00f3n del equipo<\/strong> : Ser\u00e1 muy \u00fatil para <strong>mantener y preparar el equipo t\u00e1ctico<\/strong> , como <strong>cortar alambre<\/strong> , <strong>cortar correas<\/strong> o <strong>modificar tiendas de campa\u00f1a y refugios<\/strong> .<\/li>\n<\/ul>\n<\/li>\n<li><strong>Aire libre y supervivencia<\/strong> :\n<ul>\n<li><strong>Camping y senderismo<\/strong> : el cuchillo es ideal para <strong>las tareas cotidianas al aire libre<\/strong> , como <strong>cortar le\u00f1a<\/strong> , <strong>podar ramas<\/strong> , <strong>preparar alimentos<\/strong> o <strong>construir refugios<\/strong> .<\/li>\n<li><strong>Materiales de corte<\/strong> : Puedes usarlo para <strong>manipular cuerdas, correas u otros materiales<\/strong> necesarios para sobrevivir en la naturaleza.<\/li>\n<\/ul>\n<\/li>\n<li><strong>Porte diario (EDC)<\/strong> :\n<ul>\n<li><strong>Tareas cotidianas<\/strong> : este cuchillo es lo suficientemente compacto para llevarlo todos los d\u00edas como <strong>herramienta para cortar envases, abrir paquetes<\/strong> o <strong>preparar alimentos<\/strong> .<\/li>\n<li><strong>Trabajando sobre la marcha<\/strong> : Ideal para viajar, ya que es <strong>compacto<\/strong> y permite <strong>llevarlo f\u00e1cilmente<\/strong> en el cintur\u00f3n o en el bolsillo gracias al <strong>clip de bolsillo<\/strong> incluido.<\/li>\n<\/ul>\n<\/li>\n<li><strong>Trabajos t\u00e1cticos y de rescate<\/strong> :\n<ul>\n<li><strong>Operaciones de rescate<\/strong> : En situaciones de crisis donde es necesario <strong>resolver r\u00e1pidamente situaciones con correas<\/strong> , <strong>cortar cinturones de seguridad<\/strong> o <strong>abrir el acceso a los heridos<\/strong> , este cuchillo es la elecci\u00f3n ideal.<\/li>\n<li><strong>Misiones de rescate<\/strong> : Si necesita <strong>una herramienta r\u00e1pida y eficaz para manipular equipos o hacer frente a situaciones de crisis<\/strong> , este cuchillo le brindar\u00e1 la fuerza y \u200b\u200bseguridad que necesita.<\/li>\n<\/ul>\n<\/li>\n<li><strong>Caza y pesca<\/strong> :\n<ul>\n<li><strong>Caza<\/strong> : Puede utilizar este cuchillo para <strong>cortar carne<\/strong> , <strong>limpiar la caza<\/strong> o <strong>preparar equipo de caza<\/strong> .<\/li>\n<li><strong>Pesca<\/strong> : Tambi\u00e9n es muy pr\u00e1ctico a la hora de <strong>cortar l\u00edneas de pesca<\/strong> , <strong>preparar cebos<\/strong> o <strong>realizar el mantenimiento del equipo de pesca<\/strong> .<\/li>\n<\/ul>\n<\/li>\n<\/ol>\n<h3><strong>Resumen:<\/strong><\/h3>\n<p><strong>El cuchillo plegable CRKT Carson Special Forces M21-14SF<\/strong> est\u00e1 dise\u00f1ado para <strong>uso extremo<\/strong> , y su construcci\u00f3n robusta, caracter\u00edsticas de seguridad y excelente hoja lo convierten en un gran compa\u00f1ero para <strong>operaciones t\u00e1cticas<\/strong> , <strong>actividades al aire libre<\/strong> , <strong>transporte diario<\/strong> y <strong>operaciones de rescate<\/strong> . Si buscas un cuchillo confiable, r\u00e1pido y seguro que pueda realizar tareas exigentes, este modelo es la opci\u00f3n ideal.   <\/p>\n<\/div>\n<\/div>\n<\/div>\n<\/div>\n<div class=\"mb-2 flex gap-3 empty:hidden -ml-2\">\n<div class=\"items-center justify-start rounded-xl p-1 flex\">\n<div class=\"flex items-center\"><\/div>\n<\/div>\n<\/div>\n<div class=\"pr-2 lg:pr-0\"><\/div>\n<div class=\"mt-3 w-full empty:hidden\">\n<div class=\"text-center\"><\/div>\n<\/div>\n<\/div>\n<div class=\"absolute\">\n<div class=\"flex items-center justify-center\"><\/div>\n<\/div>\n<\/div>\n<\/div>\n<\/div>\n<\/article>\n<\/div>\n<\/div>\n<\/div>\n<\/div>\n<\/div>\n<div class=\"md:pt-0 dark:border-white\/20 md:border-transparent md:dark:border-transparent w-full\">\n<div>\n<div class=\"m-auto text-base px-3 md:px-4 w-full md:px-5 lg:px-4 xl:px-5\">\n<div class=\"mx-auto flex flex-1 gap-4 text-base md:gap-5 lg:gap-6 md:max-w-3xl\">\n<div class=\"flex justify-center\"><\/div>\n<\/div>\n<\/div>\n<\/div>\n<\/div>\n","protected":false},"excerpt":{"rendered":"<div class=\"flex max-w-full flex-col flex-grow\">\n<div class=\"min-h-8 text-message flex w-full flex-col items-end gap-2 whitespace-normal break-words text-start [.text-message+&amp;]:mt-5\" dir=\"auto\" data-message-author-role=\"assistant\" data-message-id=\"4b9f661a-7ded-49c3-b0cf-db2672e45050\" data-message-model-slug=\"gpt-4o-mini\">\n<div class=\"flex w-full flex-col gap-1 empty:hidden first:pt-[3px]\">\n<div class=\"markdown prose w-full break-words dark:prose-invert light\">\n<p><strong>El cuchillo plegable CRKT Carson Special Forces M21-14SF est\u00e1 dise\u00f1ado para uso extremo, y su construcci\u00f3n robusta, caracter\u00edsticas de seguridad y excelente hoja lo convierten en un gran compa\u00f1ero para operaciones t\u00e1cticas, actividades al aire libre, transporte diario y operaciones de rescate. Si buscas un cuchillo confiable, r\u00e1pido y seguro que pueda realizar tareas exigentes, este modelo es la opci\u00f3n ideal. <\/strong><\/p>\n<\/div>\n<\/div>\n<\/div>\n<\/div>\n<div class=\"mb-2 flex gap-3 empty:hidden -ml-2\">\n<div class=\"items-center justify-start rounded-xl p-1 flex\">\n<div class=\"flex items-center\"><strong>Env\u00edo gratis.<\/strong><\/div>\n<\/div>\n<\/div>\n","protected":false},"featured_media":333483,"comment_status":"open","ping_status":"closed","template":"","meta":[],"pwb-brand":[3765],"product_brand":[],"product_cat":[3730,3726],"product_tag":[3756],"class_list":{"0":"post-333528","1":"product","2":"type-product","3":"status-publish","4":"has-post-thumbnail","6":"pwb-brand-crkt-es","7":"product_cat-cuchillas-de-cierre","8":"product_cat-cuchillos","9":"product_tag-b2b-es","11":"first","12":"outofstock","13":"taxable","14":"shipping-taxable","15":"purchasable","16":"product-type-simple"},"brands":[{"id":3765,"name":"CRKT","slug":"crkt-es"}],"_links":{"self":[{"href":"https:\/\/www.moskito.cz\/es\/wp-json\/wp\/v2\/product\/333528","targetHints":{"allow":["GET"]}}],"collection":[{"href":"https:\/\/www.moskito.cz\/es\/wp-json\/wp\/v2\/product"}],"about":[{"href":"https:\/\/www.moskito.cz\/es\/wp-json\/wp\/v2\/types\/product"}],"replies":[{"embeddable":true,"href":"https:\/\/www.moskito.cz\/es\/wp-json\/wp\/v2\/comments?post=333528"}],"wp:featuredmedia":[{"embeddable":true,"href":"https:\/\/www.moskito.cz\/es\/wp-json\/wp\/v2\/media\/333483"}],"wp:attachment":[{"href":"https:\/\/www.moskito.cz\/es\/wp-json\/wp\/v2\/media?parent=333528"}],"wp:term":[{"taxonomy":"pwb-brand","embeddable":true,"href":"https:\/\/www.moskito.cz\/es\/wp-json\/wp\/v2\/pwb-brand?post=333528"},{"taxonomy":"product_brand","embeddable":true,"href":"https:\/\/www.moskito.cz\/es\/wp-json\/wp\/v2\/product_brand?post=333528"},{"taxonomy":"product_cat","embeddable":true,"href":"https:\/\/www.moskito.cz\/es\/wp-json\/wp\/v2\/product_cat?post=333528"},{"taxonomy":"product_tag","embeddable":true,"href":"https:\/\/www.moskito.cz\/es\/wp-json\/wp\/v2\/product_tag?post=333528"}],"curies":[{"name":"wp","href":"https:\/\/api.w.org\/{rel}","templated":true}]}}