{"id":333583,"date":"2021-07-29T21:23:32","date_gmt":"2021-07-29T20:23:32","guid":{"rendered":"https:\/\/www.moskito.cz\/produkt\/cuchillo-de-cierre-crkt-lck-3801\/"},"modified":"2025-05-07T11:11:34","modified_gmt":"2025-05-07T10:11:34","slug":"cuchillo-de-cierre-crkt-lck-3801","status":"publish","type":"product","link":"https:\/\/www.moskito.cz\/es\/produkt\/cuchillo-de-cierre-crkt-lck-3801\/","title":{"rendered":"Cuchillo de cierre CRKT LCK + 3801"},"content":{"rendered":"<p><strong style=\"font-family: -apple-system, BlinkMacSystemFont, 'Segoe UI', Roboto, 'Helvetica Neue', Arial, 'Noto Sans', sans-serif, 'Apple Color Emoji', 'Segoe UI Emoji', 'Segoe UI Symbol', 'Noto Color Emoji';\">Navaja plegable CRKT LCK+ 3801<\/strong><\/p>\n<div class=\"flex-1 overflow-hidden @container\/thread\">\n<div class=\"h-full\">\n<div class=\"react-scroll-to-bottom--css-vxybp-79elbk h-full\">\n<div class=\"react-scroll-to-bottom--css-vxybp-1n7m0yu\">\n<div class=\"flex flex-col text-sm md:pb-9\">\n<article class=\"w-full scroll-mb-[var(--thread-trailing-height,150px)] text-token-text-primary focus-visible:outline-2 focus-visible:outline-offset-[-4px]\" dir=\"auto\" data-testid=\"conversation-turn-463\" data-scroll-anchor=\"true\">\n<div class=\"m-auto text-base py-[18px] px-3 md:px-4 w-full md:px-5 lg:px-4 xl:px-5\">\n<div class=\"mx-auto flex flex-1 gap-4 text-base md:gap-5 lg:gap-6 md:max-w-3xl\">\n<div class=\"group\/conversation-turn relative flex w-full min-w-0 flex-col agent-turn\">\n<div class=\"flex-col gap-1 md:gap-3\">\n<div class=\"flex max-w-full flex-col flex-grow\">\n<div class=\"min-h-8 text-message flex w-full flex-col items-end gap-2 whitespace-normal break-words text-start [.text-message+&amp;]:mt-5\" dir=\"auto\" data-message-author-role=\"assistant\" data-message-id=\"aef4849f-584c-45ea-851d-e4d75e9ddba5\" data-message-model-slug=\"gpt-4o-mini\">\n<div class=\"flex w-full flex-col gap-1 empty:hidden first:pt-[3px]\">\n<div class=\"markdown prose w-full break-words dark:prose-invert light\">\n<p><strong>Dise\u00f1ado por:<\/strong> Matthew Lerch, Sussex, Wisconsin<br \/>\n<strong>Estilo:<\/strong> Navaja plegable asistida con dise\u00f1o lineal.<\/p>\n<p><strong>El CRKT LCK+ 3801<\/strong> es un cuchillo plegable compacto y potente para llevar a diario, dise\u00f1ado con \u00e9nfasis en <strong>la velocidad y la funcionalidad<\/strong> . Este modelo cuenta con <strong>apertura asistida<\/strong> , que garantiza <strong>un despliegue ultrarr\u00e1pido de la hoja<\/strong> con el m\u00ednimo esfuerzo, lo que lo convierte en una opci\u00f3n ideal para el uso diario cuando <strong>la respuesta r\u00e1pida<\/strong> es importante. <\/p>\n<h3><strong>Principales caracter\u00edsticas y beneficios:<\/strong><\/h3>\n<h4>1. <strong>Apertura asistida:<\/strong><\/h4>\n<ul>\n<li><strong>La apertura asistida<\/strong> es la principal ventaja de este cuchillo. Una vez que <strong>extiendes parcialmente la hoja<\/strong> , <strong>se activa autom\u00e1ticamente un mecanismo<\/strong> que abre la hoja <strong>con una velocidad incre\u00edble<\/strong> . Este sistema permite una <strong>apertura sencilla y r\u00e1pida<\/strong> con una sola mano, haci\u00e9ndolo ideal para su uso inmediato.  <\/li>\n<\/ul>\n<h4>2. <strong>Rodamiento de bolas IKBS\u2122:<\/strong><\/h4>\n<ul>\n<li><strong>El sistema de cojinetes de bolas IKBS\u2122<\/strong> garantiza <strong>un movimiento suave y fluido de la hoja<\/strong> , minimizando la resistencia al girar y permitiendo una apertura r\u00e1pida y eficiente del cuchillo.<\/li>\n<\/ul>\n<h4>3. <strong>Dise\u00f1o compacto y ligero:<\/strong><\/h4>\n<ul>\n<li><strong>Longitud total:<\/strong> 7,47&#8243; (189,71 mm)<\/li>\n<li><strong>Longitud de la hoja:<\/strong> 3,31&#8243; (84,18 mm)<\/li>\n<li><strong>Peso:<\/strong> 2,40 oz. (68,04 g)<\/li>\n<li>Este cuchillo es <strong>liviano y compacto<\/strong> , lo que significa que es f\u00e1cil de llevar en el bolsillo sin agregar peso o volumen innecesarios.<\/li>\n<\/ul>\n<h4>4. <strong>Hoja de acero inoxidable 8Cr13MoV de alta calidad:<\/strong><\/h4>\n<ul>\n<li><strong>La hoja de acero 8Cr13MoV<\/strong> es conocida por su <strong>buen equilibrio entre durabilidad y capacidad de mantener el filo<\/strong> . El acabado <strong>de laca satinada<\/strong> le da a la hoja una apariencia atractiva y ayuda contra la corrosi\u00f3n y el desgaste. <\/li>\n<\/ul>\n<h4>5. <strong>Mango ergon\u00f3mico de nailon reforzado con fibra de vidrio:<\/strong><\/h4>\n<ul>\n<li><strong>El mango de nailon reforzado con vidrio<\/strong> proporciona <strong>alta durabilidad<\/strong> y <strong>peso ligero<\/strong> , lo que hace que el cuchillo sea c\u00f3modo de transportar y usar.<\/li>\n<li><strong>Las ranuras en el mango<\/strong> proporcionan un mejor <strong>agarre<\/strong> , incluso cuando el cuchillo est\u00e1 mojado, embarrado o aceitoso, lo que aumenta <strong>la seguridad<\/strong> durante su uso.<\/li>\n<\/ul>\n<h4>6. <strong>Bloqueo de revestimiento:<\/strong><\/h4>\n<ul>\n<li><strong>Liner Lock<\/strong> garantiza que la hoja est\u00e9 <strong>bloqueada de forma segura<\/strong> durante el uso. Este mecanismo permite <strong>abrir y cerrar<\/strong> el cuchillo de forma f\u00e1cil y c\u00f3moda con una sola mano. <\/li>\n<\/ul>\n<h4>7. <strong>Dise\u00f1o moderno y funcional:<\/strong><\/h4>\n<ul>\n<li>El cuchillo tiene <strong>una apariencia elegante y lineal<\/strong> que combina <strong>una alta funcionalidad<\/strong> con <strong>un estilo minimalista<\/strong> . El dise\u00f1o se centra en hacer que el cuchillo tenga un aspecto moderno y al mismo tiempo sea lo m\u00e1s pr\u00e1ctico posible. <\/li>\n<\/ul>\n<h3><strong>Especificaciones:<\/strong><\/h3>\n<ul>\n<li><strong>Longitud de la hoja:<\/strong> 3,31&#8243; (84,18 mm)<\/li>\n<li><strong>Borde:<\/strong> liso<\/li>\n<li><strong>Acero de la hoja:<\/strong> 8Cr13MoV<\/li>\n<li><strong>Acabado de la hoja:<\/strong> satinado<\/li>\n<li><strong>Grosor de la hoja:<\/strong> 0,13&#8243; (3,23 mm)<\/li>\n<li><strong>Longitud total:<\/strong> 7,47&#8243; (189,71 mm)<\/li>\n<li><strong>Longitud cerrada:<\/strong> 4,16&#8243; (105,66 mm)<\/li>\n<li><strong>Peso:<\/strong> 2,40 oz. (68,04 g)<\/li>\n<li><strong>Mango:<\/strong> nailon reforzado con fibra de vidrio<\/li>\n<li><strong>Estilo:<\/strong> Navaja plegable asistida con bloqueo de l\u00ednea<\/li>\n<\/ul>\n<h3><strong>Usar:<\/strong><\/h3>\n<ul>\n<li><strong>Navaja de bolsillo de uso diario (EDC):<\/strong> su tama\u00f1o compacto y su apertura r\u00e1pida hacen que esta navaja sea ideal para el uso diario. Ya sea abrir un sobre, cortar material de embalaje o cualquier otra tarea com\u00fan, la LCK+ le permitir\u00e1 trabajar de manera r\u00e1pida y eficiente. <\/li>\n<li><strong>Situaciones de emergencia:<\/strong> Con apertura asistida y un mecanismo suave, este cuchillo es ideal para una acci\u00f3n r\u00e1pida en caso de emergencia.<\/li>\n<li><strong>Actividades al aire libre:<\/strong> Gracias a su mango duradero y tama\u00f1o pr\u00e1ctico, es ideal para usar en la naturaleza, al acampar, pescar o hacer senderismo.<\/li>\n<\/ul>\n<h3><strong>Conclusi\u00f3n:<\/strong><\/h3>\n<p><strong>La CRKT LCK+ 3801<\/strong> es la navaja plegable ideal para quienes buscan <strong>velocidad, ligereza y fiabilidad<\/strong> . Con apertura asistida, una hoja de calidad y un dise\u00f1o elegante, es la herramienta perfecta para el d\u00eda a d\u00eda, combinando sin concesiones <strong>funcionalidad y estilo<\/strong> . Ya sea que lo use para tareas cotidianas o en situaciones en las que necesita una respuesta r\u00e1pida y segura, no extra\u00f1ar\u00e1 el LCK+.  <\/p>\n<\/div>\n<\/div>\n<\/div>\n<\/div>\n<div class=\"mb-2 flex gap-3 empty:hidden -ml-2\">\n<div class=\"items-center justify-start rounded-xl p-1 flex\">\n<div class=\"flex items-center\"><\/div>\n<\/div>\n<\/div>\n<div class=\"pr-2 lg:pr-0\"><\/div>\n<\/div>\n<\/div>\n<\/div>\n<\/div>\n<\/article>\n<\/div>\n<\/div>\n<\/div>\n<\/div>\n<\/div>\n<p><iframe title=\"CRKT LCK+ | Matthew Lerch Design\" width=\"800\" height=\"450\" src=\"https:\/\/www.youtube.com\/embed\/xP_OCzLOsWA?feature=oembed\" frameborder=\"0\" allow=\"accelerometer; autoplay; clipboard-write; encrypted-media; gyroscope; picture-in-picture; web-share\" referrerpolicy=\"strict-origin-when-cross-origin\" allowfullscreen><\/iframe><\/p>\n<p>&nbsp;<\/p>\n","protected":false},"excerpt":{"rendered":"<div class=\"flex max-w-full flex-col flex-grow\">\n<div class=\"min-h-8 text-message flex w-full flex-col items-end gap-2 whitespace-normal break-words text-start [.text-message+&amp;]:mt-5\" dir=\"auto\" data-message-author-role=\"assistant\" data-message-id=\"aef4849f-584c-45ea-851d-e4d75e9ddba5\" data-message-model-slug=\"gpt-4o-mini\">\n<div class=\"flex w-full flex-col gap-1 empty:hidden first:pt-[3px]\">\n<div class=\"markdown prose w-full break-words dark:prose-invert light\">\n<p><strong>La CRKT LCK+ 3801 es la navaja plegable ideal para quienes buscan velocidad, ligereza y fiabilidad. Con apertura asistida, una hoja de calidad y un dise\u00f1o elegante, es la herramienta perfecta para el d\u00eda a d\u00eda, combinando sin concesiones funcionalidad y estilo. Ya sea que lo use para tareas cotidianas o en situaciones en las que necesita una respuesta r\u00e1pida y segura, no extra\u00f1ar\u00e1 el LCK+.  <\/strong><\/p>\n<\/div>\n<\/div>\n<\/div>\n<\/div>\n<div class=\"mb-2 flex gap-3 empty:hidden -ml-2\">\n<div class=\"items-center justify-start rounded-xl p-1 flex\">\n<div class=\"flex items-center\"><\/div>\n<\/div>\n<\/div>\n","protected":false},"featured_media":333589,"comment_status":"open","ping_status":"closed","template":"","meta":[],"pwb-brand":[3765],"product_brand":[],"product_cat":[3730,3726],"product_tag":[3756],"class_list":{"0":"post-333583","1":"product","2":"type-product","3":"status-publish","4":"has-post-thumbnail","6":"pwb-brand-crkt-es","7":"product_cat-cuchillas-de-cierre","8":"product_cat-cuchillos","9":"product_tag-b2b-es","11":"first","12":"instock","13":"taxable","14":"shipping-taxable","15":"purchasable","16":"product-type-simple"},"brands":[{"id":3765,"name":"CRKT","slug":"crkt-es"}],"_links":{"self":[{"href":"https:\/\/www.moskito.cz\/es\/wp-json\/wp\/v2\/product\/333583","targetHints":{"allow":["GET"]}}],"collection":[{"href":"https:\/\/www.moskito.cz\/es\/wp-json\/wp\/v2\/product"}],"about":[{"href":"https:\/\/www.moskito.cz\/es\/wp-json\/wp\/v2\/types\/product"}],"replies":[{"embeddable":true,"href":"https:\/\/www.moskito.cz\/es\/wp-json\/wp\/v2\/comments?post=333583"}],"wp:featuredmedia":[{"embeddable":true,"href":"https:\/\/www.moskito.cz\/es\/wp-json\/wp\/v2\/media\/333589"}],"wp:attachment":[{"href":"https:\/\/www.moskito.cz\/es\/wp-json\/wp\/v2\/media?parent=333583"}],"wp:term":[{"taxonomy":"pwb-brand","embeddable":true,"href":"https:\/\/www.moskito.cz\/es\/wp-json\/wp\/v2\/pwb-brand?post=333583"},{"taxonomy":"product_brand","embeddable":true,"href":"https:\/\/www.moskito.cz\/es\/wp-json\/wp\/v2\/product_brand?post=333583"},{"taxonomy":"product_cat","embeddable":true,"href":"https:\/\/www.moskito.cz\/es\/wp-json\/wp\/v2\/product_cat?post=333583"},{"taxonomy":"product_tag","embeddable":true,"href":"https:\/\/www.moskito.cz\/es\/wp-json\/wp\/v2\/product_tag?post=333583"}],"curies":[{"name":"wp","href":"https:\/\/api.w.org\/{rel}","templated":true}]}}