{"id":333729,"date":"2021-09-14T21:23:58","date_gmt":"2021-09-14T20:23:58","guid":{"rendered":"https:\/\/www.moskito.cz\/produkt\/cuchillo-de-tiro-sog-tac-tini-tanto-auto\/"},"modified":"2025-12-30T14:46:08","modified_gmt":"2025-12-30T13:46:08","slug":"cuchillo-de-tiro-sog-tac-tini-tanto-auto","status":"publish","type":"product","link":"https:\/\/www.moskito.cz\/es\/produkt\/cuchillo-de-tiro-sog-tac-tini-tanto-auto\/","title":{"rendered":"Cuchillo de tiro SOG TAC TINI Tanto AUTO"},"content":{"rendered":"<p>Cuchillo de Tiro SOG TAC TINI Tanto AUTO.<\/p>\n<p>Los LEO de todo el pa\u00eds conf\u00edan en el SOG autom\u00e1tico original, SOG-TAC. Construido con aluminio AUS-8 y 6061-T6, el SOG-TAC presenta un agarre mejorado para un agarre m\u00e1ximo, lo que lo hace ideal para la autodefensa. Durable y r\u00e1pido de abrir, el SOG-TAC es un autom\u00e1tico confiable para las situaciones m\u00e1s exigentes.<\/p>\n<p>LONGITUD TOTAL : 20,32 cm<br \/>\nLONGITUD CERRADA : 11,43 cm<br \/>\nPESO DEL PRODUCTO : 3,80 oz<br \/>\nLONGITUD DE LA BOTELLA : 9 cm<br \/>\nL\u00cdNEA DE PRODUCTO : SOG-TAC Auto<br \/>\nMECANISMO DE CIERRE : Autom\u00e1tico<br \/>\nMECANISMO DE APERTURA : Autom\u00e1tico<br \/>\nTIPO DE CINTURONES : Reversible Low-Carry<br \/>\nACABADO : Negro TiNi endurecido<br \/>\nTIPO DE MANGO : Parcialmente dentado<br \/>\nTIPO DE BOCA : AUS-8<br \/>\nFORMA DE BOCA : Tanto<br \/>\nDUREZA : RC 57-58<br \/>\nMATERIAL DEL MANGO : Aluminio 6061-T6 anodizado<br \/>\nCOLOR DEL MANGO : Negro<\/p>\n<p>Los LEO de todo el pa\u00eds conf\u00edan en el SOG autom\u00e1tico original, SOG-TAC. Fabricado con aluminio AUS-8 y 6061-T6, el SOG-TAC cuenta con un mango contorneado para un agarre m\u00e1ximo, lo que lo hace ideal para la autodefensa. Durable y r\u00e1pido de abrir, SOG-TAC es una autom\u00e1tica confiable para las situaciones m\u00e1s dif\u00edciles.<\/p>\n<p>LONGITUD TOTAL<br \/>\n8&#8243;<br \/>\nLONGITUD CERRADA<br \/>\n4,5&#8243;<br \/>\nPESO DEL PRODUCTO<br \/>\n3,80 onzas<br \/>\nLONGITUD DE LA HOJA<br \/>\n3,5&#8243;<br \/>\nUPC<br \/>\n7-29857-99123-0<br \/>\nFAMILIA DE PRODUCTOS<br \/>\nCoche SOG-TAC<br \/>\nTIPO DE PRODUCTO<br \/>\nCuchillo plegable<br \/>\nMECANISMO DE BLOQUEO<br \/>\nAutom\u00e1tico<br \/>\nMECANISMO DE APERTURA<br \/>\nAutom\u00e1tico<br \/>\nTIPO DE CLIP PARA CINTUR\u00d3N<br \/>\nReversible de bajo transporte.<br \/>\nEMBALAJE<br \/>\nCaja de presentaci\u00f3n<br \/>\nFINALIZAR<br \/>\nTiNi negro con carcasa dura<br \/>\nTIPO DE BORDE<br \/>\nParcialmente dentado<br \/>\nTIPO DE ACERO DE LA HOJA<br \/>\nAUS-8<br \/>\nFORMA DE LA HOJA<br \/>\nTanto<br \/>\nDUREZA<br \/>\nRc. 57-58<br \/>\nMATERIAL DEL MANGO<br \/>\nAluminio anodizado 6061-T6<br \/>\nCOLOR DEL MANGO<br \/>\nNegro<\/p>\n","protected":false},"excerpt":{"rendered":"<p>Tanto si est\u00e1s protegiendo a otras personas o dirigiendo una \u00e9pica expedici\u00f3n de caza, afrontando uno de los retos cotidianos de la vida o enfrent\u00e1ndote a las condiciones m\u00e1s extremas, \u00e1brete camino con <strong>SOG<\/strong>.<\/p>\n<p><strong>\u00a1Respaldamos todos los cuchillos SOG con una garant\u00eda de por vida!<\/strong><\/p>\n","protected":false},"featured_media":333738,"comment_status":"open","ping_status":"closed","template":"","meta":[],"pwb-brand":[3848],"product_brand":[],"product_cat":[3729,3726],"product_tag":[3756],"class_list":{"0":"post-333729","1":"product","2":"type-product","3":"status-publish","4":"has-post-thumbnail","6":"pwb-brand-sog-es","7":"product_cat-cuchillos-de-tiro","8":"product_cat-cuchillos","9":"product_tag-b2b-es","11":"first","12":"instock","13":"taxable","14":"shipping-taxable","15":"purchasable","16":"product-type-simple"},"brands":[{"id":3848,"name":"SOG","slug":"sog-es"}],"_links":{"self":[{"href":"https:\/\/www.moskito.cz\/es\/wp-json\/wp\/v2\/product\/333729","targetHints":{"allow":["GET"]}}],"collection":[{"href":"https:\/\/www.moskito.cz\/es\/wp-json\/wp\/v2\/product"}],"about":[{"href":"https:\/\/www.moskito.cz\/es\/wp-json\/wp\/v2\/types\/product"}],"replies":[{"embeddable":true,"href":"https:\/\/www.moskito.cz\/es\/wp-json\/wp\/v2\/comments?post=333729"}],"wp:featuredmedia":[{"embeddable":true,"href":"https:\/\/www.moskito.cz\/es\/wp-json\/wp\/v2\/media\/333738"}],"wp:attachment":[{"href":"https:\/\/www.moskito.cz\/es\/wp-json\/wp\/v2\/media?parent=333729"}],"wp:term":[{"taxonomy":"pwb-brand","embeddable":true,"href":"https:\/\/www.moskito.cz\/es\/wp-json\/wp\/v2\/pwb-brand?post=333729"},{"taxonomy":"product_brand","embeddable":true,"href":"https:\/\/www.moskito.cz\/es\/wp-json\/wp\/v2\/product_brand?post=333729"},{"taxonomy":"product_cat","embeddable":true,"href":"https:\/\/www.moskito.cz\/es\/wp-json\/wp\/v2\/product_cat?post=333729"},{"taxonomy":"product_tag","embeddable":true,"href":"https:\/\/www.moskito.cz\/es\/wp-json\/wp\/v2\/product_tag?post=333729"}],"curies":[{"name":"wp","href":"https:\/\/api.w.org\/{rel}","templated":true}]}}