{"id":333780,"date":"2023-07-03T12:18:29","date_gmt":"2023-07-03T11:18:29","guid":{"rendered":"https:\/\/www.moskito.cz\/produkt\/cuchillo-plegable-spyderco-dragonfly-2-salt-c28pyl2\/"},"modified":"2025-05-07T11:11:38","modified_gmt":"2025-05-07T10:11:38","slug":"cuchillo-plegable-spyderco-dragonfly-2-salt-c28pyl2","status":"publish","type":"product","link":"https:\/\/www.moskito.cz\/es\/produkt\/cuchillo-plegable-spyderco-dragonfly-2-salt-c28pyl2\/","title":{"rendered":"Cuchillo plegable Spyderco Dragonfly 2 Salt C28PYL2"},"content":{"rendered":"<p>Cuchillo plegable <strong>Spyderco<\/strong> Dragonfly 2 Salt C28PYL2<\/p>\n<p>El Spyderco Dragonfly 2 ahora se ofrece con una opci\u00f3n de hoja H2 ultra resistente a la oxidaci\u00f3n, llamada Dragonfly 2 Salt. Lo que convierte al Dragonfly en un \u00e9xito de ventas es su hoja de tama\u00f1o mediano, su mango ergon\u00f3mico con un corte para el dedo \u00edndice y su protuberancia dorsal. Su geometr\u00eda de hoja a mango y sus puntos de apalancamiento llenan la mano que agarra, haci\u00e9ndolo sentir como si estuviera cortando con un cuchillo mucho m\u00e1s grande. El mango FRN (nylon reforzado con fibra de vidrio) est\u00e1 esculpido con un patr\u00f3n de agarre llamado texturizado bidireccional que llena ergon\u00f3micamente la mano con una variedad de \u00e1ngulos y puntos de apalancamiento y est\u00e1 disponible en amarillo marino.<\/p>\n<p>La adici\u00f3n de ribetes texturizados en la parte delantera, trasera y la construcci\u00f3n del mango atornillado y el clip de alambre plegable hacia la izquierda\/derecha permiten un transporte f\u00e1cil y c\u00f3modo en el bolsillo. La ubicaci\u00f3n precisa de Spyderco del orificio redondo acampanado en relaci\u00f3n con el pasador permite una apertura y cierre suaves. La muela hueca para un alto rendimiento de corte viene en configuraci\u00f3n PlainEdge o SpyderEdge.<br \/>\nFunci\u00f3n<\/p>\n<p>Clip de alambre abatible izquierda\/derecha<br \/>\nDavid Boye Dent<br \/>\nSpyderco de di\u00e1metro redondo de 11 mm<br \/>\nPu\u00f1os bidireccionales con textura FRN<br \/>\nLomo, choil y mango de salto.<br \/>\nHoja plana en forma de hoja.<\/p>\n<p>Especificaciones<\/p>\n<p>Longitud de la hoja: <span id=\"cwos\" class=\"qv3Wpe\">5,62 cm<\/span><br \/>\nLargo cerrado: <span id=\"cwos\" class=\"qv3Wpe\">8,27 cm<\/span><br \/>\nLargo total: 14cm<br \/>\nAcero: acero H2 ultrarresistente a la corrosi\u00f3n.<br \/>\nPeso: 1,2 onzas. (34g)<br \/>\nHecho en Jap\u00f3n<\/p>\n<p>&nbsp;<\/p>\n","protected":false},"excerpt":{"rendered":"<p><strong>El Spyderco Dragonfly 2 ahora se ofrece con una opci\u00f3n de hoja H2 ultra resistente a la oxidaci\u00f3n, llamada Dragonfly 2 Salt.<\/strong><\/p>\n","protected":false},"featured_media":333781,"comment_status":"open","ping_status":"closed","template":"","meta":[],"pwb-brand":[3771],"product_brand":[],"product_cat":[3730,3726],"product_tag":[3756],"class_list":{"0":"post-333780","1":"product","2":"type-product","3":"status-publish","4":"has-post-thumbnail","6":"pwb-brand-spyderco-es","7":"product_cat-cuchillas-de-cierre","8":"product_cat-cuchillos","9":"product_tag-b2b-es","11":"first","12":"instock","13":"taxable","14":"shipping-taxable","15":"purchasable","16":"product-type-simple"},"brands":[{"id":3771,"name":"spyderco","slug":"spyderco-es"}],"_links":{"self":[{"href":"https:\/\/www.moskito.cz\/es\/wp-json\/wp\/v2\/product\/333780","targetHints":{"allow":["GET"]}}],"collection":[{"href":"https:\/\/www.moskito.cz\/es\/wp-json\/wp\/v2\/product"}],"about":[{"href":"https:\/\/www.moskito.cz\/es\/wp-json\/wp\/v2\/types\/product"}],"replies":[{"embeddable":true,"href":"https:\/\/www.moskito.cz\/es\/wp-json\/wp\/v2\/comments?post=333780"}],"wp:featuredmedia":[{"embeddable":true,"href":"https:\/\/www.moskito.cz\/es\/wp-json\/wp\/v2\/media\/333781"}],"wp:attachment":[{"href":"https:\/\/www.moskito.cz\/es\/wp-json\/wp\/v2\/media?parent=333780"}],"wp:term":[{"taxonomy":"pwb-brand","embeddable":true,"href":"https:\/\/www.moskito.cz\/es\/wp-json\/wp\/v2\/pwb-brand?post=333780"},{"taxonomy":"product_brand","embeddable":true,"href":"https:\/\/www.moskito.cz\/es\/wp-json\/wp\/v2\/product_brand?post=333780"},{"taxonomy":"product_cat","embeddable":true,"href":"https:\/\/www.moskito.cz\/es\/wp-json\/wp\/v2\/product_cat?post=333780"},{"taxonomy":"product_tag","embeddable":true,"href":"https:\/\/www.moskito.cz\/es\/wp-json\/wp\/v2\/product_tag?post=333780"}],"curies":[{"name":"wp","href":"https:\/\/api.w.org\/{rel}","templated":true}]}}