{"id":333816,"date":"2023-07-02T20:22:57","date_gmt":"2024-04-17T07:44:09","guid":{"rendered":"https:\/\/www.moskito.cz\/produkt\/navaja-spyderco-dragonfly-2-c28pbk2\/"},"modified":"2024-04-17T08:44:09","modified_gmt":"2024-04-17T07:44:09","slug":"navaja-spyderco-dragonfly-2-c28pbk2","status":"publish","type":"product","link":"https:\/\/www.moskito.cz\/es\/produkt\/navaja-spyderco-dragonfly-2-c28pbk2\/","title":{"rendered":"Navaja Spyderco Dragonfly 2 C28PBK2"},"content":{"rendered":"<p>Navaja <strong>Spyderco<\/strong> Dragonfly 2 C28PBK2<\/p>\n<p>CQI: mejora continua de la calidad es el proceso que utiliza <strong>Spyderco<\/strong> para evaluar y mejorar modelos de cuchillos establecidos desde hace mucho tiempo. A veces los cambios en el CQI son grandes y notables, otras veces son mejoras menores. Recientemente aplicamos CQI al Dragonfly cl\u00e1sico y creamos el nuevo Dragonfly 2. Dragonfly 2 mejora algunas caracter\u00edsticas notables con respecto a la versi\u00f3n cl\u00e1sica manteniendo fundamentos importantes.<\/p>\n<p>Las caracter\u00edsticas que se trasladan a la nueva versi\u00f3n incluyen la probada hoja de tama\u00f1o mediano y el mango ergon\u00f3mico, junto con un accesorio para el dedo \u00edndice y la espalda. Manteniendo tambi\u00e9n la geometr\u00eda entre la hoja y el mango y los puntos de apalancamiento que hacen que el Dragonfly corte y se sienta como un cuchillo mucho m\u00e1s grande cuando se sostiene.<\/p>\n<p>Las nuevas mejoras incluyen: la adici\u00f3n de una hebilla de alambre abatible hacia la izquierda\/derecha, textura bidireccional patentada en el mango, saltos de choil y lomo, y una construcci\u00f3n de mango atornillado. La hoja sigue siendo VG-10 premium, ahora con un afilado plano de alto rendimiento.<\/p>\n<p>La posici\u00f3n del orificio redondo acampanado de Spyderco en relaci\u00f3n con el pasador da como resultado una apertura suave, y el mango FRN (nylon reforzado con fibra de vidrio) se adapta ergon\u00f3micamente a la mano con una variedad de \u00e1ngulos de agarre y puntos de apalancamiento.<\/p>\n<p>Especificaciones:<br \/>\nLongitud de la hoja: 5,8 cm<br \/>\nGrosor de la hoja: 0,25 cm.<br \/>\nLongitud total: 13,8 cm<br \/>\nLargo cerrado: 8,2 cm<br \/>\nAcero de la hoja: VG-10<br \/>\nPeso: 1,2 onzas. (33g)<br \/>\nMaterial del mango: FRN<br \/>\nFabricado en Seki-City, Jap\u00f3n.<\/p>\n","protected":false},"excerpt":{"rendered":"<p><strong>CQI: mejora continua de la calidad es el proceso que utiliza Spyderco para evaluar y mejorar modelos de cuchillos establecidos desde hace mucho tiempo.<\/strong><\/p>\n","protected":false},"featured_media":333817,"comment_status":"open","ping_status":"closed","template":"","meta":[],"pwb-brand":[3771],"product_brand":[],"product_cat":[3730,3726],"product_tag":[3756],"class_list":{"0":"post-333816","1":"product","2":"type-product","3":"status-publish","4":"has-post-thumbnail","6":"pwb-brand-spyderco-es","7":"product_cat-cuchillas-de-cierre","8":"product_cat-cuchillos","9":"product_tag-b2b-es","11":"first","12":"instock","13":"taxable","14":"shipping-taxable","15":"purchasable","16":"product-type-simple"},"brands":[{"id":3771,"name":"spyderco","slug":"spyderco-es"}],"_links":{"self":[{"href":"https:\/\/www.moskito.cz\/es\/wp-json\/wp\/v2\/product\/333816","targetHints":{"allow":["GET"]}}],"collection":[{"href":"https:\/\/www.moskito.cz\/es\/wp-json\/wp\/v2\/product"}],"about":[{"href":"https:\/\/www.moskito.cz\/es\/wp-json\/wp\/v2\/types\/product"}],"replies":[{"embeddable":true,"href":"https:\/\/www.moskito.cz\/es\/wp-json\/wp\/v2\/comments?post=333816"}],"wp:featuredmedia":[{"embeddable":true,"href":"https:\/\/www.moskito.cz\/es\/wp-json\/wp\/v2\/media\/333817"}],"wp:attachment":[{"href":"https:\/\/www.moskito.cz\/es\/wp-json\/wp\/v2\/media?parent=333816"}],"wp:term":[{"taxonomy":"pwb-brand","embeddable":true,"href":"https:\/\/www.moskito.cz\/es\/wp-json\/wp\/v2\/pwb-brand?post=333816"},{"taxonomy":"product_brand","embeddable":true,"href":"https:\/\/www.moskito.cz\/es\/wp-json\/wp\/v2\/product_brand?post=333816"},{"taxonomy":"product_cat","embeddable":true,"href":"https:\/\/www.moskito.cz\/es\/wp-json\/wp\/v2\/product_cat?post=333816"},{"taxonomy":"product_tag","embeddable":true,"href":"https:\/\/www.moskito.cz\/es\/wp-json\/wp\/v2\/product_tag?post=333816"}],"curies":[{"name":"wp","href":"https:\/\/api.w.org\/{rel}","templated":true}]}}