{"id":333837,"date":"2023-07-02T19:33:41","date_gmt":"2024-04-17T07:45:09","guid":{"rendered":"https:\/\/www.moskito.cz\/produkt\/spyderco-dragonfly-2-emerson-opener-c28pgyw2-cuchillo-de-cierre\/"},"modified":"2025-05-07T11:11:40","modified_gmt":"2025-05-07T10:11:40","slug":"spyderco-dragonfly-2-emerson-opener-c28pgyw2-cuchillo-de-cierre","status":"publish","type":"product","link":"https:\/\/www.moskito.cz\/es\/produkt\/spyderco-dragonfly-2-emerson-opener-c28pgyw2-cuchillo-de-cierre\/","title":{"rendered":"Spyderco Dragonfly 2 Emerson Opener C28PGYW2 Cuchillo de cierre"},"content":{"rendered":"<p><strong>Spyderco<\/strong> Dragonfly 2 Emerson Opener C28PGYW2 Cuchillo de cierre<\/p>\n<p>Una de las desventajas de los cuchillos compactos es que abrirlos con una mano resulta algo m\u00e1s complicado. El abridor Dragonfly 2 Emerson resuelve este problema actualizando el popular abridor ligero Dragonfly 2 con el abridor Emerson, un gancho integrado que atrapa la parte superior del bolsillo y abre autom\u00e1ticamente la hoja cuando se saca el cuchillo. Con el exclusivo agarre gris oscuro de FRN con textura bidireccional antideslizante, esta versi\u00f3n de alta velocidad del Dragonfly 2 incorpora con orgullo todas las dem\u00e1s caracter\u00edsticas definitorias de este popular modelo. Nota: Spyderco lo llama mango FRN gris oscuro, pero el aspecto real es m\u00e1s bien azul oscuro.<\/p>\n<p>abridor de emerson<\/p>\n<p>Ernest Emerson tuvo un profundo impacto en la industria de los cuchillos y tanto en la forma como en la funci\u00f3n de la navaja t\u00e1ctica plegable moderna. Aunque el alcance de su influencia es extremadamente amplio, quiz\u00e1s su innovaci\u00f3n m\u00e1s revolucionaria fue el \u00abAbridor de Emerson\u00bb. Tambi\u00e9n conocida como \u00abWave Feature\u00bb o m\u00e1s coloquialmente (e imprecisamente) \u00abWave\u00bb, consiste en un peque\u00f1o gancho integrado en la parte posterior de la hoja de la navaja plegable. Cuando se inclina el cuchillo cerrado y se saca del bolsillo, el gancho se engancha en el borde del bolsillo y r\u00e1pidamente gira la hoja a la posici\u00f3n abierta. Si necesita usar su navaja de bolsillo r\u00e1pidamente, el abridor Emerson es su opci\u00f3n m\u00e1s r\u00e1pida.<\/p>\n<p>El camino del cuchillo de Ernest Emerson<\/p>\n<p>Ernest Emerson, originario del norte de Wisconsin, naci\u00f3 el 7 Marzo de 1955. Un talentoso atleta en la escuela secundaria, comenz\u00f3 su obsesi\u00f3n de toda la vida por las artes marciales a los 16 a\u00f1os entrenando en Yudo, la versi\u00f3n coreana del judo. Asisti\u00f3 a la Universidad de Wisconsin-Lacrosse y obtuvo t\u00edtulos en educaci\u00f3n f\u00edsica e historia mundial, as\u00ed como cintur\u00f3n marr\u00f3n en Karate Kyokushinkai y cintur\u00f3n negro en Karate Shotokan.<\/p>\n<p>Inmediatamente despu\u00e9s de graduarse, Emerson se mud\u00f3 al sur de California con el \u00fanico prop\u00f3sito de continuar su educaci\u00f3n en artes marciales en la famosa Academia de Artes Marciales de Inosanto bajo la tutela de los protegidos de Bruce Lee, Dan Inosanto y Richard Bustillo. All\u00ed estudi\u00f3 el arte filipino de Kali y los sistemas de Jun Fan Gung Fu y Jeet Kune Do de Bruce Lee. M\u00e1s tarde tambi\u00e9n entren\u00f3 en Jujitsu brasile\u00f1o con los renombrados Royce y Rorion Gracie. Durante este tiempo, Emerson se gan\u00f3 la vida como maquinista y dise\u00f1ador para Hughes Aircraft.<\/p>\n<p>En 1978, mientras estudiaba artes marciales filipinas, Emerson descubri\u00f3 que necesitaba un balisong o cuchillo mariposa. Los balisongs no estaban com\u00fanmente disponibles en ese entonces, por lo que decidi\u00f3 hacer los suyos propios. Cuando sus compa\u00f1eros vieron esto, le pidieron a Emerson que tambi\u00e9n les hiciera cuchillos. Balisongs r\u00e1pidamente condujo a cuchillos de hoja fija y, despu\u00e9s de que Michael Walker vio una carpeta LinerLock personalizada en una exposici\u00f3n de armas, eventualmente a cuchillos plegables. Con la bendici\u00f3n de Walker, Emerson comenz\u00f3 a fabricar navajas plegables LinerLock y pronto se convirti\u00f3 en un fabricante de cuchillos de tiempo completo. Inspirado por su trabajo en la industria aeroespacial, incorpor\u00f3 materiales de \u00faltima generaci\u00f3n y alto rendimiento y se centr\u00f3 en cuchillos cuidadosamente elaborados y de calidad de inversi\u00f3n.<\/p>\n<p>A mediados de los 80 Emerson cambi\u00f3 su enfoque hacia dise\u00f1os t\u00e1cticos m\u00e1s espartanos. Tambi\u00e9n adopt\u00f3 el afilado de cincel de un solo lado, una caracter\u00edstica distintiva de los cuchillos de su colega fabricante de cuchillos Phil Hartsfield, quien fabricaba cuchillos para los miembros de los SEAL de la Marina de los EE. UU. de la costa oeste. Cuando los SEAL le pidieron a Hartsfield que hiciera navajas plegables, \u00e9l explic\u00f3 que solo hac\u00eda hojas fijas y se las present\u00f3 a Emerson. Los componentes de Emerson r\u00e1pidamente se convirtieron en una pieza imprescindible del equipo entre los SEAL, y esta popularidad pronto se extendi\u00f3 a otras unidades de operaciones especiales y agencias policiales de \u00e9lite estadounidenses y extranjeras. M\u00e1s tarde, esto condujo a colaboraciones con varios fabricantes de cuchillos comerciales l\u00edderes y, finalmente, con Emerson Knives, Inc., la propia empresa de cuchillos de Emerson, que fund\u00f3 con su esposa, Mary.<\/p>\n<p>Los dise\u00f1os legendarios de Emerson se han exhibido en el Museo Metropolitano de Arte y el Museo Smithsonian (un logro sin precedentes para un fabricante de cuchillos) y algunos de los guerreros m\u00e1s elitistas del mundo siguen confiando en sus cuchillos.<\/p>\n<p>El nacimiento del abridor de Emerson<\/p>\n<p>El abridor de Emerson es una de las innovaciones relacionadas con cuchillos m\u00e1s din\u00e1micas jam\u00e1s desarrolladas y se ha utilizado (con y sin la bendici\u00f3n de Emerson) en innumerables cuchillos a lo largo de los a\u00f1os. Sin embargo, la invenci\u00f3n real de esta caracter\u00edstica fue un accidente. Seg\u00fan Emerson, los instructores del curso de combate de los SEAL de la Marina de los EE. UU. quer\u00edan desarrollar un cuchillo espec\u00edfico para uso en combate. Una de las caracter\u00edsticas que quer\u00edan en el dise\u00f1o era un \u00abreceptor de hojas\u00bb en la parte posterior de la hoja para proteger la mano del usuario. Emerson incorpor\u00f3 esta caracter\u00edstica en su ic\u00f3nico modelo Commander y le dio la forma de una peque\u00f1a ola del oc\u00e9ano. Cuando complet\u00f3 los primeros prototipos del dise\u00f1o, varios SEAL de la Base Naval estadounidense de Coronado acudieron a su taller para recogerlos para probarlos y evaluarlos.<\/p>\n<p>Poco despu\u00e9s de que los SEAL se fueran, Emerson sac\u00f3 su prototipo de cuchillo y de repente se dio cuenta de que mientras limpiaba su bolsillo, el \u00abcierre de la hoja\u00bb se hab\u00eda enganchado y abierto parcialmente la hoja. Al principio le preocupaba que pudiera ser un problema de seguridad, pero a medida que repiti\u00f3 el experimento con m\u00e1s vigor, se dio cuenta de que esta caracter\u00edstica abr\u00eda la hoja de forma fiable y muy r\u00e1pida. Justo cuando tuvo esta epifan\u00eda, son\u00f3 el tel\u00e9fono en su tienda. Fueron los Coronado SEAL quienes acababan de regresar a la base, comenzaron a evaluar el cuchillo y descubrieron la misma sorprendente caracter\u00edstica de apertura autom\u00e1tica que el \u00abreceptor de hojas\u00bb.<\/p>\n<p>Debido a su forma, Emerson llam\u00f3 a su invento \u00abWave\u00bb y solicit\u00f3 una patente de utilidad en 1997. Esa patente n\u00famero 5.878.500 se concedi\u00f3 en marzo de 1999, pero desde que otra empresa de cuchillos y herramientas, Leatherman, registr\u00f3 la marca \u00abWave\u00bb como se us\u00f3 en cuchillos, Emerson cambi\u00f3 el t\u00e9rmino oficial para el t\u00e9rmino a \u00abcaracter\u00edstica de apertura en forma de onda.\u00bb Tambi\u00e9n lo convirti\u00f3 en una caracter\u00edstica obligatoria en todos los cuchillos que su compa\u00f1\u00eda produc\u00eda para trabajos militares y policiales.<\/p>\n<p>El cofundador de Spyderco, Sal Glesser, un \u00e1vido seguidor de todos los nuevos desarrollos en la industria de los cuchillos, apreci\u00f3 la brillantez del invento de Emerson y se acerc\u00f3 a \u00e9l para obtener una licencia para su uso en dise\u00f1os selectos de Spyderco. En 2006 lanzamos versiones de los populares modelos ligeros Delica 4 y Endura 4 que inclu\u00edan con orgullo nuestra expresi\u00f3n del abridor de Emerson. Para confirmar la licencia formal de esta caracter\u00edstica, Spyderco grab\u00f3 el n\u00famero de patente de Emerson en la parte posterior de la hoja.<\/p>\n<p>Desde entonces, la \u00abfunci\u00f3n de apertura en forma de onda\u00bb ha aparecido en otros modelos de Spyderco, incluidos Rescue 93 mm, Endura y Delica Trainers, Matriarch 2, Karahawk, Tropen y P&#8217;Kal y P&#8217;Kal Trainer, que son \u00fanicos porque incluyen un abridor Emerson extra\u00edble que se atornilla en la parte posterior de la hoja. M\u00e1s recientemente, el invento de Emerson se ha incorporado en Endela Lightweight, Dragonfly 2 y Byrd Cara Cara 2 Lightweight, as\u00ed como en varios modelos exclusivos de edici\u00f3n limitada, incluida una expresi\u00f3n del popular Paramilitary 2.<\/p>\n<p>En enero de 2016, a Ernest Emerson se le concedi\u00f3 la marca registrada en EE. UU. n.\u00ba 4.879.356 por el dise\u00f1o ic\u00f3nico y patentado de su \u00abCaracter\u00edstica en forma de onda\u00bb. Su patente de utilidad expir\u00f3 en 2017 y, desde entonces, se han fabricado muchos cuchillos utilizando el abridor de Emerson sin darle cr\u00e9dito a Emerson ni a su revolucionaria innovaci\u00f3n. Tambi\u00e9n hay innumerables dispositivos improvisados, modificaciones de hojas y accesorios no originales que imitan la funci\u00f3n del abridor Emerson. Pero nada supera al original. Con ese fin, Spyderco contin\u00faa otorgando la licencia oficial de esta caracter\u00edstica \u00fanica de Emerson, incluso despu\u00e9s de que la patente haya expirado, y est\u00e1 extremadamente orgulloso de la larga amistad que hemos disfrutado con este legendario fabricante de cuchillos.<\/p>\n<p>USO CORRECTO DEL ABRIDOR EMERSON<\/p>\n<p>Edge-U-Cation\u00ae<\/p>\n<p>A diferencia de las navajas plegables convencionales que se abren con una sola mano o incluso las navajas autom\u00e1ticas que permiten que la hoja se abra r\u00e1pidamente despu\u00e9s de sacarla, el abridor de Emerson retrae la hoja cuando sale del bolsillo, lo que lo convierte en el m\u00e9todo de apertura m\u00e1s r\u00e1pido disponible. Sin embargo, lograr esta velocidad a\u00fan requiere un desgaste adecuado y una buena t\u00e9cnica.<\/p>\n<p>Como ocurre con cualquier habilidad nueva, es mejor empezar poco a poco. Si es posible, utilice primero la versi\u00f3n de entrenamiento del Emerson Opener y luego pase a la hoja viva cuando se sienta listo. Para evitar da\u00f1os a la propiedad o lesiones a otras personas, aseg\u00farese siempre de que el \u00e1rea a su alrededor est\u00e9 libre de personas y obst\u00e1culos antes de abrir el cuchillo. Adem\u00e1s, como el Emerson Opener se engancha en la boca del bolsillo, funciona mejor con pantalones hechos de tela s\u00f3lida. Los pantalones de vestir y otros pantalones hechos de telas ligeras no son adecuados para usar con este m\u00e9todo de apertura.<\/p>\n<p>Agarre est\u00e1ndar:<\/p>\n<p>Para sacar y abrir el cuchillo en un agarre est\u00e1ndar, con la hoja sobresaliendo del lado del pulgar de la mano, primero aseg\u00farese de que est\u00e9 configurado para transporte inclinado colocando un clip en el extremo posterior del mango. Sujeta con alfileres el cuchillo cerrado al bolsillo con el cuerpo del cuchillo dentro del bolsillo y el cuchillo colocado hasta la parte posterior del bolsillo. La parte posterior de la hoja debe apuntar hacia atr\u00e1s.<\/p>\n<p>Introduzca el pulgar lo m\u00e1s profundamente posible en el bolsillo y ap\u00fantelo firmemente contra el costado del mango del cuchillo. Al mismo tiempo, doble los dedos de modo que el dedo \u00edndice quede enganchado debajo de la punta del cierre. Aplique presi\u00f3n entre el pulgar y los dedos para asegurar un agarre seguro del cuchillo. A medida que levantas el cuchillo, aplica una ligera presi\u00f3n hacia atr\u00e1s para mantener la parte posterior de la hoja contra la parte posterior del bolsillo. A medida que el abridor Emerson se engancha en la boca del bolsillo, contin\u00fae tirando de modo que su brazo se extienda ligeramente detr\u00e1s de usted y la hoja despeje de manera segura su cuerpo para bloquearse en la posici\u00f3n completamente abierta.<\/p>\n<p>Practica estos movimientos lenta y cuidadosamente hasta que te sientas completamente c\u00f3modo con ellos. Luego, aumente gradualmente la velocidad mientras se concentra en la seguridad.<\/p>\n<p>Agarre inverso:<\/p>\n<p>Los cuchillos Spyderco con abridores Emerson tambi\u00e9n se pueden configurar para retraerse en un agarre inverso, con la hoja sobresaliendo del costado del dedo me\u00f1ique. Para configurar su cuchillo para este tipo de extracci\u00f3n, instale un clip en el extremo posterior del mango de modo que la parte posterior de la hoja cerrada mire hacia adelante cuando el cuchillo se inserte en el bolsillo. Para obtener mejores resultados, coloque el cuchillo m\u00e1s hacia adelante en su bolsillo, m\u00e1s cerca de la l\u00ednea central de su cuerpo.<\/p>\n<p>Para dibujar desde esta posici\u00f3n, introduzca el pulgar en el bolsillo y ap\u00fantelo contra el mango del cuchillo. Al hacer esto, aseg\u00farese de que la membrana del pulgar est\u00e9 en la parte posterior de la empu\u00f1adura. Coloque las puntas de los dedos \u00edndice y medio en la base del cierre y aplique presi\u00f3n entre ellos y el pulgar. Sostenga firmemente el mango y saque el cuchillo del bolsillo. Mientras haces esto, aplica presi\u00f3n hacia adelante para empujar la parte posterior de la hoja cerrada contra el frente de tu bolsillo. Una vez que la navaja sale del bolsillo, el abridor de Emerson atrapa el borde del bolsillo y gira la hoja a la posici\u00f3n abierta.<\/p>\n<p>Nuevamente, practique estos movimientos lenta y cuidadosamente y pract\u00edquelos a fondo antes de aumentar su velocidad. En el proceso, descubrir\u00e1 que se necesitar\u00e1 al menos un grado moderado de velocidad para desplegar y bloquear completamente la hoja.<\/p>\n<p>Dibujo sin abrir:<\/p>\n<p>Si no necesitas abrir r\u00e1pidamente tu cuchillo equipado con un abridor Emerson, tambi\u00e9n puedes sacarlo sin la apertura autom\u00e1tica de la hoja. Para hacer esto, use el mismo agarre y mec\u00e1nica que se describi\u00f3 anteriormente, pero pase el cuchillo por el centro del bolsillo sin permitir que el gancho atrape la boca del bolsillo. Tambi\u00e9n puedes usar tu dedo \u00edndice para aplicar presi\u00f3n en la parte posterior de la hoja y mantenerla cerrada mientras sacas el cuchillo.<\/p>\n<p>El abridor Emerson es una caracter\u00edstica \u00fanica que aumenta significativamente la velocidad y facilidad de despliegue de nuestros cuchillos. Para aprovecharlo al m\u00e1ximo, recuerde el dicho de los Navy SEAL: \u201cLo lento es suave y lo suave es r\u00e1pido\u201d. T\u00f3mese el tiempo para ser suave y r\u00e1pido, esto ser\u00e1 algo natural.<\/p>\n<p>Especificaciones<br \/>\nLongitud de la hoja: 5,8 cm<br \/>\nLargo cerrado: 8,5 cm<br \/>\nLongitud total: 14,2 cm<br \/>\nGrosor de la hoja: 0,25 cm.<br \/>\nMaterial de la hoja: acero inoxidable VG10<br \/>\nEstilo de hoja: punta de lanza<br \/>\nAfilado de cuchillas: sable<br \/>\nTratamiento superficial de la hoja: satinado.<br \/>\nBorde de la hoja: liso<br \/>\nMaterial del mango: FRN texturizado bidireccional<br \/>\nColor del mango: gris oscuro<br \/>\nMecanismo de bloqueo: Lockback<br \/>\nClip de bolsillo: abatible, uso hacia la izquierda\/derecha<br \/>\nN\u00famero de modelo: C28PGYW2<br \/>\nNombre del modelo: Abridor Dragonfly 2 Emerson<br \/>\nPeso: 1,3 onzas. (37g)<br \/>\nOnda Emerson patentada<br \/>\nHecho en Jap\u00f3n<\/p>\n","protected":false},"excerpt":{"rendered":"<p><strong>Una de las desventajas de los cuchillos compactos es que son algo m\u00e1s dif\u00edciles de abrir con una mano. El abridor Dragonfly 2 Emerson resuelve este problema actualizando el popular abridor ligero Dragonfly 2 con el abridor Emerson.<\/strong><\/p>\n","protected":false},"featured_media":333838,"comment_status":"open","ping_status":"closed","template":"","meta":[],"pwb-brand":[3771],"product_brand":[],"product_cat":[3730,3726],"product_tag":[3756],"class_list":{"0":"post-333837","1":"product","2":"type-product","3":"status-publish","4":"has-post-thumbnail","6":"pwb-brand-spyderco-es","7":"product_cat-cuchillas-de-cierre","8":"product_cat-cuchillos","9":"product_tag-b2b-es","11":"first","12":"instock","13":"taxable","14":"shipping-taxable","15":"purchasable","16":"product-type-simple"},"brands":[{"id":3771,"name":"spyderco","slug":"spyderco-es"}],"_links":{"self":[{"href":"https:\/\/www.moskito.cz\/es\/wp-json\/wp\/v2\/product\/333837","targetHints":{"allow":["GET"]}}],"collection":[{"href":"https:\/\/www.moskito.cz\/es\/wp-json\/wp\/v2\/product"}],"about":[{"href":"https:\/\/www.moskito.cz\/es\/wp-json\/wp\/v2\/types\/product"}],"replies":[{"embeddable":true,"href":"https:\/\/www.moskito.cz\/es\/wp-json\/wp\/v2\/comments?post=333837"}],"wp:featuredmedia":[{"embeddable":true,"href":"https:\/\/www.moskito.cz\/es\/wp-json\/wp\/v2\/media\/333838"}],"wp:attachment":[{"href":"https:\/\/www.moskito.cz\/es\/wp-json\/wp\/v2\/media?parent=333837"}],"wp:term":[{"taxonomy":"pwb-brand","embeddable":true,"href":"https:\/\/www.moskito.cz\/es\/wp-json\/wp\/v2\/pwb-brand?post=333837"},{"taxonomy":"product_brand","embeddable":true,"href":"https:\/\/www.moskito.cz\/es\/wp-json\/wp\/v2\/product_brand?post=333837"},{"taxonomy":"product_cat","embeddable":true,"href":"https:\/\/www.moskito.cz\/es\/wp-json\/wp\/v2\/product_cat?post=333837"},{"taxonomy":"product_tag","embeddable":true,"href":"https:\/\/www.moskito.cz\/es\/wp-json\/wp\/v2\/product_tag?post=333837"}],"curies":[{"name":"wp","href":"https:\/\/api.w.org\/{rel}","templated":true}]}}