{"id":333865,"date":"2023-01-10T21:15:06","date_gmt":"2024-04-17T08:09:16","guid":{"rendered":"https:\/\/www.moskito.cz\/produkt\/crkt-chogan-martillo-2724-hacha\/"},"modified":"2025-05-07T11:11:40","modified_gmt":"2025-05-07T10:11:40","slug":"crkt-chogan-martillo-2724-hacha","status":"publish","type":"product","link":"https:\/\/www.moskito.cz\/es\/produkt\/crkt-chogan-martillo-2724-hacha\/","title":{"rendered":"CRKT CHOGAN\u2122 MARTILLO 2724 hacha"},"content":{"rendered":"<p><strong>CRKT<\/strong> CHOGAN\u2122 MARTILLO 2724 hacha<\/p>\n<p>Mitad martillo, mitad hacha.<\/p>\n<p>Totalmente construido para soportar cualquier tarea. Dise\u00f1ado por Ryan Johnson de RMJ Tactical, Hammer Chogan\u2122 divide el trabajo de montar el campamento en dos. Tanto pr\u00e1ctico como t\u00e1ctico, este combo de hacha y martillo cortar\u00e1 toda la le\u00f1a que necesites y clavar\u00e1 las estacas de tu tienda profundamente en el suelo sin esfuerzo. Transporte multiusos, tiene mucho sentido en cualquier bolsa de aventuras.<br \/>\nDureza forjada: el acero al carbono 1055 proporciona durabilidad y retenci\u00f3n de bordes.<br \/>\nProtecci\u00f3n mejorada: el recubrimiento de fosfato de manganeso mejora la resistencia a la corrosi\u00f3n<br \/>\nDurable: el nogal Tennessee es un material denso que puede soportar un uso intenso.<br \/>\nHerramienta multiusos: parta madera o martille las estacas de la tienda con facilidad<br \/>\nESPECIFICACIONES<br \/>\nLongitud de la hoja 2,60&#8243; (66,04 mm)<br \/>\nHoja de hacha con martillo<br \/>\nHoja de acero 1055 acero al carbono.<br \/>\nTratamiento superficial de la pala Recubrimiento a base de fosfato de manganeso<br \/>\nGrosor de la hoja 1,47&#8243; (37,21 mm)<br \/>\nLongitud total 17,88&#8243; (454,03 mm)<br \/>\nPeso 0,81 kg (1,78 libras)<br \/>\nMango de nogal Tennessee<br \/>\nestilo hacha<\/p>\n<p><iframe title=\"CRKT CHOGAN\u2122 HAMMER | Ryan Johnson of RMJ Tactical Design\" width=\"800\" height=\"450\" src=\"https:\/\/www.youtube.com\/embed\/8xo9LgWYahI?feature=oembed\" frameborder=\"0\" allow=\"accelerometer; autoplay; clipboard-write; encrypted-media; gyroscope; picture-in-picture; web-share\" referrerpolicy=\"strict-origin-when-cross-origin\" allowfullscreen><\/iframe><\/p>\n<p>&nbsp;<\/p>\n","protected":false},"excerpt":{"rendered":"<p>Dise\u00f1ado por Ryan Johnson de RMJ Tactical en Chattanooga, Tennessee.<\/p>\n","protected":false},"featured_media":333866,"comment_status":"open","ping_status":"closed","template":"","meta":[],"pwb-brand":[3765],"product_brand":[],"product_cat":[3732],"product_tag":[3756],"class_list":{"0":"post-333865","1":"product","2":"type-product","3":"status-publish","4":"has-post-thumbnail","6":"pwb-brand-crkt-es","7":"product_cat-ejes","8":"product_tag-b2b-es","10":"first","11":"instock","12":"taxable","13":"shipping-taxable","14":"purchasable","15":"product-type-simple"},"brands":[{"id":3765,"name":"CRKT","slug":"crkt-es"}],"_links":{"self":[{"href":"https:\/\/www.moskito.cz\/es\/wp-json\/wp\/v2\/product\/333865","targetHints":{"allow":["GET"]}}],"collection":[{"href":"https:\/\/www.moskito.cz\/es\/wp-json\/wp\/v2\/product"}],"about":[{"href":"https:\/\/www.moskito.cz\/es\/wp-json\/wp\/v2\/types\/product"}],"replies":[{"embeddable":true,"href":"https:\/\/www.moskito.cz\/es\/wp-json\/wp\/v2\/comments?post=333865"}],"wp:featuredmedia":[{"embeddable":true,"href":"https:\/\/www.moskito.cz\/es\/wp-json\/wp\/v2\/media\/333866"}],"wp:attachment":[{"href":"https:\/\/www.moskito.cz\/es\/wp-json\/wp\/v2\/media?parent=333865"}],"wp:term":[{"taxonomy":"pwb-brand","embeddable":true,"href":"https:\/\/www.moskito.cz\/es\/wp-json\/wp\/v2\/pwb-brand?post=333865"},{"taxonomy":"product_brand","embeddable":true,"href":"https:\/\/www.moskito.cz\/es\/wp-json\/wp\/v2\/product_brand?post=333865"},{"taxonomy":"product_cat","embeddable":true,"href":"https:\/\/www.moskito.cz\/es\/wp-json\/wp\/v2\/product_cat?post=333865"},{"taxonomy":"product_tag","embeddable":true,"href":"https:\/\/www.moskito.cz\/es\/wp-json\/wp\/v2\/product_tag?post=333865"}],"curies":[{"name":"wp","href":"https:\/\/api.w.org\/{rel}","templated":true}]}}