{"id":333897,"date":"2023-10-26T18:29:13","date_gmt":"2024-04-17T09:35:16","guid":{"rendered":"https:\/\/www.moskito.cz\/produkt\/cuchillo-de-cierre-kershaw-frontrunner-2039\/"},"modified":"2025-05-07T11:11:41","modified_gmt":"2025-05-07T10:11:41","slug":"cuchillo-de-cierre-kershaw-frontrunner-2039","status":"publish","type":"product","link":"https:\/\/www.moskito.cz\/es\/produkt\/cuchillo-de-cierre-kershaw-frontrunner-2039\/","title":{"rendered":"Cuchillo de cierre Kershaw FRONTRUNNER 2039"},"content":{"rendered":"<p>Cuchillo de cierre <strong>Kershaw<\/strong> FRONTRUNNER 2039<\/p>\n<p><strong>El Frontrunner<\/strong> lidera <strong>la l\u00ednea Kershaw<\/strong> con un dise\u00f1o elegante y n\u00edtido. La navaja manual, inspirada en la ZT 0999, tiene un mango complejo. Varios componentes del mango est\u00e1n unidos entre s\u00ed, incluidos acero inoxidable y piezas mecanizadas G10. Un collar giratorio G10 personalizado se destaca en el mango delantero y la superposici\u00f3n del mango trasero sirve como freno antivuelco. Parte del atractivo es lo que no puedes ver. El espacio negativo juega un papel vital a la hora de mejorar la apariencia del mango. Pero Frontrunner es mucho m\u00e1s que una simple obra de arte. La hoja Clip Point utiliza acero D2 de alto rendimiento y se abre como mantequilla con arandelas de rodamiento de bolas KVT. No te quedes atr\u00e1s. Consigue el imperdible <strong>Frontrunner<\/strong> .<\/p>\n<p>Inspirado en 0999; dise\u00f1o de mango \u00fanico e intrincado<br \/>\nEl acero de hoja D2 ofrece retenci\u00f3n de bordes, resistencia y dureza; La hoja de PVD gris y lavada a la piedra ofrece una apariencia \u00fanica y cubre rayones.<br \/>\nF\u00e1cil de abrir con sistema de rodamiento de bolas KVT y aleta.<br \/>\nClip de bolsillo extra profundo de una sola posici\u00f3n; el espacio para un tubo act\u00faa como pasador para la cuerda.<\/p>\n<p>Navaja de bolsillo con estilo<br \/>\nDise\u00f1ador Kershaw Originales<br \/>\nPunto de clip estilo hoja<br \/>\nBorde de la hoja liso<br \/>\nApertura manual de rodamientos de bolas KVT<br \/>\nTipo de bloqueo Bloqueo del marco<br \/>\nClip de bolsillo Transporte extra profundo en una posici\u00f3n (derecha, plegable)<br \/>\nColor del tirador gris y bronce.<br \/>\nHardware Tornillos de mango de \u00f3xido negro, hebilla de clip de bolsillo de PVD gris, tornillos de clip de bolsillo Shot Blast<br \/>\nPa\u00eds de Origen USA: Dise\u00f1o, Prototipo, Control de Calidad.<\/p>\n<p>Longitud de la hoja: 7,4 cm<br \/>\nMaterial de la hoja D2<br \/>\nAcabado de la hoja\/funda Acabado Stonewash<br \/>\nGrosor de la hoja 0,31 cm.<br \/>\nLargo cerrado: 10,9 cm<br \/>\nMaterial del mango Acero inoxidable, G10<br \/>\nAcabado de manija\/cubierta Recubrimiento de PVD gris y bronce piedra PVD<br \/>\nGrosor del mango: 1,3 cm.<br \/>\nLongitud total: 18,3 cm.<br \/>\nPeso: 116 gramos<\/p>\n<p>&nbsp;<\/p>\n<p>&nbsp;<\/p>\n<p>&nbsp;<\/p>\n<p><iframe title=\"Kershaw Frontrunner - Model 2039\" width=\"800\" height=\"450\" src=\"https:\/\/www.youtube.com\/embed\/gG2Trlh7T88?feature=oembed\" frameborder=\"0\" allow=\"accelerometer; autoplay; clipboard-write; encrypted-media; gyroscope; picture-in-picture; web-share\" referrerpolicy=\"strict-origin-when-cross-origin\" allowfullscreen><\/iframe><\/p>\n<p>&nbsp;<\/p>\n","protected":false},"excerpt":{"rendered":"<p><strong>El Frontrunner lidera la l\u00ednea Kershaw con un dise\u00f1o elegante y n\u00edtido.<\/strong><\/p>\n","protected":false},"featured_media":333898,"comment_status":"open","ping_status":"closed","template":"","meta":[],"pwb-brand":[3777],"product_brand":[],"product_cat":[3730,3726],"product_tag":[],"class_list":{"0":"post-333897","1":"product","2":"type-product","3":"status-publish","4":"has-post-thumbnail","6":"pwb-brand-kershaw-es","7":"product_cat-cuchillas-de-cierre","8":"product_cat-cuchillos","10":"first","11":"instock","12":"taxable","13":"shipping-taxable","14":"purchasable","15":"product-type-simple"},"brands":[{"id":3777,"name":"Kershaw","slug":"kershaw-es"}],"_links":{"self":[{"href":"https:\/\/www.moskito.cz\/es\/wp-json\/wp\/v2\/product\/333897","targetHints":{"allow":["GET"]}}],"collection":[{"href":"https:\/\/www.moskito.cz\/es\/wp-json\/wp\/v2\/product"}],"about":[{"href":"https:\/\/www.moskito.cz\/es\/wp-json\/wp\/v2\/types\/product"}],"replies":[{"embeddable":true,"href":"https:\/\/www.moskito.cz\/es\/wp-json\/wp\/v2\/comments?post=333897"}],"wp:featuredmedia":[{"embeddable":true,"href":"https:\/\/www.moskito.cz\/es\/wp-json\/wp\/v2\/media\/333898"}],"wp:attachment":[{"href":"https:\/\/www.moskito.cz\/es\/wp-json\/wp\/v2\/media?parent=333897"}],"wp:term":[{"taxonomy":"pwb-brand","embeddable":true,"href":"https:\/\/www.moskito.cz\/es\/wp-json\/wp\/v2\/pwb-brand?post=333897"},{"taxonomy":"product_brand","embeddable":true,"href":"https:\/\/www.moskito.cz\/es\/wp-json\/wp\/v2\/product_brand?post=333897"},{"taxonomy":"product_cat","embeddable":true,"href":"https:\/\/www.moskito.cz\/es\/wp-json\/wp\/v2\/product_cat?post=333897"},{"taxonomy":"product_tag","embeddable":true,"href":"https:\/\/www.moskito.cz\/es\/wp-json\/wp\/v2\/product_tag?post=333897"}],"curies":[{"name":"wp","href":"https:\/\/api.w.org\/{rel}","templated":true}]}}