{"id":333906,"date":"2022-04-22T20:59:20","date_gmt":"2024-04-17T11:52:36","guid":{"rendered":"https:\/\/www.moskito.cz\/produkt\/cuchillo-cerrador-extrema-ratio-bf1-cd-negro\/"},"modified":"2025-05-07T11:11:41","modified_gmt":"2025-05-07T10:11:41","slug":"cuchillo-cerrador-extrema-ratio-bf1-cd-negro","status":"publish","type":"product","link":"https:\/\/www.moskito.cz\/es\/produkt\/cuchillo-cerrador-extrema-ratio-bf1-cd-negro\/","title":{"rendered":"Cuchillo Cerrador Extrema Ratio BF1 CD NEGRO"},"content":{"rendered":"<p>Cuchillo Cerrador <strong>Extrema Ratio<\/strong> BF1 CD NEGRO.<\/p>\n<p>BF1 se puede cerrar con llave para un uso diario, sencillo, esencial y funcional. La hoja, totalmente pulida, tiene un borde plano y la punta es especialmente resistente y duradera. El mango, tambi\u00e9n pulido, tiene las caracter\u00edsticas superficies reducidas para engancharse con los \u00abpasadores\u00bb de apertura sin sobresalir del perfil del cuchillo cerrado. El clip de doble cara se encuentra detr\u00e1s de la hoja y se envuelve alrededor de la hoja del cuchillo para que quede completamente oculto cuando se guarda en el bolsillo. El mecanismo de bloqueo de la hoja es el probado LINER-LOCK. Disponible en versiones: BF1 CT BLACK, BF1 CT BLACK RUVIDO, BF1 CT DESERT WARFARE, BF1 CD BLACK, BF1 CD BLACK RUVIDO, BF1 CD DESERT WARFARE.<\/p>\n<p>PESO G.: 88<br \/>\nPESO DE OZ.: 3.1<br \/>\nLONGITUD DE LA HOJA (MM): 69<br \/>\nLONGITUD DE LA HOJA (PULG): 2,7<br \/>\nLONGITUD TOTAL (MM): 171<br \/>\nLONGITUD TOTAL (H): 6,7<br \/>\nGROSOR DE LA HOJA (MM): 3<br \/>\nGROSOR DE LA HOJA (PULG): 0,12<br \/>\nMATERIAL DE LA HOJA: ACERO B\u00d6HLER N690 (58HRC)<br \/>\nACABADO DEL CUCHILLO: BRULIDO MIL-C-13924<br \/>\nFLECHA DE HOJA: ALAMBRE PLANO<br \/>\nMATERIAL MANGO: ALUMINIO ANODIZADO ANTICORRODAL<\/p>\n","protected":false},"excerpt":{"rendered":"<p>Con sede en Prato, Italia , Extrema Ratio ha estado dise\u00f1ando y fabricando cuchillos t\u00e1cticos, militares, de cocina, de cocina y de combate de alto rendimiento desde 1997 y tiene una reputaci\u00f3n de calidad superior insuperable en la industria de cuchillos militares y t\u00e1cticos. Transporte gratuito.<\/p>\n","protected":false},"featured_media":396491,"comment_status":"open","ping_status":"closed","template":"","meta":[],"pwb-brand":[3766],"product_brand":[],"product_cat":[3730,3726],"product_tag":[3756],"class_list":{"0":"post-333906","1":"product","2":"type-product","3":"status-publish","4":"has-post-thumbnail","6":"pwb-brand-relacion-extrema","7":"product_cat-cuchillas-de-cierre","8":"product_cat-cuchillos","9":"product_tag-b2b-es","11":"first","12":"instock","13":"taxable","14":"shipping-taxable","15":"purchasable","16":"product-type-simple"},"brands":[{"id":3766,"name":"Relaci\u00f3n extrema","slug":"relacion-extrema"}],"_links":{"self":[{"href":"https:\/\/www.moskito.cz\/es\/wp-json\/wp\/v2\/product\/333906","targetHints":{"allow":["GET"]}}],"collection":[{"href":"https:\/\/www.moskito.cz\/es\/wp-json\/wp\/v2\/product"}],"about":[{"href":"https:\/\/www.moskito.cz\/es\/wp-json\/wp\/v2\/types\/product"}],"replies":[{"embeddable":true,"href":"https:\/\/www.moskito.cz\/es\/wp-json\/wp\/v2\/comments?post=333906"}],"wp:featuredmedia":[{"embeddable":true,"href":"https:\/\/www.moskito.cz\/es\/wp-json\/wp\/v2\/media\/396491"}],"wp:attachment":[{"href":"https:\/\/www.moskito.cz\/es\/wp-json\/wp\/v2\/media?parent=333906"}],"wp:term":[{"taxonomy":"pwb-brand","embeddable":true,"href":"https:\/\/www.moskito.cz\/es\/wp-json\/wp\/v2\/pwb-brand?post=333906"},{"taxonomy":"product_brand","embeddable":true,"href":"https:\/\/www.moskito.cz\/es\/wp-json\/wp\/v2\/product_brand?post=333906"},{"taxonomy":"product_cat","embeddable":true,"href":"https:\/\/www.moskito.cz\/es\/wp-json\/wp\/v2\/product_cat?post=333906"},{"taxonomy":"product_tag","embeddable":true,"href":"https:\/\/www.moskito.cz\/es\/wp-json\/wp\/v2\/product_tag?post=333906"}],"curies":[{"name":"wp","href":"https:\/\/api.w.org\/{rel}","templated":true}]}}