{"id":333936,"date":"2021-05-09T20:33:50","date_gmt":"2021-05-09T19:33:50","guid":{"rendered":"https:\/\/www.moskito.cz\/produkt\/cuchillo-cierre-extrema-ratio-resolza-10-lavado-a-la-piedra\/"},"modified":"2026-03-02T13:59:31","modified_gmt":"2026-03-02T12:59:31","slug":"cuchillo-cierre-extrema-ratio-resolza-10-lavado-a-la-piedra","status":"publish","type":"product","link":"https:\/\/www.moskito.cz\/es\/produkt\/cuchillo-cierre-extrema-ratio-resolza-10-lavado-a-la-piedra\/","title":{"rendered":"Cuchillo Cierre Extrema Ratio RESOLZA 10 LAVADO A LA PIEDRA"},"content":{"rendered":"<p>Cuchillo Cierre <strong>Extrema Ratio<\/strong> RESOLZA 10 LAVADO A LA PIEDRA.<\/p>\n<p><strong>RESOLZA<\/strong> es un nombre antiguo que recuerda a la palabra italiana que significa navaja. La centenaria \u00abresolza\u00bb sarda, uno de los cuchillos tradicionales m\u00e1s famosos de nuestro pa\u00eds, sigue siendo un compa\u00f1ero constante de los agricultores y pastores de la isla en su trabajo diario. Los sigui\u00f3 incluso cuando fueron llamados a la guerra: las cr\u00f3nicas de la Brigada Sassari durante la Primera Guerra Mundial mencionan un cuchillo como parte del equipamiento de los soldados. Nuestro intento de reevaluar este dise\u00f1o tradicional seg\u00fan nuestros propios est\u00e1ndares pretende ser un homenaje, sin descuidar a los artesanos sardos que todav\u00eda practican las antiguas formas de fabricar cuchillos y mantienen vivos a los antepasados. Esta RESOLZA conserva las dimensiones y proporciones originales con una hoja de 3,9\u201d, pero est\u00e1 fabricada con los materiales y tecnolog\u00edas habituales de alta gama de Extrema Ratio. El mango ha sido redise\u00f1ado, mientras que la hoja sigue m\u00e1s fielmente la forma tradicional. Como mejora de la tradici\u00f3n, agregamos un mecanismo de bloqueo de la hoja. Versiones disponibles: RESOLZA 10 NEGRO, RESOLZA 10 LAVADO PIEDRA.<br \/>\nFICHA T\u00c9CNICA<br \/>\nPeso en oz.: 2,29<br \/>\nLongitud de la hoja (mm): 100<br \/>\nLongitud de la hoja (en pulgadas): 3,93<br \/>\nLongitud total (mm): 220<br \/>\nLongitud total (en pulgadas): 8,66<br \/>\nGrosor de la hoja (mm): 3<br \/>\nGrosor de la hoja (en pulgadas): 0,11<br \/>\nMaterial de la hoja: ACERO B\u00f6HLER N690 (58HRC)<br \/>\nAcabado de la hoja: RECUBIERTO DE PIEDRA<br \/>\nRejilla principal: PLANA<br \/>\nMaterial del mango: ALUMINIO ANODIZADO ANTICORODAL<\/p>\n","protected":false},"excerpt":{"rendered":"<p>Con sede en Prato, Italia <strong>, Extrema Ratio<\/strong> ha estado dise\u00f1ando y fabricando cuchillos t\u00e1cticos, militares, de cocina, de cocina y de combate de alto rendimiento desde 1997 y tiene una reputaci\u00f3n de calidad superior insuperable en la industria de cuchillos militares y t\u00e1cticos. <strong>Transporte gratuito.<\/strong><\/p>\n","protected":false},"featured_media":333937,"comment_status":"open","ping_status":"closed","template":"","meta":[],"pwb-brand":[3766],"product_brand":[],"product_cat":[3730,3726],"product_tag":[3756],"class_list":{"0":"post-333936","1":"product","2":"type-product","3":"status-publish","4":"has-post-thumbnail","6":"pwb-brand-relacion-extrema","7":"product_cat-cuchillas-de-cierre","8":"product_cat-cuchillos","9":"product_tag-b2b-es","11":"first","12":"outofstock","13":"taxable","14":"shipping-taxable","15":"purchasable","16":"product-type-simple"},"brands":[{"id":3766,"name":"Relaci\u00f3n extrema","slug":"relacion-extrema"}],"_links":{"self":[{"href":"https:\/\/www.moskito.cz\/es\/wp-json\/wp\/v2\/product\/333936","targetHints":{"allow":["GET"]}}],"collection":[{"href":"https:\/\/www.moskito.cz\/es\/wp-json\/wp\/v2\/product"}],"about":[{"href":"https:\/\/www.moskito.cz\/es\/wp-json\/wp\/v2\/types\/product"}],"replies":[{"embeddable":true,"href":"https:\/\/www.moskito.cz\/es\/wp-json\/wp\/v2\/comments?post=333936"}],"wp:featuredmedia":[{"embeddable":true,"href":"https:\/\/www.moskito.cz\/es\/wp-json\/wp\/v2\/media\/333937"}],"wp:attachment":[{"href":"https:\/\/www.moskito.cz\/es\/wp-json\/wp\/v2\/media?parent=333936"}],"wp:term":[{"taxonomy":"pwb-brand","embeddable":true,"href":"https:\/\/www.moskito.cz\/es\/wp-json\/wp\/v2\/pwb-brand?post=333936"},{"taxonomy":"product_brand","embeddable":true,"href":"https:\/\/www.moskito.cz\/es\/wp-json\/wp\/v2\/product_brand?post=333936"},{"taxonomy":"product_cat","embeddable":true,"href":"https:\/\/www.moskito.cz\/es\/wp-json\/wp\/v2\/product_cat?post=333936"},{"taxonomy":"product_tag","embeddable":true,"href":"https:\/\/www.moskito.cz\/es\/wp-json\/wp\/v2\/product_tag?post=333936"}],"curies":[{"name":"wp","href":"https:\/\/api.w.org\/{rel}","templated":true}]}}