{"id":333976,"date":"2022-11-17T15:24:29","date_gmt":"2024-04-17T12:15:07","guid":{"rendered":"https:\/\/www.moskito.cz\/produkt\/cuchillo-fijo-extrema-ratio-nk2-black\/"},"modified":"2025-05-07T11:11:47","modified_gmt":"2025-05-07T10:11:47","slug":"cuchillo-fijo-extrema-ratio-nk2-black","status":"publish","type":"product","link":"https:\/\/www.moskito.cz\/es\/produkt\/cuchillo-fijo-extrema-ratio-nk2-black\/","title":{"rendered":"Cuchillo Fijo Extrema Ratio NK2 BLACK"},"content":{"rendered":"<p>Cuchillo Fijo <strong>Extrema Ratio<\/strong> NK2 NEGRO.<\/p>\n<p>El NK2 es un cuchillo reducido que ampl\u00eda la familia de cuchillos para el cuello con Extrema Ratio. Las principales diferencias con respecto al predecesor NK1 son la hoja tanto y el orificio para el drenaje de sangre. El dise\u00f1o del mango evita lesiones accidentales al dibujar. La ranura en la parte posterior de la hoja es adecuada para el dedo \u00edndice o pulgar del usuario, seg\u00fan el estilo de operaci\u00f3n. Su dise\u00f1o general hace que el NK2 sea capaz de atacar, mediante golpes cortantes altamente efectivos, y \u00fatil para trabajos de precisi\u00f3n. La funda Kydex de liberaci\u00f3n r\u00e1pida incluida viene con una correa de paracord para usar en el cuello. Tambi\u00e9n se puede conectar mediante el sistema MOLLE a chalecos t\u00e1cticos o a cualquiera de las fundas de cordura compatibles de Extrema Ratio. Disponibles pero no incluidos: BELT-CLIP (para sujetar la funda al cintur\u00f3n), pol\u00edmero DEBAJO DE LA CAMISA (para llevar oculto).<\/p>\n<p>PESO G: 69<br \/>\nLONGITUD DE LA HOJA (MM): 50<br \/>\nLONGITUD TOTAL (MM): 128<br \/>\nGROSOR DE LA HOJA (MM): 6,3<br \/>\nMATERIAL DE LA HOJA: ACERO B\u00d6HLER N690 (58HRC)<br \/>\nACABADO DE LA HOJA: NEGRO<br \/>\nREJILLA PRINCIPAL: PLANA<br \/>\nMATERIAL MANGO: ACERO B\u00d6HLER N690 (58HRC)<\/p>\n","protected":false},"excerpt":{"rendered":"<p>Con sede en Prato, Italia <strong>, Extrema Ratio<\/strong> ha estado dise\u00f1ando y fabricando cuchillos t\u00e1cticos, militares, de cocina, de cocina y de combate de alto rendimiento desde 1997 y tiene una reputaci\u00f3n de calidad superior insuperable en la industria de cuchillos militares y t\u00e1cticos. <strong>Transporte gratuito.<\/strong><\/p>\n","protected":false},"featured_media":333977,"comment_status":"open","ping_status":"closed","template":"","meta":[],"pwb-brand":[3766],"product_brand":[],"product_cat":[3726,3727],"product_tag":[3756],"class_list":{"0":"post-333976","1":"product","2":"type-product","3":"status-publish","4":"has-post-thumbnail","6":"pwb-brand-relacion-extrema","7":"product_cat-cuchillos","8":"product_cat-cuchillos-macizos","9":"product_tag-b2b-es","11":"first","12":"instock","13":"taxable","14":"shipping-taxable","15":"purchasable","16":"product-type-simple"},"brands":[{"id":3766,"name":"Relaci\u00f3n extrema","slug":"relacion-extrema"}],"_links":{"self":[{"href":"https:\/\/www.moskito.cz\/es\/wp-json\/wp\/v2\/product\/333976","targetHints":{"allow":["GET"]}}],"collection":[{"href":"https:\/\/www.moskito.cz\/es\/wp-json\/wp\/v2\/product"}],"about":[{"href":"https:\/\/www.moskito.cz\/es\/wp-json\/wp\/v2\/types\/product"}],"replies":[{"embeddable":true,"href":"https:\/\/www.moskito.cz\/es\/wp-json\/wp\/v2\/comments?post=333976"}],"wp:featuredmedia":[{"embeddable":true,"href":"https:\/\/www.moskito.cz\/es\/wp-json\/wp\/v2\/media\/333977"}],"wp:attachment":[{"href":"https:\/\/www.moskito.cz\/es\/wp-json\/wp\/v2\/media?parent=333976"}],"wp:term":[{"taxonomy":"pwb-brand","embeddable":true,"href":"https:\/\/www.moskito.cz\/es\/wp-json\/wp\/v2\/pwb-brand?post=333976"},{"taxonomy":"product_brand","embeddable":true,"href":"https:\/\/www.moskito.cz\/es\/wp-json\/wp\/v2\/product_brand?post=333976"},{"taxonomy":"product_cat","embeddable":true,"href":"https:\/\/www.moskito.cz\/es\/wp-json\/wp\/v2\/product_cat?post=333976"},{"taxonomy":"product_tag","embeddable":true,"href":"https:\/\/www.moskito.cz\/es\/wp-json\/wp\/v2\/product_tag?post=333976"}],"curies":[{"name":"wp","href":"https:\/\/api.w.org\/{rel}","templated":true}]}}