{"id":334043,"date":"2021-08-19T21:45:15","date_gmt":"2021-08-19T20:45:15","guid":{"rendered":"https:\/\/www.moskito.cz\/produkt\/cuchillo-cierre-extrema-ratio-bf2-helmsman\/"},"modified":"2025-05-07T11:11:48","modified_gmt":"2025-05-07T10:11:48","slug":"cuchillo-cierre-extrema-ratio-bf2-helmsman","status":"publish","type":"product","link":"https:\/\/www.moskito.cz\/es\/produkt\/cuchillo-cierre-extrema-ratio-bf2-helmsman\/","title":{"rendered":"Cuchillo Cierre Extrema Ratio BF2 HELMSMAN"},"content":{"rendered":"<p>Cuchillo de Cierre <strong>Extrema Ratio<\/strong> BF2 HELMSMAN.<\/p>\n<p>El Helmsman es un cuchillo dise\u00f1ado y perfeccionado en cada detalle para su uso principal en un entorno marino y representa la evoluci\u00f3n del modelo BF2 V introducido en el buque escuela Amerigo Vespucci en 2013 y dedicado al barco m\u00e1s bello del mundo.<\/p>\n<p>La hoja, extendida hasta 87 mm, tiene dentados en la base, mientras que la punta tiene un borde plano que permite un corte sim\u00e9trico con un soporte m\u00e1s amplio, mientras que el proceso final de lavado a la piedra protege m\u00e1s contra la corrosi\u00f3n en el ambiente marino.<br \/>\nDATOS<br \/>\nPeso g.: 143<br \/>\nPeso onzas: 5.04<br \/>\nLongitud de la hoja (mm): 87<br \/>\nLongitud de la hoja (pulgadas): 3,42<br \/>\nLongitud total (mm): 210<br \/>\nLongitud total (pulgadas): 8,26<br \/>\nGrosor de la hoja (mm): 3<br \/>\nGrosor de la hoja (pulgadas): 0,12<br \/>\nMaterial de la hoja: ACERO B\u00f6HLER N690 (58HRC)<br \/>\nTratamiento superficial de la pala: PIEDRAS LAVADAS<br \/>\nRedondeo de la hoja: ALAMBRE PLANO<br \/>\nDientes parciales (pulgadas): 1,57<br \/>\nDientes parciales (mm): 40<br \/>\nMaterial mango: ALUMINIO ANODIZADO ANTICORRODAL<\/p>\n","protected":false},"excerpt":{"rendered":"<p>Con sede en Prato, Italia <strong>, Extrema Ratio<\/strong> ha estado dise\u00f1ando y fabricando cuchillos t\u00e1cticos, militares, de cocina, de cocina y de combate de alto rendimiento desde 1997 y tiene una reputaci\u00f3n de calidad superior insuperable en la industria de cuchillos militares y t\u00e1cticos. <strong>Transporte gratuito.<\/strong><\/p>\n","protected":false},"featured_media":431777,"comment_status":"open","ping_status":"closed","template":"","meta":[],"pwb-brand":[3766],"product_brand":[],"product_cat":[3730,3726],"product_tag":[3756],"class_list":{"0":"post-334043","1":"product","2":"type-product","3":"status-publish","4":"has-post-thumbnail","6":"pwb-brand-relacion-extrema","7":"product_cat-cuchillas-de-cierre","8":"product_cat-cuchillos","9":"product_tag-b2b-es","11":"first","12":"instock","13":"taxable","14":"shipping-taxable","15":"purchasable","16":"product-type-simple"},"brands":[{"id":3766,"name":"Relaci\u00f3n extrema","slug":"relacion-extrema"}],"_links":{"self":[{"href":"https:\/\/www.moskito.cz\/es\/wp-json\/wp\/v2\/product\/334043","targetHints":{"allow":["GET"]}}],"collection":[{"href":"https:\/\/www.moskito.cz\/es\/wp-json\/wp\/v2\/product"}],"about":[{"href":"https:\/\/www.moskito.cz\/es\/wp-json\/wp\/v2\/types\/product"}],"replies":[{"embeddable":true,"href":"https:\/\/www.moskito.cz\/es\/wp-json\/wp\/v2\/comments?post=334043"}],"wp:featuredmedia":[{"embeddable":true,"href":"https:\/\/www.moskito.cz\/es\/wp-json\/wp\/v2\/media\/431777"}],"wp:attachment":[{"href":"https:\/\/www.moskito.cz\/es\/wp-json\/wp\/v2\/media?parent=334043"}],"wp:term":[{"taxonomy":"pwb-brand","embeddable":true,"href":"https:\/\/www.moskito.cz\/es\/wp-json\/wp\/v2\/pwb-brand?post=334043"},{"taxonomy":"product_brand","embeddable":true,"href":"https:\/\/www.moskito.cz\/es\/wp-json\/wp\/v2\/product_brand?post=334043"},{"taxonomy":"product_cat","embeddable":true,"href":"https:\/\/www.moskito.cz\/es\/wp-json\/wp\/v2\/product_cat?post=334043"},{"taxonomy":"product_tag","embeddable":true,"href":"https:\/\/www.moskito.cz\/es\/wp-json\/wp\/v2\/product_tag?post=334043"}],"curies":[{"name":"wp","href":"https:\/\/api.w.org\/{rel}","templated":true}]}}